{"id":16420,"date":"2022-06-02T12:03:57","date_gmt":"2022-06-02T10:03:57","guid":{"rendered":"https:\/\/arekson.com\/producto\/cinplast-16-u-film-avec-ruban-de-18-mm\/"},"modified":"2023-01-03T15:48:51","modified_gmt":"2023-01-03T14:48:51","slug":"cinplast-16-u-film-pour-masquage-avec-ruban","status":"publish","type":"product","link":"https:\/\/arekson.com\/fr\/producto\/cinplast-16-u-film-pour-masquage-avec-ruban\/","title":{"rendered":"<strong><span class=\"nom-corto\">CINPLAST <\/span><\/strong><br><span class=\"nom-largo\">Film pour masquage avec ruban<\/span>"},"content":{"rendered":"","protected":false},"excerpt":{"rendered":"<p>Film plastique avec ruban adh\u00e9sif de 18 mm pour la protection de surfaces durant les processus de peinture. Avec charge \u00e9lectrostatique qui capture la pulv\u00e9risation. Application manuelle. Diff\u00e9rentes mesures.<\/p>\n","protected":false},"featured_media":24906,"template":"","meta":{"_et_pb_use_builder":"","_et_pb_old_content":"","_et_gb_content_width":""},"product_brand":[],"product_cat":[367,986,980,363],"product_tag":[],"class_list":{"0":"post-16420","1":"product","2":"type-product","3":"status-publish","4":"has-post-thumbnail","6":"product_cat-auxiliaires-csp","7":"product_cat-couverture-dinterieurs-csp","8":"product_cat-couverture-et-masquage-csp","9":"product_cat-csp-fr","10":"pa_ok-csp-fr-ref-950490n-transparent-boite-35-cm-x-24-yds-45-unites","11":"pa_ok-csp-fr-ref-950491n-transparent-boite-60-cm-x-24-yds-40-unites","12":"pa_ok-csp-fr-ref-950492n-transparent-boite-90-cm-x-24-yds-30-unites","13":"pa_ok-csp-fr-ref-950493n-transparent-boite-120-cm-x-24-yds-20-unites","14":"pa_ok-csp-fr-ref-950494n-transparent-boite-180-cm-x-24-yds-20-unites","15":"pa_ok-csp-fr-ref-950495n-transparent-boite-240-cm-x-24-yds-16-unites","16":"pa_ok-csp-fr-ref-950496n-transparent-boite-360-cm-x-24-yds-16-unites","18":"first","19":"instock","20":"purchasable","21":"product-type-variable"},"yoast_head":"<!-- This site is optimized with the Yoast SEO plugin v27.2 - https:\/\/yoast.com\/product\/yoast-seo-wordpress\/ -->\n<title>CSP CINPLAST Film pour masquage avec ruban<\/title>\n<meta name=\"description\" content=\"CINPLAST 16 u. Plastic with tape COUVERTURE D\u2019INT\u00c9RIEURS REF: 950496 CSP\" \/>\n<meta name=\"robots\" content=\"index, follow, max-snippet:-1, max-image-preview:large, max-video-preview:-1\" \/>\n<link rel=\"canonical\" href=\"https:\/\/arekson.com\/fr\/producto\/cinplast-16-u-film-pour-masquage-avec-ruban\/\" \/>\n<meta property=\"og:locale\" content=\"fr_FR\" \/>\n<meta property=\"og:type\" content=\"article\" \/>\n<meta property=\"og:title\" content=\"CSP CINPLAST Film pour masquage avec ruban\" \/>\n<meta property=\"og:description\" content=\"CINPLAST 16 u. Plastic with tape COUVERTURE D\u2019INT\u00c9RIEURS REF: 950496 CSP\" \/>\n<meta property=\"og:url\" content=\"https:\/\/arekson.com\/fr\/producto\/cinplast-16-u-film-pour-masquage-avec-ruban\/\" \/>\n<meta property=\"og:site_name\" content=\"Arekson Group\" \/>\n<meta property=\"article:modified_time\" content=\"2023-01-03T14:48:51+00:00\" \/>\n<meta property=\"og:image\" content=\"https:\/\/arekson.com\/wp-content\/uploads\/2022\/06\/950490-CINPLAST-.jpg\" \/>\n\t<meta property=\"og:image:width\" content=\"800\" \/>\n\t<meta property=\"og:image:height\" content=\"800\" \/>\n\t<meta property=\"og:image:type\" content=\"image\/jpeg\" \/>\n<meta name=\"twitter:card\" content=\"summary_large_image\" \/>\n<script type=\"application\/ld+json\" class=\"yoast-schema-graph\">{\"@context\":\"https:\/\/schema.org\",\"@graph\":[{\"@type\":\"WebPage\",\"@id\":\"https:\/\/arekson.com\/fr\/producto\/cinplast-16-u-film-pour-masquage-avec-ruban\/\",\"url\":\"https:\/\/arekson.com\/fr\/producto\/cinplast-16-u-film-pour-masquage-avec-ruban\/\",\"name\":\"CSP CINPLAST Film pour masquage avec ruban\",\"isPartOf\":{\"@id\":\"https:\/\/arekson.com\/fr\/#website\"},\"primaryImageOfPage\":{\"@id\":\"https:\/\/arekson.com\/fr\/producto\/cinplast-16-u-film-pour-masquage-avec-ruban\/#primaryimage\"},\"image\":{\"@id\":\"https:\/\/arekson.com\/fr\/producto\/cinplast-16-u-film-pour-masquage-avec-ruban\/#primaryimage\"},\"thumbnailUrl\":\"https:\/\/arekson.com\/wp-content\/uploads\/2022\/06\/950490-CINPLAST-.jpg\",\"datePublished\":\"2022-06-02T10:03:57+00:00\",\"dateModified\":\"2023-01-03T14:48:51+00:00\",\"description\":\"CINPLAST 16 u. Plastic with tape COUVERTURE D\u2019INT\u00c9RIEURS REF: 950496 CSP\",\"breadcrumb\":{\"@id\":\"https:\/\/arekson.com\/fr\/producto\/cinplast-16-u-film-pour-masquage-avec-ruban\/#breadcrumb\"},\"inLanguage\":\"fr-FR\",\"potentialAction\":[{\"@type\":\"ReadAction\",\"target\":[\"https:\/\/arekson.com\/fr\/producto\/cinplast-16-u-film-pour-masquage-avec-ruban\/\"]}]},{\"@type\":\"ImageObject\",\"inLanguage\":\"fr-FR\",\"@id\":\"https:\/\/arekson.com\/fr\/producto\/cinplast-16-u-film-pour-masquage-avec-ruban\/#primaryimage\",\"url\":\"https:\/\/arekson.com\/wp-content\/uploads\/2022\/06\/950490-CINPLAST-.jpg\",\"contentUrl\":\"https:\/\/arekson.com\/wp-content\/uploads\/2022\/06\/950490-CINPLAST-.jpg\",\"width\":800,\"height\":800,\"caption\":\"CSP | CINPLAST 45 u. | Pl\u00e1stico con cinta 18 mm.\"},{\"@type\":\"BreadcrumbList\",\"@id\":\"https:\/\/arekson.com\/fr\/producto\/cinplast-16-u-film-pour-masquage-avec-ruban\/#breadcrumb\",\"itemListElement\":[{\"@type\":\"ListItem\",\"position\":1,\"name\":\"Home\",\"item\":\"https:\/\/arekson.com\/fr\/\"},{\"@type\":\"ListItem\",\"position\":2,\"name\":\"Produits\",\"item\":\"https:\/\/arekson.com\/fr\/shop\/\"},{\"@type\":\"ListItem\",\"position\":3,\"name\":\"CINPLAST Film pour masquage avec ruban\"}]},{\"@type\":\"WebSite\",\"@id\":\"https:\/\/arekson.com\/fr\/#website\",\"url\":\"https:\/\/arekson.com\/fr\/\",\"name\":\"Arekson Group\",\"description\":\"Marcas Referentes del Automovil Profesional\",\"publisher\":{\"@id\":\"https:\/\/arekson.com\/fr\/#organization\"},\"potentialAction\":[{\"@type\":\"SearchAction\",\"target\":{\"@type\":\"EntryPoint\",\"urlTemplate\":\"https:\/\/arekson.com\/fr\/?s={search_term_string}\"},\"query-input\":{\"@type\":\"PropertyValueSpecification\",\"valueRequired\":true,\"valueName\":\"search_term_string\"}}],\"inLanguage\":\"fr-FR\"},{\"@type\":\"Organization\",\"@id\":\"https:\/\/arekson.com\/fr\/#organization\",\"name\":\"Arekson Group\",\"url\":\"https:\/\/arekson.com\/fr\/\",\"logo\":{\"@type\":\"ImageObject\",\"inLanguage\":\"fr-FR\",\"@id\":\"https:\/\/arekson.com\/fr\/#\/schema\/logo\/image\/\",\"url\":\"https:\/\/arekson.com\/wp-content\/uploads\/2022\/06\/Arekson-Group-Logo-Gris.jpg\",\"contentUrl\":\"https:\/\/arekson.com\/wp-content\/uploads\/2022\/06\/Arekson-Group-Logo-Gris.jpg\",\"width\":174,\"height\":72,\"caption\":\"Arekson Group\"},\"image\":{\"@id\":\"https:\/\/arekson.com\/fr\/#\/schema\/logo\/image\/\"}}]}<\/script>\n<!-- \/ Yoast SEO plugin. -->","yoast_head_json":{"title":"CSP CINPLAST Film pour masquage avec ruban","description":"CINPLAST 16 u. Plastic with tape COUVERTURE D\u2019INT\u00c9RIEURS REF: 950496 CSP","robots":{"index":"index","follow":"follow","max-snippet":"max-snippet:-1","max-image-preview":"max-image-preview:large","max-video-preview":"max-video-preview:-1"},"canonical":"https:\/\/arekson.com\/fr\/producto\/cinplast-16-u-film-pour-masquage-avec-ruban\/","og_locale":"fr_FR","og_type":"article","og_title":"CSP CINPLAST Film pour masquage avec ruban","og_description":"CINPLAST 16 u. Plastic with tape COUVERTURE D\u2019INT\u00c9RIEURS REF: 950496 CSP","og_url":"https:\/\/arekson.com\/fr\/producto\/cinplast-16-u-film-pour-masquage-avec-ruban\/","og_site_name":"Arekson Group","article_modified_time":"2023-01-03T14:48:51+00:00","og_image":[{"width":800,"height":800,"url":"https:\/\/arekson.com\/wp-content\/uploads\/2022\/06\/950490-CINPLAST-.jpg","type":"image\/jpeg"}],"twitter_card":"summary_large_image","schema":{"@context":"https:\/\/schema.org","@graph":[{"@type":"WebPage","@id":"https:\/\/arekson.com\/fr\/producto\/cinplast-16-u-film-pour-masquage-avec-ruban\/","url":"https:\/\/arekson.com\/fr\/producto\/cinplast-16-u-film-pour-masquage-avec-ruban\/","name":"CSP CINPLAST Film pour masquage avec ruban","isPartOf":{"@id":"https:\/\/arekson.com\/fr\/#website"},"primaryImageOfPage":{"@id":"https:\/\/arekson.com\/fr\/producto\/cinplast-16-u-film-pour-masquage-avec-ruban\/#primaryimage"},"image":{"@id":"https:\/\/arekson.com\/fr\/producto\/cinplast-16-u-film-pour-masquage-avec-ruban\/#primaryimage"},"thumbnailUrl":"https:\/\/arekson.com\/wp-content\/uploads\/2022\/06\/950490-CINPLAST-.jpg","datePublished":"2022-06-02T10:03:57+00:00","dateModified":"2023-01-03T14:48:51+00:00","description":"CINPLAST 16 u. Plastic with tape COUVERTURE D\u2019INT\u00c9RIEURS REF: 950496 CSP","breadcrumb":{"@id":"https:\/\/arekson.com\/fr\/producto\/cinplast-16-u-film-pour-masquage-avec-ruban\/#breadcrumb"},"inLanguage":"fr-FR","potentialAction":[{"@type":"ReadAction","target":["https:\/\/arekson.com\/fr\/producto\/cinplast-16-u-film-pour-masquage-avec-ruban\/"]}]},{"@type":"ImageObject","inLanguage":"fr-FR","@id":"https:\/\/arekson.com\/fr\/producto\/cinplast-16-u-film-pour-masquage-avec-ruban\/#primaryimage","url":"https:\/\/arekson.com\/wp-content\/uploads\/2022\/06\/950490-CINPLAST-.jpg","contentUrl":"https:\/\/arekson.com\/wp-content\/uploads\/2022\/06\/950490-CINPLAST-.jpg","width":800,"height":800,"caption":"CSP | CINPLAST 45 u. | Pl\u00e1stico con cinta 18 mm."},{"@type":"BreadcrumbList","@id":"https:\/\/arekson.com\/fr\/producto\/cinplast-16-u-film-pour-masquage-avec-ruban\/#breadcrumb","itemListElement":[{"@type":"ListItem","position":1,"name":"Home","item":"https:\/\/arekson.com\/fr\/"},{"@type":"ListItem","position":2,"name":"Produits","item":"https:\/\/arekson.com\/fr\/shop\/"},{"@type":"ListItem","position":3,"name":"CINPLAST Film pour masquage avec ruban"}]},{"@type":"WebSite","@id":"https:\/\/arekson.com\/fr\/#website","url":"https:\/\/arekson.com\/fr\/","name":"Arekson Group","description":"Marcas Referentes del Automovil Profesional","publisher":{"@id":"https:\/\/arekson.com\/fr\/#organization"},"potentialAction":[{"@type":"SearchAction","target":{"@type":"EntryPoint","urlTemplate":"https:\/\/arekson.com\/fr\/?s={search_term_string}"},"query-input":{"@type":"PropertyValueSpecification","valueRequired":true,"valueName":"search_term_string"}}],"inLanguage":"fr-FR"},{"@type":"Organization","@id":"https:\/\/arekson.com\/fr\/#organization","name":"Arekson Group","url":"https:\/\/arekson.com\/fr\/","logo":{"@type":"ImageObject","inLanguage":"fr-FR","@id":"https:\/\/arekson.com\/fr\/#\/schema\/logo\/image\/","url":"https:\/\/arekson.com\/wp-content\/uploads\/2022\/06\/Arekson-Group-Logo-Gris.jpg","contentUrl":"https:\/\/arekson.com\/wp-content\/uploads\/2022\/06\/Arekson-Group-Logo-Gris.jpg","width":174,"height":72,"caption":"Arekson Group"},"image":{"@id":"https:\/\/arekson.com\/fr\/#\/schema\/logo\/image\/"}}]}},"_links":{"self":[{"href":"https:\/\/arekson.com\/fr\/wp-json\/wp\/v2\/product\/16420","targetHints":{"allow":["GET"]}}],"collection":[{"href":"https:\/\/arekson.com\/fr\/wp-json\/wp\/v2\/product"}],"about":[{"href":"https:\/\/arekson.com\/fr\/wp-json\/wp\/v2\/types\/product"}],"wp:featuredmedia":[{"embeddable":true,"href":"https:\/\/arekson.com\/fr\/wp-json\/wp\/v2\/media\/24906"}],"wp:attachment":[{"href":"https:\/\/arekson.com\/fr\/wp-json\/wp\/v2\/media?parent=16420"}],"wp:term":[{"taxonomy":"product_brand","embeddable":true,"href":"https:\/\/arekson.com\/fr\/wp-json\/wp\/v2\/product_brand?post=16420"},{"taxonomy":"product_cat","embeddable":true,"href":"https:\/\/arekson.com\/fr\/wp-json\/wp\/v2\/product_cat?post=16420"},{"taxonomy":"product_tag","embeddable":true,"href":"https:\/\/arekson.com\/fr\/wp-json\/wp\/v2\/product_tag?post=16420"}],"curies":[{"name":"wp","href":"https:\/\/api.w.org\/{rel}","templated":true}]}}