{"id":16407,"date":"2022-06-02T12:03:17","date_gmt":"2022-06-02T10:03:17","guid":{"rendered":"https:\/\/arekson.com\/producto\/film-mask-film-plastique-couvre-les-voitures\/"},"modified":"2022-06-15T15:34:51","modified_gmt":"2022-06-15T13:34:51","slug":"film-mask-film-de-masquage-qui-peut-etre-peint","status":"publish","type":"product","link":"https:\/\/arekson.com\/fr\/producto\/film-mask-film-de-masquage-qui-peut-etre-peint\/","title":{"rendered":"<strong><span class=\"nom-corto\">FILM MASK <\/span><\/strong><br><span class=\"nom-largo\">Film de masquage qui peut \u00eatre peint<\/span>"},"content":{"rendered":"","protected":false},"excerpt":{"rendered":"<p>Film en plastique pour masquage de v\u00e9hicules \u00e0 peindre. Parfaite adh\u00e9sion des peintures sur toute la surface. Facile \u00e0 couper, m\u00eame \u00e0 la main. Transparent pour une meilleure vision des parties \u00e0 masquer.<\/p>\n","protected":false},"featured_media":7300,"template":"","meta":{"_et_pb_use_builder":"","_et_pb_old_content":"","_et_gb_content_width":""},"product_brand":[],"product_cat":[367,986,980,363],"product_tag":[],"class_list":{"0":"post-16407","1":"product","2":"type-product","3":"status-publish","4":"has-post-thumbnail","6":"product_cat-auxiliaires-csp","7":"product_cat-couverture-dinterieurs-csp","8":"product_cat-couverture-et-masquage-csp","9":"product_cat-csp-fr","10":"pa_ok-csp-fr-ref-950153-transparent-boite-4-x-300-m-1-unite","11":"pa_ok-csp-fr-ref-950738-transparent-boite-6-x-120-m-1-unite","12":"pa_ok-csp-fr-ref-951062-transparent-boite-4-x-150-m-1-unite","14":"first","15":"outofstock","16":"purchasable","17":"product-type-variable"},"yoast_head":"<!-- This site is optimized with the Yoast SEO plugin v27.2 - https:\/\/yoast.com\/product\/yoast-seo-wordpress\/ -->\n<title>CSP FILM MASK Film de masquage qui peut \u00eatre peint<\/title>\n<meta name=\"description\" content=\"FILM MASK Plastic car cover sheet COUVERTURE D\u2019INT\u00c9RIEURS REF: 950738 CSP\" \/>\n<meta name=\"robots\" content=\"index, follow, max-snippet:-1, max-image-preview:large, max-video-preview:-1\" \/>\n<link rel=\"canonical\" href=\"https:\/\/arekson.com\/fr\/producto\/film-mask-film-de-masquage-qui-peut-etre-peint\/\" \/>\n<meta property=\"og:locale\" content=\"fr_FR\" \/>\n<meta property=\"og:type\" content=\"article\" \/>\n<meta property=\"og:title\" content=\"CSP FILM MASK Film de masquage qui peut \u00eatre peint\" \/>\n<meta property=\"og:description\" content=\"FILM MASK Plastic car cover sheet COUVERTURE D\u2019INT\u00c9RIEURS REF: 950738 CSP\" \/>\n<meta property=\"og:url\" content=\"https:\/\/arekson.com\/fr\/producto\/film-mask-film-de-masquage-qui-peut-etre-peint\/\" \/>\n<meta property=\"og:site_name\" content=\"Arekson Group\" \/>\n<meta property=\"article:modified_time\" content=\"2022-06-15T13:34:51+00:00\" \/>\n<meta property=\"og:image\" content=\"https:\/\/arekson.com\/wp-content\/uploads\/2022\/05\/950153.jpg\" \/>\n\t<meta property=\"og:image:width\" content=\"800\" \/>\n\t<meta property=\"og:image:height\" content=\"800\" \/>\n\t<meta property=\"og:image:type\" content=\"image\/jpeg\" \/>\n<meta name=\"twitter:card\" content=\"summary_large_image\" \/>\n<script type=\"application\/ld+json\" class=\"yoast-schema-graph\">{\"@context\":\"https:\/\/schema.org\",\"@graph\":[{\"@type\":\"WebPage\",\"@id\":\"https:\/\/arekson.com\/fr\/producto\/film-mask-film-de-masquage-qui-peut-etre-peint\/\",\"url\":\"https:\/\/arekson.com\/fr\/producto\/film-mask-film-de-masquage-qui-peut-etre-peint\/\",\"name\":\"CSP FILM MASK Film de masquage qui peut \u00eatre peint\",\"isPartOf\":{\"@id\":\"https:\/\/arekson.com\/fr\/#website\"},\"primaryImageOfPage\":{\"@id\":\"https:\/\/arekson.com\/fr\/producto\/film-mask-film-de-masquage-qui-peut-etre-peint\/#primaryimage\"},\"image\":{\"@id\":\"https:\/\/arekson.com\/fr\/producto\/film-mask-film-de-masquage-qui-peut-etre-peint\/#primaryimage\"},\"thumbnailUrl\":\"https:\/\/arekson.com\/wp-content\/uploads\/2022\/05\/950153.jpg\",\"datePublished\":\"2022-06-02T10:03:17+00:00\",\"dateModified\":\"2022-06-15T13:34:51+00:00\",\"description\":\"FILM MASK Plastic car cover sheet COUVERTURE D\u2019INT\u00c9RIEURS REF: 950738 CSP\",\"breadcrumb\":{\"@id\":\"https:\/\/arekson.com\/fr\/producto\/film-mask-film-de-masquage-qui-peut-etre-peint\/#breadcrumb\"},\"inLanguage\":\"fr-FR\",\"potentialAction\":[{\"@type\":\"ReadAction\",\"target\":[\"https:\/\/arekson.com\/fr\/producto\/film-mask-film-de-masquage-qui-peut-etre-peint\/\"]}]},{\"@type\":\"ImageObject\",\"inLanguage\":\"fr-FR\",\"@id\":\"https:\/\/arekson.com\/fr\/producto\/film-mask-film-de-masquage-qui-peut-etre-peint\/#primaryimage\",\"url\":\"https:\/\/arekson.com\/wp-content\/uploads\/2022\/05\/950153.jpg\",\"contentUrl\":\"https:\/\/arekson.com\/wp-content\/uploads\/2022\/05\/950153.jpg\",\"width\":800,\"height\":800},{\"@type\":\"BreadcrumbList\",\"@id\":\"https:\/\/arekson.com\/fr\/producto\/film-mask-film-de-masquage-qui-peut-etre-peint\/#breadcrumb\",\"itemListElement\":[{\"@type\":\"ListItem\",\"position\":1,\"name\":\"Home\",\"item\":\"https:\/\/arekson.com\/fr\/\"},{\"@type\":\"ListItem\",\"position\":2,\"name\":\"Produits\",\"item\":\"https:\/\/arekson.com\/fr\/shop\/\"},{\"@type\":\"ListItem\",\"position\":3,\"name\":\"FILM MASK Film de masquage qui peut \u00eatre peint\"}]},{\"@type\":\"WebSite\",\"@id\":\"https:\/\/arekson.com\/fr\/#website\",\"url\":\"https:\/\/arekson.com\/fr\/\",\"name\":\"Arekson Group\",\"description\":\"Marcas Referentes del Automovil Profesional\",\"publisher\":{\"@id\":\"https:\/\/arekson.com\/fr\/#organization\"},\"potentialAction\":[{\"@type\":\"SearchAction\",\"target\":{\"@type\":\"EntryPoint\",\"urlTemplate\":\"https:\/\/arekson.com\/fr\/?s={search_term_string}\"},\"query-input\":{\"@type\":\"PropertyValueSpecification\",\"valueRequired\":true,\"valueName\":\"search_term_string\"}}],\"inLanguage\":\"fr-FR\"},{\"@type\":\"Organization\",\"@id\":\"https:\/\/arekson.com\/fr\/#organization\",\"name\":\"Arekson Group\",\"url\":\"https:\/\/arekson.com\/fr\/\",\"logo\":{\"@type\":\"ImageObject\",\"inLanguage\":\"fr-FR\",\"@id\":\"https:\/\/arekson.com\/fr\/#\/schema\/logo\/image\/\",\"url\":\"https:\/\/arekson.com\/wp-content\/uploads\/2022\/06\/Arekson-Group-Logo-Gris.jpg\",\"contentUrl\":\"https:\/\/arekson.com\/wp-content\/uploads\/2022\/06\/Arekson-Group-Logo-Gris.jpg\",\"width\":174,\"height\":72,\"caption\":\"Arekson Group\"},\"image\":{\"@id\":\"https:\/\/arekson.com\/fr\/#\/schema\/logo\/image\/\"}}]}<\/script>\n<!-- \/ Yoast SEO plugin. -->","yoast_head_json":{"title":"CSP FILM MASK Film de masquage qui peut \u00eatre peint","description":"FILM MASK Plastic car cover sheet COUVERTURE D\u2019INT\u00c9RIEURS REF: 950738 CSP","robots":{"index":"index","follow":"follow","max-snippet":"max-snippet:-1","max-image-preview":"max-image-preview:large","max-video-preview":"max-video-preview:-1"},"canonical":"https:\/\/arekson.com\/fr\/producto\/film-mask-film-de-masquage-qui-peut-etre-peint\/","og_locale":"fr_FR","og_type":"article","og_title":"CSP FILM MASK Film de masquage qui peut \u00eatre peint","og_description":"FILM MASK Plastic car cover sheet COUVERTURE D\u2019INT\u00c9RIEURS REF: 950738 CSP","og_url":"https:\/\/arekson.com\/fr\/producto\/film-mask-film-de-masquage-qui-peut-etre-peint\/","og_site_name":"Arekson Group","article_modified_time":"2022-06-15T13:34:51+00:00","og_image":[{"width":800,"height":800,"url":"https:\/\/arekson.com\/wp-content\/uploads\/2022\/05\/950153.jpg","type":"image\/jpeg"}],"twitter_card":"summary_large_image","schema":{"@context":"https:\/\/schema.org","@graph":[{"@type":"WebPage","@id":"https:\/\/arekson.com\/fr\/producto\/film-mask-film-de-masquage-qui-peut-etre-peint\/","url":"https:\/\/arekson.com\/fr\/producto\/film-mask-film-de-masquage-qui-peut-etre-peint\/","name":"CSP FILM MASK Film de masquage qui peut \u00eatre peint","isPartOf":{"@id":"https:\/\/arekson.com\/fr\/#website"},"primaryImageOfPage":{"@id":"https:\/\/arekson.com\/fr\/producto\/film-mask-film-de-masquage-qui-peut-etre-peint\/#primaryimage"},"image":{"@id":"https:\/\/arekson.com\/fr\/producto\/film-mask-film-de-masquage-qui-peut-etre-peint\/#primaryimage"},"thumbnailUrl":"https:\/\/arekson.com\/wp-content\/uploads\/2022\/05\/950153.jpg","datePublished":"2022-06-02T10:03:17+00:00","dateModified":"2022-06-15T13:34:51+00:00","description":"FILM MASK Plastic car cover sheet COUVERTURE D\u2019INT\u00c9RIEURS REF: 950738 CSP","breadcrumb":{"@id":"https:\/\/arekson.com\/fr\/producto\/film-mask-film-de-masquage-qui-peut-etre-peint\/#breadcrumb"},"inLanguage":"fr-FR","potentialAction":[{"@type":"ReadAction","target":["https:\/\/arekson.com\/fr\/producto\/film-mask-film-de-masquage-qui-peut-etre-peint\/"]}]},{"@type":"ImageObject","inLanguage":"fr-FR","@id":"https:\/\/arekson.com\/fr\/producto\/film-mask-film-de-masquage-qui-peut-etre-peint\/#primaryimage","url":"https:\/\/arekson.com\/wp-content\/uploads\/2022\/05\/950153.jpg","contentUrl":"https:\/\/arekson.com\/wp-content\/uploads\/2022\/05\/950153.jpg","width":800,"height":800},{"@type":"BreadcrumbList","@id":"https:\/\/arekson.com\/fr\/producto\/film-mask-film-de-masquage-qui-peut-etre-peint\/#breadcrumb","itemListElement":[{"@type":"ListItem","position":1,"name":"Home","item":"https:\/\/arekson.com\/fr\/"},{"@type":"ListItem","position":2,"name":"Produits","item":"https:\/\/arekson.com\/fr\/shop\/"},{"@type":"ListItem","position":3,"name":"FILM MASK Film de masquage qui peut \u00eatre peint"}]},{"@type":"WebSite","@id":"https:\/\/arekson.com\/fr\/#website","url":"https:\/\/arekson.com\/fr\/","name":"Arekson Group","description":"Marcas Referentes del Automovil Profesional","publisher":{"@id":"https:\/\/arekson.com\/fr\/#organization"},"potentialAction":[{"@type":"SearchAction","target":{"@type":"EntryPoint","urlTemplate":"https:\/\/arekson.com\/fr\/?s={search_term_string}"},"query-input":{"@type":"PropertyValueSpecification","valueRequired":true,"valueName":"search_term_string"}}],"inLanguage":"fr-FR"},{"@type":"Organization","@id":"https:\/\/arekson.com\/fr\/#organization","name":"Arekson Group","url":"https:\/\/arekson.com\/fr\/","logo":{"@type":"ImageObject","inLanguage":"fr-FR","@id":"https:\/\/arekson.com\/fr\/#\/schema\/logo\/image\/","url":"https:\/\/arekson.com\/wp-content\/uploads\/2022\/06\/Arekson-Group-Logo-Gris.jpg","contentUrl":"https:\/\/arekson.com\/wp-content\/uploads\/2022\/06\/Arekson-Group-Logo-Gris.jpg","width":174,"height":72,"caption":"Arekson Group"},"image":{"@id":"https:\/\/arekson.com\/fr\/#\/schema\/logo\/image\/"}}]}},"_links":{"self":[{"href":"https:\/\/arekson.com\/fr\/wp-json\/wp\/v2\/product\/16407","targetHints":{"allow":["GET"]}}],"collection":[{"href":"https:\/\/arekson.com\/fr\/wp-json\/wp\/v2\/product"}],"about":[{"href":"https:\/\/arekson.com\/fr\/wp-json\/wp\/v2\/types\/product"}],"wp:featuredmedia":[{"embeddable":true,"href":"https:\/\/arekson.com\/fr\/wp-json\/wp\/v2\/media\/7300"}],"wp:attachment":[{"href":"https:\/\/arekson.com\/fr\/wp-json\/wp\/v2\/media?parent=16407"}],"wp:term":[{"taxonomy":"product_brand","embeddable":true,"href":"https:\/\/arekson.com\/fr\/wp-json\/wp\/v2\/product_brand?post=16407"},{"taxonomy":"product_cat","embeddable":true,"href":"https:\/\/arekson.com\/fr\/wp-json\/wp\/v2\/product_cat?post=16407"},{"taxonomy":"product_tag","embeddable":true,"href":"https:\/\/arekson.com\/fr\/wp-json\/wp\/v2\/product_tag?post=16407"}],"curies":[{"name":"wp","href":"https:\/\/api.w.org\/{rel}","templated":true}]}}