{"id":16372,"date":"2022-06-02T12:02:37","date_gmt":"2022-06-02T10:02:37","guid":{"rendered":"https:\/\/arekson.com\/producto\/double-sided-pad-100-u-eponge-abrasive-double-face\/"},"modified":"2022-06-15T15:33:49","modified_gmt":"2022-06-15T13:33:49","slug":"double-sided-pad-100-u-eponge-abrasive-double-face","status":"publish","type":"product","link":"https:\/\/arekson.com\/fr\/producto\/double-sided-pad-100-u-eponge-abrasive-double-face\/","title":{"rendered":"<strong><span class=\"nom-corto\">DOUBLE SIDED PAD 100 u. <\/span><\/strong><br><span class=\"nom-largo\">Eponge abrasive double face<\/span>"},"content":{"rendered":"","protected":false},"excerpt":{"rendered":"<p>\u00c9ponge abrasive double face, grains fins pour surfaces irr\u00e9guli\u00e8res. Pour le pon\u00e7age \u00e0 la main \u00e0 sec ou mouill\u00e9 des profils et surfaces difficilement accessibles avec des outils de pon\u00e7age.<\/p>\n","protected":false},"featured_media":25130,"template":"","meta":{"_et_pb_use_builder":"","_et_pb_old_content":"","_et_gb_content_width":""},"product_brand":[],"product_cat":[962,367,363,976],"product_tag":[],"class_list":{"0":"post-16372","1":"product","2":"type-product","3":"status-publish","4":"has-post-thumbnail","6":"product_cat-abrasifs-csp","7":"product_cat-auxiliaires-csp","8":"product_cat-csp-fr","9":"product_cat-eponges-abrasives-csp","10":"pa_ok-csp-fr-ref-950812-super-fine-bleu-boite-120-x-98-x-13-mm-100-unites","11":"pa_ok-csp-fr-ref-950813-micro-fine-beige-boite-120-x-98-x-13-mm-100-unites","12":"pa_ok-csp-fr-ref-950814-fine-jaune-boite-120-x-98-x-13-mm-100-unites","14":"first","15":"outofstock","16":"purchasable","17":"product-type-variable"},"yoast_head":"<!-- This site is optimized with the Yoast SEO plugin v27.2 - https:\/\/yoast.com\/product\/yoast-seo-wordpress\/ -->\n<title>CSP DOUBLE SIDED PAD 100 u. Eponge abrasive double face<\/title>\n<meta name=\"description\" content=\"DOUBLE SIDED PAD 100 u. Two-sided abrasive sponge \u00c9PONGES ABRASIVES REF: 950814 CSP\" \/>\n<meta name=\"robots\" content=\"index, follow, max-snippet:-1, max-image-preview:large, max-video-preview:-1\" \/>\n<link rel=\"canonical\" href=\"https:\/\/arekson.com\/fr\/producto\/double-sided-pad-100-u-eponge-abrasive-double-face\/\" \/>\n<meta property=\"og:locale\" content=\"fr_FR\" \/>\n<meta property=\"og:type\" content=\"article\" \/>\n<meta property=\"og:title\" content=\"CSP DOUBLE SIDED PAD 100 u. Eponge abrasive double face\" \/>\n<meta property=\"og:description\" content=\"DOUBLE SIDED PAD 100 u. Two-sided abrasive sponge \u00c9PONGES ABRASIVES REF: 950814 CSP\" \/>\n<meta property=\"og:url\" content=\"https:\/\/arekson.com\/fr\/producto\/double-sided-pad-100-u-eponge-abrasive-double-face\/\" \/>\n<meta property=\"og:site_name\" content=\"Arekson Group\" \/>\n<meta property=\"article:modified_time\" content=\"2022-06-15T13:33:49+00:00\" \/>\n<meta property=\"og:image\" content=\"https:\/\/arekson.com\/wp-content\/uploads\/2022\/05\/950813.jpg\" \/>\n\t<meta property=\"og:image:width\" content=\"800\" \/>\n\t<meta property=\"og:image:height\" content=\"800\" \/>\n\t<meta property=\"og:image:type\" content=\"image\/jpeg\" \/>\n<meta name=\"twitter:card\" content=\"summary_large_image\" \/>\n<script type=\"application\/ld+json\" class=\"yoast-schema-graph\">{\"@context\":\"https:\/\/schema.org\",\"@graph\":[{\"@type\":\"WebPage\",\"@id\":\"https:\/\/arekson.com\/fr\/producto\/double-sided-pad-100-u-eponge-abrasive-double-face\/\",\"url\":\"https:\/\/arekson.com\/fr\/producto\/double-sided-pad-100-u-eponge-abrasive-double-face\/\",\"name\":\"CSP DOUBLE SIDED PAD 100 u. Eponge abrasive double face\",\"isPartOf\":{\"@id\":\"https:\/\/arekson.com\/fr\/#website\"},\"primaryImageOfPage\":{\"@id\":\"https:\/\/arekson.com\/fr\/producto\/double-sided-pad-100-u-eponge-abrasive-double-face\/#primaryimage\"},\"image\":{\"@id\":\"https:\/\/arekson.com\/fr\/producto\/double-sided-pad-100-u-eponge-abrasive-double-face\/#primaryimage\"},\"thumbnailUrl\":\"https:\/\/arekson.com\/wp-content\/uploads\/2022\/06\/950813.jpg\",\"datePublished\":\"2022-06-02T10:02:37+00:00\",\"dateModified\":\"2022-06-15T13:33:49+00:00\",\"description\":\"DOUBLE SIDED PAD 100 u. Two-sided abrasive sponge \u00c9PONGES ABRASIVES REF: 950814 CSP\",\"breadcrumb\":{\"@id\":\"https:\/\/arekson.com\/fr\/producto\/double-sided-pad-100-u-eponge-abrasive-double-face\/#breadcrumb\"},\"inLanguage\":\"fr-FR\",\"potentialAction\":[{\"@type\":\"ReadAction\",\"target\":[\"https:\/\/arekson.com\/fr\/producto\/double-sided-pad-100-u-eponge-abrasive-double-face\/\"]}]},{\"@type\":\"ImageObject\",\"inLanguage\":\"fr-FR\",\"@id\":\"https:\/\/arekson.com\/fr\/producto\/double-sided-pad-100-u-eponge-abrasive-double-face\/#primaryimage\",\"url\":\"https:\/\/arekson.com\/wp-content\/uploads\/2022\/06\/950813.jpg\",\"contentUrl\":\"https:\/\/arekson.com\/wp-content\/uploads\/2022\/06\/950813.jpg\",\"width\":800,\"height\":800,\"caption\":\"CSP | DOUBLE SIDED PAD 100 u. | Esponja abrasiva doble cara\"},{\"@type\":\"BreadcrumbList\",\"@id\":\"https:\/\/arekson.com\/fr\/producto\/double-sided-pad-100-u-eponge-abrasive-double-face\/#breadcrumb\",\"itemListElement\":[{\"@type\":\"ListItem\",\"position\":1,\"name\":\"Home\",\"item\":\"https:\/\/arekson.com\/fr\/\"},{\"@type\":\"ListItem\",\"position\":2,\"name\":\"Produits\",\"item\":\"https:\/\/arekson.com\/fr\/shop\/\"},{\"@type\":\"ListItem\",\"position\":3,\"name\":\"DOUBLE SIDED PAD 100 u. Eponge abrasive double face\"}]},{\"@type\":\"WebSite\",\"@id\":\"https:\/\/arekson.com\/fr\/#website\",\"url\":\"https:\/\/arekson.com\/fr\/\",\"name\":\"Arekson Group\",\"description\":\"Marcas Referentes del Automovil Profesional\",\"publisher\":{\"@id\":\"https:\/\/arekson.com\/fr\/#organization\"},\"potentialAction\":[{\"@type\":\"SearchAction\",\"target\":{\"@type\":\"EntryPoint\",\"urlTemplate\":\"https:\/\/arekson.com\/fr\/?s={search_term_string}\"},\"query-input\":{\"@type\":\"PropertyValueSpecification\",\"valueRequired\":true,\"valueName\":\"search_term_string\"}}],\"inLanguage\":\"fr-FR\"},{\"@type\":\"Organization\",\"@id\":\"https:\/\/arekson.com\/fr\/#organization\",\"name\":\"Arekson Group\",\"url\":\"https:\/\/arekson.com\/fr\/\",\"logo\":{\"@type\":\"ImageObject\",\"inLanguage\":\"fr-FR\",\"@id\":\"https:\/\/arekson.com\/fr\/#\/schema\/logo\/image\/\",\"url\":\"https:\/\/arekson.com\/wp-content\/uploads\/2022\/06\/Arekson-Group-Logo-Gris.jpg\",\"contentUrl\":\"https:\/\/arekson.com\/wp-content\/uploads\/2022\/06\/Arekson-Group-Logo-Gris.jpg\",\"width\":174,\"height\":72,\"caption\":\"Arekson Group\"},\"image\":{\"@id\":\"https:\/\/arekson.com\/fr\/#\/schema\/logo\/image\/\"}}]}<\/script>\n<!-- \/ Yoast SEO plugin. -->","yoast_head_json":{"title":"CSP DOUBLE SIDED PAD 100 u. Eponge abrasive double face","description":"DOUBLE SIDED PAD 100 u. Two-sided abrasive sponge \u00c9PONGES ABRASIVES REF: 950814 CSP","robots":{"index":"index","follow":"follow","max-snippet":"max-snippet:-1","max-image-preview":"max-image-preview:large","max-video-preview":"max-video-preview:-1"},"canonical":"https:\/\/arekson.com\/fr\/producto\/double-sided-pad-100-u-eponge-abrasive-double-face\/","og_locale":"fr_FR","og_type":"article","og_title":"CSP DOUBLE SIDED PAD 100 u. Eponge abrasive double face","og_description":"DOUBLE SIDED PAD 100 u. Two-sided abrasive sponge \u00c9PONGES ABRASIVES REF: 950814 CSP","og_url":"https:\/\/arekson.com\/fr\/producto\/double-sided-pad-100-u-eponge-abrasive-double-face\/","og_site_name":"Arekson Group","article_modified_time":"2022-06-15T13:33:49+00:00","og_image":[{"width":800,"height":800,"url":"https:\/\/arekson.com\/wp-content\/uploads\/2022\/05\/950813.jpg","type":"image\/jpeg"}],"twitter_card":"summary_large_image","schema":{"@context":"https:\/\/schema.org","@graph":[{"@type":"WebPage","@id":"https:\/\/arekson.com\/fr\/producto\/double-sided-pad-100-u-eponge-abrasive-double-face\/","url":"https:\/\/arekson.com\/fr\/producto\/double-sided-pad-100-u-eponge-abrasive-double-face\/","name":"CSP DOUBLE SIDED PAD 100 u. Eponge abrasive double face","isPartOf":{"@id":"https:\/\/arekson.com\/fr\/#website"},"primaryImageOfPage":{"@id":"https:\/\/arekson.com\/fr\/producto\/double-sided-pad-100-u-eponge-abrasive-double-face\/#primaryimage"},"image":{"@id":"https:\/\/arekson.com\/fr\/producto\/double-sided-pad-100-u-eponge-abrasive-double-face\/#primaryimage"},"thumbnailUrl":"https:\/\/arekson.com\/wp-content\/uploads\/2022\/06\/950813.jpg","datePublished":"2022-06-02T10:02:37+00:00","dateModified":"2022-06-15T13:33:49+00:00","description":"DOUBLE SIDED PAD 100 u. Two-sided abrasive sponge \u00c9PONGES ABRASIVES REF: 950814 CSP","breadcrumb":{"@id":"https:\/\/arekson.com\/fr\/producto\/double-sided-pad-100-u-eponge-abrasive-double-face\/#breadcrumb"},"inLanguage":"fr-FR","potentialAction":[{"@type":"ReadAction","target":["https:\/\/arekson.com\/fr\/producto\/double-sided-pad-100-u-eponge-abrasive-double-face\/"]}]},{"@type":"ImageObject","inLanguage":"fr-FR","@id":"https:\/\/arekson.com\/fr\/producto\/double-sided-pad-100-u-eponge-abrasive-double-face\/#primaryimage","url":"https:\/\/arekson.com\/wp-content\/uploads\/2022\/06\/950813.jpg","contentUrl":"https:\/\/arekson.com\/wp-content\/uploads\/2022\/06\/950813.jpg","width":800,"height":800,"caption":"CSP | DOUBLE SIDED PAD 100 u. | Esponja abrasiva doble cara"},{"@type":"BreadcrumbList","@id":"https:\/\/arekson.com\/fr\/producto\/double-sided-pad-100-u-eponge-abrasive-double-face\/#breadcrumb","itemListElement":[{"@type":"ListItem","position":1,"name":"Home","item":"https:\/\/arekson.com\/fr\/"},{"@type":"ListItem","position":2,"name":"Produits","item":"https:\/\/arekson.com\/fr\/shop\/"},{"@type":"ListItem","position":3,"name":"DOUBLE SIDED PAD 100 u. Eponge abrasive double face"}]},{"@type":"WebSite","@id":"https:\/\/arekson.com\/fr\/#website","url":"https:\/\/arekson.com\/fr\/","name":"Arekson Group","description":"Marcas Referentes del Automovil Profesional","publisher":{"@id":"https:\/\/arekson.com\/fr\/#organization"},"potentialAction":[{"@type":"SearchAction","target":{"@type":"EntryPoint","urlTemplate":"https:\/\/arekson.com\/fr\/?s={search_term_string}"},"query-input":{"@type":"PropertyValueSpecification","valueRequired":true,"valueName":"search_term_string"}}],"inLanguage":"fr-FR"},{"@type":"Organization","@id":"https:\/\/arekson.com\/fr\/#organization","name":"Arekson Group","url":"https:\/\/arekson.com\/fr\/","logo":{"@type":"ImageObject","inLanguage":"fr-FR","@id":"https:\/\/arekson.com\/fr\/#\/schema\/logo\/image\/","url":"https:\/\/arekson.com\/wp-content\/uploads\/2022\/06\/Arekson-Group-Logo-Gris.jpg","contentUrl":"https:\/\/arekson.com\/wp-content\/uploads\/2022\/06\/Arekson-Group-Logo-Gris.jpg","width":174,"height":72,"caption":"Arekson Group"},"image":{"@id":"https:\/\/arekson.com\/fr\/#\/schema\/logo\/image\/"}}]}},"_links":{"self":[{"href":"https:\/\/arekson.com\/fr\/wp-json\/wp\/v2\/product\/16372","targetHints":{"allow":["GET"]}}],"collection":[{"href":"https:\/\/arekson.com\/fr\/wp-json\/wp\/v2\/product"}],"about":[{"href":"https:\/\/arekson.com\/fr\/wp-json\/wp\/v2\/types\/product"}],"wp:featuredmedia":[{"embeddable":true,"href":"https:\/\/arekson.com\/fr\/wp-json\/wp\/v2\/media\/25130"}],"wp:attachment":[{"href":"https:\/\/arekson.com\/fr\/wp-json\/wp\/v2\/media?parent=16372"}],"wp:term":[{"taxonomy":"product_brand","embeddable":true,"href":"https:\/\/arekson.com\/fr\/wp-json\/wp\/v2\/product_brand?post=16372"},{"taxonomy":"product_cat","embeddable":true,"href":"https:\/\/arekson.com\/fr\/wp-json\/wp\/v2\/product_cat?post=16372"},{"taxonomy":"product_tag","embeddable":true,"href":"https:\/\/arekson.com\/fr\/wp-json\/wp\/v2\/product_tag?post=16372"}],"curies":[{"name":"wp","href":"https:\/\/api.w.org\/{rel}","templated":true}]}}