{"id":16324,"date":"2022-06-02T12:01:43","date_gmt":"2022-06-02T10:01:43","guid":{"rendered":"https:\/\/arekson.com\/producto\/foam-multi-cleaner-mousse-de-nettoyage-universel\/"},"modified":"2022-06-15T15:31:47","modified_gmt":"2022-06-15T13:31:47","slug":"foam-multi-cleaner-mousse-de-nettoyage-universel","status":"publish","type":"product","link":"https:\/\/arekson.com\/fr\/producto\/foam-multi-cleaner-mousse-de-nettoyage-universel\/","title":{"rendered":"<strong><span class=\"nom-corto\">FOAM MULTI CLEANER <\/span><\/strong><br><span class=\"nom-largo\">Mousse de nettoyage universel<\/span>"},"content":{"rendered":"","protected":false},"excerpt":{"rendered":"<p>Mousse de nettoyage pour tous types de surfaces telles que le verre, les plastiques, la peinture, le tissu etc. \u00c9limine la graisse, la salet\u00e9, les adh\u00e9sifs et les moustiques des v\u00e9hicules. Utilisation universelle, pour surfaces souples et dures dans la voiture, la maison, le bureau, les meubles, la c\u00e9ramique, le verre, etc. Mousse blanche Laisse une odeur d&rsquo;agrumes frais. Sans silicones nettoyage et finition sans r\u00e9sidus. Applicable sur la plupart des surfaces.<\/p>\n","protected":false},"featured_media":25029,"template":"","meta":{"_et_pb_use_builder":"","_et_pb_old_content":"","_et_gb_content_width":""},"product_brand":[],"product_cat":[365,363,1063,1065],"product_tag":[],"class_list":{"0":"post-16324","1":"product","2":"type-product","3":"status-publish","4":"has-post-thumbnail","6":"product_cat-chimiques-csp","7":"product_cat-csp-fr","8":"product_cat-produits-antistatiques-degraissants-nettoyants-et-decapants-csp","9":"product_cat-produits-antistatiques-degraissants-nettoyants-et-decapants","10":"pa_ok-csp-fr-ref-950667-blanc-spray-750-ml-12-unites","12":"first","13":"outofstock","14":"purchasable","15":"product-type-variable"},"yoast_head":"<!-- This site is optimized with the Yoast SEO plugin v27.2 - https:\/\/yoast.com\/product\/yoast-seo-wordpress\/ -->\n<title>CSP FOAM MULTI CLEANER Mousse de nettoyage universel<\/title>\n<meta name=\"description\" content=\"FOAM MULTI CLEANER Multi-purpose foam cleaner PRODUITS ANTISTATIQUES, D\u00c9GRAISSANTS, NETTOYANTS ET D\u00c9CAPANTS REF: 950667 CSP\" \/>\n<meta name=\"robots\" content=\"index, follow, max-snippet:-1, max-image-preview:large, max-video-preview:-1\" \/>\n<link rel=\"canonical\" href=\"https:\/\/arekson.com\/fr\/producto\/foam-multi-cleaner-mousse-de-nettoyage-universel\/\" \/>\n<meta property=\"og:locale\" content=\"fr_FR\" \/>\n<meta property=\"og:type\" content=\"article\" \/>\n<meta property=\"og:title\" content=\"CSP FOAM MULTI CLEANER Mousse de nettoyage universel\" \/>\n<meta property=\"og:description\" content=\"FOAM MULTI CLEANER Multi-purpose foam cleaner PRODUITS ANTISTATIQUES, D\u00c9GRAISSANTS, NETTOYANTS ET D\u00c9CAPANTS REF: 950667 CSP\" \/>\n<meta property=\"og:url\" content=\"https:\/\/arekson.com\/fr\/producto\/foam-multi-cleaner-mousse-de-nettoyage-universel\/\" \/>\n<meta property=\"og:site_name\" content=\"Arekson Group\" \/>\n<meta property=\"article:modified_time\" content=\"2022-06-15T13:31:47+00:00\" \/>\n<meta property=\"og:image\" content=\"https:\/\/arekson.com\/wp-content\/uploads\/2022\/05\/950667-FOAM-MULTI-CLEANER.jpg\" \/>\n\t<meta property=\"og:image:width\" content=\"800\" \/>\n\t<meta property=\"og:image:height\" content=\"800\" \/>\n\t<meta property=\"og:image:type\" content=\"image\/jpeg\" \/>\n<meta name=\"twitter:card\" content=\"summary_large_image\" \/>\n<script type=\"application\/ld+json\" class=\"yoast-schema-graph\">{\"@context\":\"https:\/\/schema.org\",\"@graph\":[{\"@type\":\"WebPage\",\"@id\":\"https:\/\/arekson.com\/fr\/producto\/foam-multi-cleaner-mousse-de-nettoyage-universel\/\",\"url\":\"https:\/\/arekson.com\/fr\/producto\/foam-multi-cleaner-mousse-de-nettoyage-universel\/\",\"name\":\"CSP FOAM MULTI CLEANER Mousse de nettoyage universel\",\"isPartOf\":{\"@id\":\"https:\/\/arekson.com\/fr\/#website\"},\"primaryImageOfPage\":{\"@id\":\"https:\/\/arekson.com\/fr\/producto\/foam-multi-cleaner-mousse-de-nettoyage-universel\/#primaryimage\"},\"image\":{\"@id\":\"https:\/\/arekson.com\/fr\/producto\/foam-multi-cleaner-mousse-de-nettoyage-universel\/#primaryimage\"},\"thumbnailUrl\":\"https:\/\/arekson.com\/wp-content\/uploads\/2022\/06\/950667-FOAM-MULTI-CLEANER.jpg\",\"datePublished\":\"2022-06-02T10:01:43+00:00\",\"dateModified\":\"2022-06-15T13:31:47+00:00\",\"description\":\"FOAM MULTI CLEANER Multi-purpose foam cleaner PRODUITS ANTISTATIQUES, D\u00c9GRAISSANTS, NETTOYANTS ET D\u00c9CAPANTS REF: 950667 CSP\",\"breadcrumb\":{\"@id\":\"https:\/\/arekson.com\/fr\/producto\/foam-multi-cleaner-mousse-de-nettoyage-universel\/#breadcrumb\"},\"inLanguage\":\"fr-FR\",\"potentialAction\":[{\"@type\":\"ReadAction\",\"target\":[\"https:\/\/arekson.com\/fr\/producto\/foam-multi-cleaner-mousse-de-nettoyage-universel\/\"]}]},{\"@type\":\"ImageObject\",\"inLanguage\":\"fr-FR\",\"@id\":\"https:\/\/arekson.com\/fr\/producto\/foam-multi-cleaner-mousse-de-nettoyage-universel\/#primaryimage\",\"url\":\"https:\/\/arekson.com\/wp-content\/uploads\/2022\/06\/950667-FOAM-MULTI-CLEANER.jpg\",\"contentUrl\":\"https:\/\/arekson.com\/wp-content\/uploads\/2022\/06\/950667-FOAM-MULTI-CLEANER.jpg\",\"width\":800,\"height\":800,\"caption\":\"CSP FOAM MULTI CLEANER Espuma multi limpieza\"},{\"@type\":\"BreadcrumbList\",\"@id\":\"https:\/\/arekson.com\/fr\/producto\/foam-multi-cleaner-mousse-de-nettoyage-universel\/#breadcrumb\",\"itemListElement\":[{\"@type\":\"ListItem\",\"position\":1,\"name\":\"Home\",\"item\":\"https:\/\/arekson.com\/fr\/\"},{\"@type\":\"ListItem\",\"position\":2,\"name\":\"Produits\",\"item\":\"https:\/\/arekson.com\/fr\/shop\/\"},{\"@type\":\"ListItem\",\"position\":3,\"name\":\"FOAM MULTI CLEANER Mousse de nettoyage universel\"}]},{\"@type\":\"WebSite\",\"@id\":\"https:\/\/arekson.com\/fr\/#website\",\"url\":\"https:\/\/arekson.com\/fr\/\",\"name\":\"Arekson Group\",\"description\":\"Marcas Referentes del Automovil Profesional\",\"publisher\":{\"@id\":\"https:\/\/arekson.com\/fr\/#organization\"},\"potentialAction\":[{\"@type\":\"SearchAction\",\"target\":{\"@type\":\"EntryPoint\",\"urlTemplate\":\"https:\/\/arekson.com\/fr\/?s={search_term_string}\"},\"query-input\":{\"@type\":\"PropertyValueSpecification\",\"valueRequired\":true,\"valueName\":\"search_term_string\"}}],\"inLanguage\":\"fr-FR\"},{\"@type\":\"Organization\",\"@id\":\"https:\/\/arekson.com\/fr\/#organization\",\"name\":\"Arekson Group\",\"url\":\"https:\/\/arekson.com\/fr\/\",\"logo\":{\"@type\":\"ImageObject\",\"inLanguage\":\"fr-FR\",\"@id\":\"https:\/\/arekson.com\/fr\/#\/schema\/logo\/image\/\",\"url\":\"https:\/\/arekson.com\/wp-content\/uploads\/2022\/06\/Arekson-Group-Logo-Gris.jpg\",\"contentUrl\":\"https:\/\/arekson.com\/wp-content\/uploads\/2022\/06\/Arekson-Group-Logo-Gris.jpg\",\"width\":174,\"height\":72,\"caption\":\"Arekson Group\"},\"image\":{\"@id\":\"https:\/\/arekson.com\/fr\/#\/schema\/logo\/image\/\"}}]}<\/script>\n<!-- \/ Yoast SEO plugin. -->","yoast_head_json":{"title":"CSP FOAM MULTI CLEANER Mousse de nettoyage universel","description":"FOAM MULTI CLEANER Multi-purpose foam cleaner PRODUITS ANTISTATIQUES, D\u00c9GRAISSANTS, NETTOYANTS ET D\u00c9CAPANTS REF: 950667 CSP","robots":{"index":"index","follow":"follow","max-snippet":"max-snippet:-1","max-image-preview":"max-image-preview:large","max-video-preview":"max-video-preview:-1"},"canonical":"https:\/\/arekson.com\/fr\/producto\/foam-multi-cleaner-mousse-de-nettoyage-universel\/","og_locale":"fr_FR","og_type":"article","og_title":"CSP FOAM MULTI CLEANER Mousse de nettoyage universel","og_description":"FOAM MULTI CLEANER Multi-purpose foam cleaner PRODUITS ANTISTATIQUES, D\u00c9GRAISSANTS, NETTOYANTS ET D\u00c9CAPANTS REF: 950667 CSP","og_url":"https:\/\/arekson.com\/fr\/producto\/foam-multi-cleaner-mousse-de-nettoyage-universel\/","og_site_name":"Arekson Group","article_modified_time":"2022-06-15T13:31:47+00:00","og_image":[{"width":800,"height":800,"url":"https:\/\/arekson.com\/wp-content\/uploads\/2022\/05\/950667-FOAM-MULTI-CLEANER.jpg","type":"image\/jpeg"}],"twitter_card":"summary_large_image","schema":{"@context":"https:\/\/schema.org","@graph":[{"@type":"WebPage","@id":"https:\/\/arekson.com\/fr\/producto\/foam-multi-cleaner-mousse-de-nettoyage-universel\/","url":"https:\/\/arekson.com\/fr\/producto\/foam-multi-cleaner-mousse-de-nettoyage-universel\/","name":"CSP FOAM MULTI CLEANER Mousse de nettoyage universel","isPartOf":{"@id":"https:\/\/arekson.com\/fr\/#website"},"primaryImageOfPage":{"@id":"https:\/\/arekson.com\/fr\/producto\/foam-multi-cleaner-mousse-de-nettoyage-universel\/#primaryimage"},"image":{"@id":"https:\/\/arekson.com\/fr\/producto\/foam-multi-cleaner-mousse-de-nettoyage-universel\/#primaryimage"},"thumbnailUrl":"https:\/\/arekson.com\/wp-content\/uploads\/2022\/06\/950667-FOAM-MULTI-CLEANER.jpg","datePublished":"2022-06-02T10:01:43+00:00","dateModified":"2022-06-15T13:31:47+00:00","description":"FOAM MULTI CLEANER Multi-purpose foam cleaner PRODUITS ANTISTATIQUES, D\u00c9GRAISSANTS, NETTOYANTS ET D\u00c9CAPANTS REF: 950667 CSP","breadcrumb":{"@id":"https:\/\/arekson.com\/fr\/producto\/foam-multi-cleaner-mousse-de-nettoyage-universel\/#breadcrumb"},"inLanguage":"fr-FR","potentialAction":[{"@type":"ReadAction","target":["https:\/\/arekson.com\/fr\/producto\/foam-multi-cleaner-mousse-de-nettoyage-universel\/"]}]},{"@type":"ImageObject","inLanguage":"fr-FR","@id":"https:\/\/arekson.com\/fr\/producto\/foam-multi-cleaner-mousse-de-nettoyage-universel\/#primaryimage","url":"https:\/\/arekson.com\/wp-content\/uploads\/2022\/06\/950667-FOAM-MULTI-CLEANER.jpg","contentUrl":"https:\/\/arekson.com\/wp-content\/uploads\/2022\/06\/950667-FOAM-MULTI-CLEANER.jpg","width":800,"height":800,"caption":"CSP FOAM MULTI CLEANER Espuma multi limpieza"},{"@type":"BreadcrumbList","@id":"https:\/\/arekson.com\/fr\/producto\/foam-multi-cleaner-mousse-de-nettoyage-universel\/#breadcrumb","itemListElement":[{"@type":"ListItem","position":1,"name":"Home","item":"https:\/\/arekson.com\/fr\/"},{"@type":"ListItem","position":2,"name":"Produits","item":"https:\/\/arekson.com\/fr\/shop\/"},{"@type":"ListItem","position":3,"name":"FOAM MULTI CLEANER Mousse de nettoyage universel"}]},{"@type":"WebSite","@id":"https:\/\/arekson.com\/fr\/#website","url":"https:\/\/arekson.com\/fr\/","name":"Arekson Group","description":"Marcas Referentes del Automovil Profesional","publisher":{"@id":"https:\/\/arekson.com\/fr\/#organization"},"potentialAction":[{"@type":"SearchAction","target":{"@type":"EntryPoint","urlTemplate":"https:\/\/arekson.com\/fr\/?s={search_term_string}"},"query-input":{"@type":"PropertyValueSpecification","valueRequired":true,"valueName":"search_term_string"}}],"inLanguage":"fr-FR"},{"@type":"Organization","@id":"https:\/\/arekson.com\/fr\/#organization","name":"Arekson Group","url":"https:\/\/arekson.com\/fr\/","logo":{"@type":"ImageObject","inLanguage":"fr-FR","@id":"https:\/\/arekson.com\/fr\/#\/schema\/logo\/image\/","url":"https:\/\/arekson.com\/wp-content\/uploads\/2022\/06\/Arekson-Group-Logo-Gris.jpg","contentUrl":"https:\/\/arekson.com\/wp-content\/uploads\/2022\/06\/Arekson-Group-Logo-Gris.jpg","width":174,"height":72,"caption":"Arekson Group"},"image":{"@id":"https:\/\/arekson.com\/fr\/#\/schema\/logo\/image\/"}}]}},"_links":{"self":[{"href":"https:\/\/arekson.com\/fr\/wp-json\/wp\/v2\/product\/16324","targetHints":{"allow":["GET"]}}],"collection":[{"href":"https:\/\/arekson.com\/fr\/wp-json\/wp\/v2\/product"}],"about":[{"href":"https:\/\/arekson.com\/fr\/wp-json\/wp\/v2\/types\/product"}],"wp:featuredmedia":[{"embeddable":true,"href":"https:\/\/arekson.com\/fr\/wp-json\/wp\/v2\/media\/25029"}],"wp:attachment":[{"href":"https:\/\/arekson.com\/fr\/wp-json\/wp\/v2\/media?parent=16324"}],"wp:term":[{"taxonomy":"product_brand","embeddable":true,"href":"https:\/\/arekson.com\/fr\/wp-json\/wp\/v2\/product_brand?post=16324"},{"taxonomy":"product_cat","embeddable":true,"href":"https:\/\/arekson.com\/fr\/wp-json\/wp\/v2\/product_cat?post=16324"},{"taxonomy":"product_tag","embeddable":true,"href":"https:\/\/arekson.com\/fr\/wp-json\/wp\/v2\/product_tag?post=16324"}],"curies":[{"name":"wp","href":"https:\/\/api.w.org\/{rel}","templated":true}]}}