{"id":16318,"date":"2022-06-02T12:01:27","date_gmt":"2022-06-02T10:01:27","guid":{"rendered":"https:\/\/arekson.com\/producto\/polish-star-carnauba-polish-rapide-avec-cire-de-carnauba\/"},"modified":"2022-06-15T15:31:39","modified_gmt":"2022-06-15T13:31:39","slug":"polish-star-carnauba-polish-rapide-avec-cire-de-carnauba","status":"publish","type":"product","link":"https:\/\/arekson.com\/fr\/producto\/polish-star-carnauba-polish-rapide-avec-cire-de-carnauba\/","title":{"rendered":"<strong><span class=\"nom-corto\">POLISH STAR CARNAUBA <\/span><\/strong><br><span class=\"nom-largo\">Polish rapide avec cire de carnauba<\/span>"},"content":{"rendered":"","protected":false},"excerpt":{"rendered":"<p>Polish con\u00e7u avec de la cire sp\u00e9ciale de carnauba originaire du Br\u00e9sil qui prot\u00e8ge les surfaces des v\u00e9hicules en apportant une finition \u00ab\u00a0excellente\u00a0\u00bb. Id\u00e9al pour couleurs fonc\u00e9es. Ne laisse aucun r\u00e9sidu sur mati\u00e8res en caoutchouc ou plastiques. Ne contient pas de silicone volatile. Lustrage \u00e0 la main sans effort et \u00e0 la machine aussi.<\/p>\n","protected":false},"featured_media":25044,"template":"","meta":{"_et_pb_use_builder":"","_et_pb_old_content":"","_et_gb_content_width":""},"product_brand":[],"product_cat":[365,363,1101,1099],"product_tag":[],"class_list":{"0":"post-16318","1":"product","2":"type-product","3":"status-publish","4":"has-post-thumbnail","6":"product_cat-chimiques-csp","7":"product_cat-csp-fr","8":"product_cat-produits-de-lustrage","9":"product_cat-produits-de-polissage-et-lustrage-csp","10":"pa_ok-csp-fr-ref-950689-bleu-pot-1-lt-6-unites","12":"first","13":"outofstock","14":"purchasable","15":"product-type-variable"},"yoast_head":"<!-- This site is optimized with the Yoast SEO plugin v27.2 - https:\/\/yoast.com\/product\/yoast-seo-wordpress\/ -->\n<title>CSP POLISH STAR CARNAUBA Polish rapide avec cire de carnauba<\/title>\n<meta name=\"description\" content=\"POLISH STAR CARNAUBA Polish and spray wax PRODUITS DE LUSTRAGE REF: 950689 CSP\" \/>\n<meta name=\"robots\" content=\"index, follow, max-snippet:-1, max-image-preview:large, max-video-preview:-1\" \/>\n<link rel=\"canonical\" href=\"https:\/\/arekson.com\/fr\/producto\/polish-star-carnauba-polish-rapide-avec-cire-de-carnauba\/\" \/>\n<meta property=\"og:locale\" content=\"fr_FR\" \/>\n<meta property=\"og:type\" content=\"article\" \/>\n<meta property=\"og:title\" content=\"CSP POLISH STAR CARNAUBA Polish rapide avec cire de carnauba\" \/>\n<meta property=\"og:description\" content=\"POLISH STAR CARNAUBA Polish and spray wax PRODUITS DE LUSTRAGE REF: 950689 CSP\" \/>\n<meta property=\"og:url\" content=\"https:\/\/arekson.com\/fr\/producto\/polish-star-carnauba-polish-rapide-avec-cire-de-carnauba\/\" \/>\n<meta property=\"og:site_name\" content=\"Arekson Group\" \/>\n<meta property=\"article:modified_time\" content=\"2022-06-15T13:31:39+00:00\" \/>\n<meta property=\"og:image\" content=\"https:\/\/arekson.com\/wp-content\/uploads\/2022\/05\/950689-POLISH-STAR-CARNAUBA.jpg\" \/>\n\t<meta property=\"og:image:width\" content=\"800\" \/>\n\t<meta property=\"og:image:height\" content=\"800\" \/>\n\t<meta property=\"og:image:type\" content=\"image\/jpeg\" \/>\n<meta name=\"twitter:card\" content=\"summary_large_image\" \/>\n<script type=\"application\/ld+json\" class=\"yoast-schema-graph\">{\"@context\":\"https:\/\/schema.org\",\"@graph\":[{\"@type\":\"WebPage\",\"@id\":\"https:\/\/arekson.com\/fr\/producto\/polish-star-carnauba-polish-rapide-avec-cire-de-carnauba\/\",\"url\":\"https:\/\/arekson.com\/fr\/producto\/polish-star-carnauba-polish-rapide-avec-cire-de-carnauba\/\",\"name\":\"CSP POLISH STAR CARNAUBA Polish rapide avec cire de carnauba\",\"isPartOf\":{\"@id\":\"https:\/\/arekson.com\/fr\/#website\"},\"primaryImageOfPage\":{\"@id\":\"https:\/\/arekson.com\/fr\/producto\/polish-star-carnauba-polish-rapide-avec-cire-de-carnauba\/#primaryimage\"},\"image\":{\"@id\":\"https:\/\/arekson.com\/fr\/producto\/polish-star-carnauba-polish-rapide-avec-cire-de-carnauba\/#primaryimage\"},\"thumbnailUrl\":\"https:\/\/arekson.com\/wp-content\/uploads\/2022\/06\/950689-POLISH-STAR-CARNAUBA.jpg\",\"datePublished\":\"2022-06-02T10:01:27+00:00\",\"dateModified\":\"2022-06-15T13:31:39+00:00\",\"description\":\"POLISH STAR CARNAUBA Polish and spray wax PRODUITS DE LUSTRAGE REF: 950689 CSP\",\"breadcrumb\":{\"@id\":\"https:\/\/arekson.com\/fr\/producto\/polish-star-carnauba-polish-rapide-avec-cire-de-carnauba\/#breadcrumb\"},\"inLanguage\":\"fr-FR\",\"potentialAction\":[{\"@type\":\"ReadAction\",\"target\":[\"https:\/\/arekson.com\/fr\/producto\/polish-star-carnauba-polish-rapide-avec-cire-de-carnauba\/\"]}]},{\"@type\":\"ImageObject\",\"inLanguage\":\"fr-FR\",\"@id\":\"https:\/\/arekson.com\/fr\/producto\/polish-star-carnauba-polish-rapide-avec-cire-de-carnauba\/#primaryimage\",\"url\":\"https:\/\/arekson.com\/wp-content\/uploads\/2022\/06\/950689-POLISH-STAR-CARNAUBA.jpg\",\"contentUrl\":\"https:\/\/arekson.com\/wp-content\/uploads\/2022\/06\/950689-POLISH-STAR-CARNAUBA.jpg\",\"width\":800,\"height\":800,\"caption\":\"CSP | POLISH STAR CARNAUBA | Abrillantador y cera pulverizable\"},{\"@type\":\"BreadcrumbList\",\"@id\":\"https:\/\/arekson.com\/fr\/producto\/polish-star-carnauba-polish-rapide-avec-cire-de-carnauba\/#breadcrumb\",\"itemListElement\":[{\"@type\":\"ListItem\",\"position\":1,\"name\":\"Home\",\"item\":\"https:\/\/arekson.com\/fr\/\"},{\"@type\":\"ListItem\",\"position\":2,\"name\":\"Produits\",\"item\":\"https:\/\/arekson.com\/fr\/shop\/\"},{\"@type\":\"ListItem\",\"position\":3,\"name\":\"POLISH STAR CARNAUBA Polish rapide avec cire de carnauba\"}]},{\"@type\":\"WebSite\",\"@id\":\"https:\/\/arekson.com\/fr\/#website\",\"url\":\"https:\/\/arekson.com\/fr\/\",\"name\":\"Arekson Group\",\"description\":\"Marcas Referentes del Automovil Profesional\",\"publisher\":{\"@id\":\"https:\/\/arekson.com\/fr\/#organization\"},\"potentialAction\":[{\"@type\":\"SearchAction\",\"target\":{\"@type\":\"EntryPoint\",\"urlTemplate\":\"https:\/\/arekson.com\/fr\/?s={search_term_string}\"},\"query-input\":{\"@type\":\"PropertyValueSpecification\",\"valueRequired\":true,\"valueName\":\"search_term_string\"}}],\"inLanguage\":\"fr-FR\"},{\"@type\":\"Organization\",\"@id\":\"https:\/\/arekson.com\/fr\/#organization\",\"name\":\"Arekson Group\",\"url\":\"https:\/\/arekson.com\/fr\/\",\"logo\":{\"@type\":\"ImageObject\",\"inLanguage\":\"fr-FR\",\"@id\":\"https:\/\/arekson.com\/fr\/#\/schema\/logo\/image\/\",\"url\":\"https:\/\/arekson.com\/wp-content\/uploads\/2022\/06\/Arekson-Group-Logo-Gris.jpg\",\"contentUrl\":\"https:\/\/arekson.com\/wp-content\/uploads\/2022\/06\/Arekson-Group-Logo-Gris.jpg\",\"width\":174,\"height\":72,\"caption\":\"Arekson Group\"},\"image\":{\"@id\":\"https:\/\/arekson.com\/fr\/#\/schema\/logo\/image\/\"}}]}<\/script>\n<!-- \/ Yoast SEO plugin. -->","yoast_head_json":{"title":"CSP POLISH STAR CARNAUBA Polish rapide avec cire de carnauba","description":"POLISH STAR CARNAUBA Polish and spray wax PRODUITS DE LUSTRAGE REF: 950689 CSP","robots":{"index":"index","follow":"follow","max-snippet":"max-snippet:-1","max-image-preview":"max-image-preview:large","max-video-preview":"max-video-preview:-1"},"canonical":"https:\/\/arekson.com\/fr\/producto\/polish-star-carnauba-polish-rapide-avec-cire-de-carnauba\/","og_locale":"fr_FR","og_type":"article","og_title":"CSP POLISH STAR CARNAUBA Polish rapide avec cire de carnauba","og_description":"POLISH STAR CARNAUBA Polish and spray wax PRODUITS DE LUSTRAGE REF: 950689 CSP","og_url":"https:\/\/arekson.com\/fr\/producto\/polish-star-carnauba-polish-rapide-avec-cire-de-carnauba\/","og_site_name":"Arekson Group","article_modified_time":"2022-06-15T13:31:39+00:00","og_image":[{"width":800,"height":800,"url":"https:\/\/arekson.com\/wp-content\/uploads\/2022\/05\/950689-POLISH-STAR-CARNAUBA.jpg","type":"image\/jpeg"}],"twitter_card":"summary_large_image","schema":{"@context":"https:\/\/schema.org","@graph":[{"@type":"WebPage","@id":"https:\/\/arekson.com\/fr\/producto\/polish-star-carnauba-polish-rapide-avec-cire-de-carnauba\/","url":"https:\/\/arekson.com\/fr\/producto\/polish-star-carnauba-polish-rapide-avec-cire-de-carnauba\/","name":"CSP POLISH STAR CARNAUBA Polish rapide avec cire de carnauba","isPartOf":{"@id":"https:\/\/arekson.com\/fr\/#website"},"primaryImageOfPage":{"@id":"https:\/\/arekson.com\/fr\/producto\/polish-star-carnauba-polish-rapide-avec-cire-de-carnauba\/#primaryimage"},"image":{"@id":"https:\/\/arekson.com\/fr\/producto\/polish-star-carnauba-polish-rapide-avec-cire-de-carnauba\/#primaryimage"},"thumbnailUrl":"https:\/\/arekson.com\/wp-content\/uploads\/2022\/06\/950689-POLISH-STAR-CARNAUBA.jpg","datePublished":"2022-06-02T10:01:27+00:00","dateModified":"2022-06-15T13:31:39+00:00","description":"POLISH STAR CARNAUBA Polish and spray wax PRODUITS DE LUSTRAGE REF: 950689 CSP","breadcrumb":{"@id":"https:\/\/arekson.com\/fr\/producto\/polish-star-carnauba-polish-rapide-avec-cire-de-carnauba\/#breadcrumb"},"inLanguage":"fr-FR","potentialAction":[{"@type":"ReadAction","target":["https:\/\/arekson.com\/fr\/producto\/polish-star-carnauba-polish-rapide-avec-cire-de-carnauba\/"]}]},{"@type":"ImageObject","inLanguage":"fr-FR","@id":"https:\/\/arekson.com\/fr\/producto\/polish-star-carnauba-polish-rapide-avec-cire-de-carnauba\/#primaryimage","url":"https:\/\/arekson.com\/wp-content\/uploads\/2022\/06\/950689-POLISH-STAR-CARNAUBA.jpg","contentUrl":"https:\/\/arekson.com\/wp-content\/uploads\/2022\/06\/950689-POLISH-STAR-CARNAUBA.jpg","width":800,"height":800,"caption":"CSP | POLISH STAR CARNAUBA | Abrillantador y cera pulverizable"},{"@type":"BreadcrumbList","@id":"https:\/\/arekson.com\/fr\/producto\/polish-star-carnauba-polish-rapide-avec-cire-de-carnauba\/#breadcrumb","itemListElement":[{"@type":"ListItem","position":1,"name":"Home","item":"https:\/\/arekson.com\/fr\/"},{"@type":"ListItem","position":2,"name":"Produits","item":"https:\/\/arekson.com\/fr\/shop\/"},{"@type":"ListItem","position":3,"name":"POLISH STAR CARNAUBA Polish rapide avec cire de carnauba"}]},{"@type":"WebSite","@id":"https:\/\/arekson.com\/fr\/#website","url":"https:\/\/arekson.com\/fr\/","name":"Arekson Group","description":"Marcas Referentes del Automovil Profesional","publisher":{"@id":"https:\/\/arekson.com\/fr\/#organization"},"potentialAction":[{"@type":"SearchAction","target":{"@type":"EntryPoint","urlTemplate":"https:\/\/arekson.com\/fr\/?s={search_term_string}"},"query-input":{"@type":"PropertyValueSpecification","valueRequired":true,"valueName":"search_term_string"}}],"inLanguage":"fr-FR"},{"@type":"Organization","@id":"https:\/\/arekson.com\/fr\/#organization","name":"Arekson Group","url":"https:\/\/arekson.com\/fr\/","logo":{"@type":"ImageObject","inLanguage":"fr-FR","@id":"https:\/\/arekson.com\/fr\/#\/schema\/logo\/image\/","url":"https:\/\/arekson.com\/wp-content\/uploads\/2022\/06\/Arekson-Group-Logo-Gris.jpg","contentUrl":"https:\/\/arekson.com\/wp-content\/uploads\/2022\/06\/Arekson-Group-Logo-Gris.jpg","width":174,"height":72,"caption":"Arekson Group"},"image":{"@id":"https:\/\/arekson.com\/fr\/#\/schema\/logo\/image\/"}}]}},"_links":{"self":[{"href":"https:\/\/arekson.com\/fr\/wp-json\/wp\/v2\/product\/16318","targetHints":{"allow":["GET"]}}],"collection":[{"href":"https:\/\/arekson.com\/fr\/wp-json\/wp\/v2\/product"}],"about":[{"href":"https:\/\/arekson.com\/fr\/wp-json\/wp\/v2\/types\/product"}],"wp:featuredmedia":[{"embeddable":true,"href":"https:\/\/arekson.com\/fr\/wp-json\/wp\/v2\/media\/25044"}],"wp:attachment":[{"href":"https:\/\/arekson.com\/fr\/wp-json\/wp\/v2\/media?parent=16318"}],"wp:term":[{"taxonomy":"product_brand","embeddable":true,"href":"https:\/\/arekson.com\/fr\/wp-json\/wp\/v2\/product_brand?post=16318"},{"taxonomy":"product_cat","embeddable":true,"href":"https:\/\/arekson.com\/fr\/wp-json\/wp\/v2\/product_cat?post=16318"},{"taxonomy":"product_tag","embeddable":true,"href":"https:\/\/arekson.com\/fr\/wp-json\/wp\/v2\/product_tag?post=16318"}],"curies":[{"name":"wp","href":"https:\/\/api.w.org\/{rel}","templated":true}]}}