{"id":16316,"date":"2022-06-02T12:01:27","date_gmt":"2022-06-02T10:01:27","guid":{"rendered":"https:\/\/arekson.com\/producto\/paste-compound-pate-abrasive-et-finisseuse\/"},"modified":"2022-06-15T15:31:36","modified_gmt":"2022-06-15T13:31:36","slug":"paste-compound-pate-abrasive-et-finisseuse","status":"publish","type":"product","link":"https:\/\/arekson.com\/fr\/producto\/paste-compound-pate-abrasive-et-finisseuse\/","title":{"rendered":"<strong><span class=\"nom-corto\">PASTE COMPOUND <\/span><\/strong><br><span class=\"nom-largo\">P\u00e2te abrasive et finisseuse<\/span>"},"content":{"rendered":"","protected":false},"excerpt":{"rendered":"<p>P\u00e2te abrasive et polish pour la r\u00e9novation de peintures vieillies. Ne laisse pas de trace. Utiliser \u00e0 la main ou \u00e0 la machine.<\/p>\n","protected":false},"featured_media":7756,"template":"","meta":{"_et_pb_use_builder":"","_et_pb_old_content":"","_et_gb_content_width":""},"product_brand":[],"product_cat":[365,363,1105,1099],"product_tag":[],"class_list":{"0":"post-16316","1":"product","2":"type-product","3":"status-publish","4":"has-post-thumbnail","6":"product_cat-chimiques-csp","7":"product_cat-csp-fr","8":"product_cat-polissages-csp","9":"product_cat-produits-de-polissage-et-lustrage-csp","10":"pa_ok-csp-fr-ref-950688-blanc-conditionnement-en-fer-blanc-500-ml-12-unites","12":"first","13":"outofstock","14":"purchasable","15":"product-type-variable"},"yoast_head":"<!-- This site is optimized with the Yoast SEO plugin v27.2 - https:\/\/yoast.com\/product\/yoast-seo-wordpress\/ -->\n<title>CSP PASTE COMPOUND P\u00e2te abrasive et finisseuse<\/title>\n<meta name=\"description\" content=\"PASTE COMPOUND Polishing paste POLISSAGE REF: 950688 CSP\" \/>\n<meta name=\"robots\" content=\"index, follow, max-snippet:-1, max-image-preview:large, max-video-preview:-1\" \/>\n<link rel=\"canonical\" href=\"https:\/\/arekson.com\/fr\/producto\/paste-compound-pate-abrasive-et-finisseuse\/\" \/>\n<meta property=\"og:locale\" content=\"fr_FR\" \/>\n<meta property=\"og:type\" content=\"article\" \/>\n<meta property=\"og:title\" content=\"CSP PASTE COMPOUND P\u00e2te abrasive et finisseuse\" \/>\n<meta property=\"og:description\" content=\"PASTE COMPOUND Polishing paste POLISSAGE REF: 950688 CSP\" \/>\n<meta property=\"og:url\" content=\"https:\/\/arekson.com\/fr\/producto\/paste-compound-pate-abrasive-et-finisseuse\/\" \/>\n<meta property=\"og:site_name\" content=\"Arekson Group\" \/>\n<meta property=\"article:modified_time\" content=\"2022-06-15T13:31:36+00:00\" \/>\n<meta property=\"og:image\" content=\"https:\/\/arekson.com\/wp-content\/uploads\/2022\/05\/950688-PASTE-COMPOUND.jpg\" \/>\n\t<meta property=\"og:image:width\" content=\"800\" \/>\n\t<meta property=\"og:image:height\" content=\"800\" \/>\n\t<meta property=\"og:image:type\" content=\"image\/jpeg\" \/>\n<meta name=\"twitter:card\" content=\"summary_large_image\" \/>\n<script type=\"application\/ld+json\" class=\"yoast-schema-graph\">{\"@context\":\"https:\/\/schema.org\",\"@graph\":[{\"@type\":\"WebPage\",\"@id\":\"https:\/\/arekson.com\/fr\/producto\/paste-compound-pate-abrasive-et-finisseuse\/\",\"url\":\"https:\/\/arekson.com\/fr\/producto\/paste-compound-pate-abrasive-et-finisseuse\/\",\"name\":\"CSP PASTE COMPOUND P\u00e2te abrasive et finisseuse\",\"isPartOf\":{\"@id\":\"https:\/\/arekson.com\/fr\/#website\"},\"primaryImageOfPage\":{\"@id\":\"https:\/\/arekson.com\/fr\/producto\/paste-compound-pate-abrasive-et-finisseuse\/#primaryimage\"},\"image\":{\"@id\":\"https:\/\/arekson.com\/fr\/producto\/paste-compound-pate-abrasive-et-finisseuse\/#primaryimage\"},\"thumbnailUrl\":\"https:\/\/arekson.com\/wp-content\/uploads\/2022\/05\/950688-PASTE-COMPOUND.jpg\",\"datePublished\":\"2022-06-02T10:01:27+00:00\",\"dateModified\":\"2022-06-15T13:31:36+00:00\",\"description\":\"PASTE COMPOUND Polishing paste POLISSAGE REF: 950688 CSP\",\"breadcrumb\":{\"@id\":\"https:\/\/arekson.com\/fr\/producto\/paste-compound-pate-abrasive-et-finisseuse\/#breadcrumb\"},\"inLanguage\":\"fr-FR\",\"potentialAction\":[{\"@type\":\"ReadAction\",\"target\":[\"https:\/\/arekson.com\/fr\/producto\/paste-compound-pate-abrasive-et-finisseuse\/\"]}]},{\"@type\":\"ImageObject\",\"inLanguage\":\"fr-FR\",\"@id\":\"https:\/\/arekson.com\/fr\/producto\/paste-compound-pate-abrasive-et-finisseuse\/#primaryimage\",\"url\":\"https:\/\/arekson.com\/wp-content\/uploads\/2022\/05\/950688-PASTE-COMPOUND.jpg\",\"contentUrl\":\"https:\/\/arekson.com\/wp-content\/uploads\/2022\/05\/950688-PASTE-COMPOUND.jpg\",\"width\":800,\"height\":800},{\"@type\":\"BreadcrumbList\",\"@id\":\"https:\/\/arekson.com\/fr\/producto\/paste-compound-pate-abrasive-et-finisseuse\/#breadcrumb\",\"itemListElement\":[{\"@type\":\"ListItem\",\"position\":1,\"name\":\"Home\",\"item\":\"https:\/\/arekson.com\/fr\/\"},{\"@type\":\"ListItem\",\"position\":2,\"name\":\"Produits\",\"item\":\"https:\/\/arekson.com\/fr\/shop\/\"},{\"@type\":\"ListItem\",\"position\":3,\"name\":\"PASTE COMPOUND P\u00e2te abrasive et finisseuse\"}]},{\"@type\":\"WebSite\",\"@id\":\"https:\/\/arekson.com\/fr\/#website\",\"url\":\"https:\/\/arekson.com\/fr\/\",\"name\":\"Arekson Group\",\"description\":\"Marcas Referentes del Automovil Profesional\",\"publisher\":{\"@id\":\"https:\/\/arekson.com\/fr\/#organization\"},\"potentialAction\":[{\"@type\":\"SearchAction\",\"target\":{\"@type\":\"EntryPoint\",\"urlTemplate\":\"https:\/\/arekson.com\/fr\/?s={search_term_string}\"},\"query-input\":{\"@type\":\"PropertyValueSpecification\",\"valueRequired\":true,\"valueName\":\"search_term_string\"}}],\"inLanguage\":\"fr-FR\"},{\"@type\":\"Organization\",\"@id\":\"https:\/\/arekson.com\/fr\/#organization\",\"name\":\"Arekson Group\",\"url\":\"https:\/\/arekson.com\/fr\/\",\"logo\":{\"@type\":\"ImageObject\",\"inLanguage\":\"fr-FR\",\"@id\":\"https:\/\/arekson.com\/fr\/#\/schema\/logo\/image\/\",\"url\":\"https:\/\/arekson.com\/wp-content\/uploads\/2022\/06\/Arekson-Group-Logo-Gris.jpg\",\"contentUrl\":\"https:\/\/arekson.com\/wp-content\/uploads\/2022\/06\/Arekson-Group-Logo-Gris.jpg\",\"width\":174,\"height\":72,\"caption\":\"Arekson Group\"},\"image\":{\"@id\":\"https:\/\/arekson.com\/fr\/#\/schema\/logo\/image\/\"}}]}<\/script>\n<!-- \/ Yoast SEO plugin. -->","yoast_head_json":{"title":"CSP PASTE COMPOUND P\u00e2te abrasive et finisseuse","description":"PASTE COMPOUND Polishing paste POLISSAGE REF: 950688 CSP","robots":{"index":"index","follow":"follow","max-snippet":"max-snippet:-1","max-image-preview":"max-image-preview:large","max-video-preview":"max-video-preview:-1"},"canonical":"https:\/\/arekson.com\/fr\/producto\/paste-compound-pate-abrasive-et-finisseuse\/","og_locale":"fr_FR","og_type":"article","og_title":"CSP PASTE COMPOUND P\u00e2te abrasive et finisseuse","og_description":"PASTE COMPOUND Polishing paste POLISSAGE REF: 950688 CSP","og_url":"https:\/\/arekson.com\/fr\/producto\/paste-compound-pate-abrasive-et-finisseuse\/","og_site_name":"Arekson Group","article_modified_time":"2022-06-15T13:31:36+00:00","og_image":[{"width":800,"height":800,"url":"https:\/\/arekson.com\/wp-content\/uploads\/2022\/05\/950688-PASTE-COMPOUND.jpg","type":"image\/jpeg"}],"twitter_card":"summary_large_image","schema":{"@context":"https:\/\/schema.org","@graph":[{"@type":"WebPage","@id":"https:\/\/arekson.com\/fr\/producto\/paste-compound-pate-abrasive-et-finisseuse\/","url":"https:\/\/arekson.com\/fr\/producto\/paste-compound-pate-abrasive-et-finisseuse\/","name":"CSP PASTE COMPOUND P\u00e2te abrasive et finisseuse","isPartOf":{"@id":"https:\/\/arekson.com\/fr\/#website"},"primaryImageOfPage":{"@id":"https:\/\/arekson.com\/fr\/producto\/paste-compound-pate-abrasive-et-finisseuse\/#primaryimage"},"image":{"@id":"https:\/\/arekson.com\/fr\/producto\/paste-compound-pate-abrasive-et-finisseuse\/#primaryimage"},"thumbnailUrl":"https:\/\/arekson.com\/wp-content\/uploads\/2022\/05\/950688-PASTE-COMPOUND.jpg","datePublished":"2022-06-02T10:01:27+00:00","dateModified":"2022-06-15T13:31:36+00:00","description":"PASTE COMPOUND Polishing paste POLISSAGE REF: 950688 CSP","breadcrumb":{"@id":"https:\/\/arekson.com\/fr\/producto\/paste-compound-pate-abrasive-et-finisseuse\/#breadcrumb"},"inLanguage":"fr-FR","potentialAction":[{"@type":"ReadAction","target":["https:\/\/arekson.com\/fr\/producto\/paste-compound-pate-abrasive-et-finisseuse\/"]}]},{"@type":"ImageObject","inLanguage":"fr-FR","@id":"https:\/\/arekson.com\/fr\/producto\/paste-compound-pate-abrasive-et-finisseuse\/#primaryimage","url":"https:\/\/arekson.com\/wp-content\/uploads\/2022\/05\/950688-PASTE-COMPOUND.jpg","contentUrl":"https:\/\/arekson.com\/wp-content\/uploads\/2022\/05\/950688-PASTE-COMPOUND.jpg","width":800,"height":800},{"@type":"BreadcrumbList","@id":"https:\/\/arekson.com\/fr\/producto\/paste-compound-pate-abrasive-et-finisseuse\/#breadcrumb","itemListElement":[{"@type":"ListItem","position":1,"name":"Home","item":"https:\/\/arekson.com\/fr\/"},{"@type":"ListItem","position":2,"name":"Produits","item":"https:\/\/arekson.com\/fr\/shop\/"},{"@type":"ListItem","position":3,"name":"PASTE COMPOUND P\u00e2te abrasive et finisseuse"}]},{"@type":"WebSite","@id":"https:\/\/arekson.com\/fr\/#website","url":"https:\/\/arekson.com\/fr\/","name":"Arekson Group","description":"Marcas Referentes del Automovil Profesional","publisher":{"@id":"https:\/\/arekson.com\/fr\/#organization"},"potentialAction":[{"@type":"SearchAction","target":{"@type":"EntryPoint","urlTemplate":"https:\/\/arekson.com\/fr\/?s={search_term_string}"},"query-input":{"@type":"PropertyValueSpecification","valueRequired":true,"valueName":"search_term_string"}}],"inLanguage":"fr-FR"},{"@type":"Organization","@id":"https:\/\/arekson.com\/fr\/#organization","name":"Arekson Group","url":"https:\/\/arekson.com\/fr\/","logo":{"@type":"ImageObject","inLanguage":"fr-FR","@id":"https:\/\/arekson.com\/fr\/#\/schema\/logo\/image\/","url":"https:\/\/arekson.com\/wp-content\/uploads\/2022\/06\/Arekson-Group-Logo-Gris.jpg","contentUrl":"https:\/\/arekson.com\/wp-content\/uploads\/2022\/06\/Arekson-Group-Logo-Gris.jpg","width":174,"height":72,"caption":"Arekson Group"},"image":{"@id":"https:\/\/arekson.com\/fr\/#\/schema\/logo\/image\/"}}]}},"_links":{"self":[{"href":"https:\/\/arekson.com\/fr\/wp-json\/wp\/v2\/product\/16316","targetHints":{"allow":["GET"]}}],"collection":[{"href":"https:\/\/arekson.com\/fr\/wp-json\/wp\/v2\/product"}],"about":[{"href":"https:\/\/arekson.com\/fr\/wp-json\/wp\/v2\/types\/product"}],"wp:featuredmedia":[{"embeddable":true,"href":"https:\/\/arekson.com\/fr\/wp-json\/wp\/v2\/media\/7756"}],"wp:attachment":[{"href":"https:\/\/arekson.com\/fr\/wp-json\/wp\/v2\/media?parent=16316"}],"wp:term":[{"taxonomy":"product_brand","embeddable":true,"href":"https:\/\/arekson.com\/fr\/wp-json\/wp\/v2\/product_brand?post=16316"},{"taxonomy":"product_cat","embeddable":true,"href":"https:\/\/arekson.com\/fr\/wp-json\/wp\/v2\/product_cat?post=16316"},{"taxonomy":"product_tag","embeddable":true,"href":"https:\/\/arekson.com\/fr\/wp-json\/wp\/v2\/product_tag?post=16316"}],"curies":[{"name":"wp","href":"https:\/\/api.w.org\/{rel}","templated":true}]}}