{"id":16303,"date":"2022-06-02T12:01:21","date_gmt":"2022-06-02T10:01:21","guid":{"rendered":"https:\/\/arekson.com\/producto\/gloss-black-noir-brillant-acrylique\/"},"modified":"2022-06-15T15:31:16","modified_gmt":"2022-06-15T13:31:16","slug":"gloss-black-noir-brillant-acrylique","status":"publish","type":"product","link":"https:\/\/arekson.com\/fr\/producto\/gloss-black-noir-brillant-acrylique\/","title":{"rendered":"<strong><span class=\"nom-corto\">GLOSS BLACK <\/span><\/strong><br><span class=\"nom-largo\">Noir brillant acrylique<\/span>"},"content":{"rendered":"","protected":false},"excerpt":{"rendered":"<p>Noir brillant acrylique en a\u00e9rosol \u00e0 s\u00e9chage rapide et bon pouvoir couvrant. Excellente adh\u00e9sion sur diff\u00e9rentes surfaces comme le bois, m\u00e9tal, verre et diff\u00e9rents types de mati\u00e8res plastiques. Prot\u00e8ge contre la corrosion. R\u00e9sistant \u00e0 l&rsquo;essence, aux substances chimiques, aux intemp\u00e9ries et aux rayons ultraviolets.<\/p>\n","protected":false},"featured_media":7609,"template":"","meta":{"_et_pb_use_builder":"","_et_pb_old_content":"","_et_gb_content_width":""},"product_brand":[],"product_cat":[365,363,1075,1069],"product_tag":[],"class_list":{"0":"post-16303","1":"product","2":"type-product","3":"status-publish","4":"has-post-thumbnail","6":"product_cat-chimiques-csp","7":"product_cat-csp-fr","8":"product_cat-peintures-csp","9":"product_cat-vernis-peintures-dissolvants-csp","10":"pa_ok-csp-fr-ref-950598-noir-brillance-spray-400-ml-12-unites","12":"first","13":"outofstock","14":"purchasable","15":"product-type-variable"},"yoast_head":"<!-- This site is optimized with the Yoast SEO plugin v27.2 - https:\/\/yoast.com\/product\/yoast-seo-wordpress\/ -->\n<title>CSP GLOSS BLACK Noir brillant acrylique<\/title>\n<meta name=\"description\" content=\"GLOSS BLACK Gloss black spray PEINTURES REF: 950598 CSP\" \/>\n<meta name=\"robots\" content=\"index, follow, max-snippet:-1, max-image-preview:large, max-video-preview:-1\" \/>\n<link rel=\"canonical\" href=\"https:\/\/arekson.com\/fr\/producto\/gloss-black-noir-brillant-acrylique\/\" \/>\n<meta property=\"og:locale\" content=\"fr_FR\" \/>\n<meta property=\"og:type\" content=\"article\" \/>\n<meta property=\"og:title\" content=\"CSP GLOSS BLACK Noir brillant acrylique\" \/>\n<meta property=\"og:description\" content=\"GLOSS BLACK Gloss black spray PEINTURES REF: 950598 CSP\" \/>\n<meta property=\"og:url\" content=\"https:\/\/arekson.com\/fr\/producto\/gloss-black-noir-brillant-acrylique\/\" \/>\n<meta property=\"og:site_name\" content=\"Arekson Group\" \/>\n<meta property=\"article:modified_time\" content=\"2022-06-15T13:31:16+00:00\" \/>\n<meta property=\"og:image\" content=\"https:\/\/arekson.com\/wp-content\/uploads\/2022\/05\/950598-GLOSS-BLACK.jpg\" \/>\n\t<meta property=\"og:image:width\" content=\"800\" \/>\n\t<meta property=\"og:image:height\" content=\"800\" \/>\n\t<meta property=\"og:image:type\" content=\"image\/jpeg\" \/>\n<meta name=\"twitter:card\" content=\"summary_large_image\" \/>\n<script type=\"application\/ld+json\" class=\"yoast-schema-graph\">{\"@context\":\"https:\/\/schema.org\",\"@graph\":[{\"@type\":\"WebPage\",\"@id\":\"https:\/\/arekson.com\/fr\/producto\/gloss-black-noir-brillant-acrylique\/\",\"url\":\"https:\/\/arekson.com\/fr\/producto\/gloss-black-noir-brillant-acrylique\/\",\"name\":\"CSP GLOSS BLACK Noir brillant acrylique\",\"isPartOf\":{\"@id\":\"https:\/\/arekson.com\/fr\/#website\"},\"primaryImageOfPage\":{\"@id\":\"https:\/\/arekson.com\/fr\/producto\/gloss-black-noir-brillant-acrylique\/#primaryimage\"},\"image\":{\"@id\":\"https:\/\/arekson.com\/fr\/producto\/gloss-black-noir-brillant-acrylique\/#primaryimage\"},\"thumbnailUrl\":\"https:\/\/arekson.com\/wp-content\/uploads\/2022\/05\/950598-GLOSS-BLACK.jpg\",\"datePublished\":\"2022-06-02T10:01:21+00:00\",\"dateModified\":\"2022-06-15T13:31:16+00:00\",\"description\":\"GLOSS BLACK Gloss black spray PEINTURES REF: 950598 CSP\",\"breadcrumb\":{\"@id\":\"https:\/\/arekson.com\/fr\/producto\/gloss-black-noir-brillant-acrylique\/#breadcrumb\"},\"inLanguage\":\"fr-FR\",\"potentialAction\":[{\"@type\":\"ReadAction\",\"target\":[\"https:\/\/arekson.com\/fr\/producto\/gloss-black-noir-brillant-acrylique\/\"]}]},{\"@type\":\"ImageObject\",\"inLanguage\":\"fr-FR\",\"@id\":\"https:\/\/arekson.com\/fr\/producto\/gloss-black-noir-brillant-acrylique\/#primaryimage\",\"url\":\"https:\/\/arekson.com\/wp-content\/uploads\/2022\/05\/950598-GLOSS-BLACK.jpg\",\"contentUrl\":\"https:\/\/arekson.com\/wp-content\/uploads\/2022\/05\/950598-GLOSS-BLACK.jpg\",\"width\":800,\"height\":800},{\"@type\":\"BreadcrumbList\",\"@id\":\"https:\/\/arekson.com\/fr\/producto\/gloss-black-noir-brillant-acrylique\/#breadcrumb\",\"itemListElement\":[{\"@type\":\"ListItem\",\"position\":1,\"name\":\"Home\",\"item\":\"https:\/\/arekson.com\/fr\/\"},{\"@type\":\"ListItem\",\"position\":2,\"name\":\"Produits\",\"item\":\"https:\/\/arekson.com\/fr\/shop\/\"},{\"@type\":\"ListItem\",\"position\":3,\"name\":\"GLOSS BLACK Noir brillant acrylique\"}]},{\"@type\":\"WebSite\",\"@id\":\"https:\/\/arekson.com\/fr\/#website\",\"url\":\"https:\/\/arekson.com\/fr\/\",\"name\":\"Arekson Group\",\"description\":\"Marcas Referentes del Automovil Profesional\",\"publisher\":{\"@id\":\"https:\/\/arekson.com\/fr\/#organization\"},\"potentialAction\":[{\"@type\":\"SearchAction\",\"target\":{\"@type\":\"EntryPoint\",\"urlTemplate\":\"https:\/\/arekson.com\/fr\/?s={search_term_string}\"},\"query-input\":{\"@type\":\"PropertyValueSpecification\",\"valueRequired\":true,\"valueName\":\"search_term_string\"}}],\"inLanguage\":\"fr-FR\"},{\"@type\":\"Organization\",\"@id\":\"https:\/\/arekson.com\/fr\/#organization\",\"name\":\"Arekson Group\",\"url\":\"https:\/\/arekson.com\/fr\/\",\"logo\":{\"@type\":\"ImageObject\",\"inLanguage\":\"fr-FR\",\"@id\":\"https:\/\/arekson.com\/fr\/#\/schema\/logo\/image\/\",\"url\":\"https:\/\/arekson.com\/wp-content\/uploads\/2022\/06\/Arekson-Group-Logo-Gris.jpg\",\"contentUrl\":\"https:\/\/arekson.com\/wp-content\/uploads\/2022\/06\/Arekson-Group-Logo-Gris.jpg\",\"width\":174,\"height\":72,\"caption\":\"Arekson Group\"},\"image\":{\"@id\":\"https:\/\/arekson.com\/fr\/#\/schema\/logo\/image\/\"}}]}<\/script>\n<!-- \/ Yoast SEO plugin. -->","yoast_head_json":{"title":"CSP GLOSS BLACK Noir brillant acrylique","description":"GLOSS BLACK Gloss black spray PEINTURES REF: 950598 CSP","robots":{"index":"index","follow":"follow","max-snippet":"max-snippet:-1","max-image-preview":"max-image-preview:large","max-video-preview":"max-video-preview:-1"},"canonical":"https:\/\/arekson.com\/fr\/producto\/gloss-black-noir-brillant-acrylique\/","og_locale":"fr_FR","og_type":"article","og_title":"CSP GLOSS BLACK Noir brillant acrylique","og_description":"GLOSS BLACK Gloss black spray PEINTURES REF: 950598 CSP","og_url":"https:\/\/arekson.com\/fr\/producto\/gloss-black-noir-brillant-acrylique\/","og_site_name":"Arekson Group","article_modified_time":"2022-06-15T13:31:16+00:00","og_image":[{"width":800,"height":800,"url":"https:\/\/arekson.com\/wp-content\/uploads\/2022\/05\/950598-GLOSS-BLACK.jpg","type":"image\/jpeg"}],"twitter_card":"summary_large_image","schema":{"@context":"https:\/\/schema.org","@graph":[{"@type":"WebPage","@id":"https:\/\/arekson.com\/fr\/producto\/gloss-black-noir-brillant-acrylique\/","url":"https:\/\/arekson.com\/fr\/producto\/gloss-black-noir-brillant-acrylique\/","name":"CSP GLOSS BLACK Noir brillant acrylique","isPartOf":{"@id":"https:\/\/arekson.com\/fr\/#website"},"primaryImageOfPage":{"@id":"https:\/\/arekson.com\/fr\/producto\/gloss-black-noir-brillant-acrylique\/#primaryimage"},"image":{"@id":"https:\/\/arekson.com\/fr\/producto\/gloss-black-noir-brillant-acrylique\/#primaryimage"},"thumbnailUrl":"https:\/\/arekson.com\/wp-content\/uploads\/2022\/05\/950598-GLOSS-BLACK.jpg","datePublished":"2022-06-02T10:01:21+00:00","dateModified":"2022-06-15T13:31:16+00:00","description":"GLOSS BLACK Gloss black spray PEINTURES REF: 950598 CSP","breadcrumb":{"@id":"https:\/\/arekson.com\/fr\/producto\/gloss-black-noir-brillant-acrylique\/#breadcrumb"},"inLanguage":"fr-FR","potentialAction":[{"@type":"ReadAction","target":["https:\/\/arekson.com\/fr\/producto\/gloss-black-noir-brillant-acrylique\/"]}]},{"@type":"ImageObject","inLanguage":"fr-FR","@id":"https:\/\/arekson.com\/fr\/producto\/gloss-black-noir-brillant-acrylique\/#primaryimage","url":"https:\/\/arekson.com\/wp-content\/uploads\/2022\/05\/950598-GLOSS-BLACK.jpg","contentUrl":"https:\/\/arekson.com\/wp-content\/uploads\/2022\/05\/950598-GLOSS-BLACK.jpg","width":800,"height":800},{"@type":"BreadcrumbList","@id":"https:\/\/arekson.com\/fr\/producto\/gloss-black-noir-brillant-acrylique\/#breadcrumb","itemListElement":[{"@type":"ListItem","position":1,"name":"Home","item":"https:\/\/arekson.com\/fr\/"},{"@type":"ListItem","position":2,"name":"Produits","item":"https:\/\/arekson.com\/fr\/shop\/"},{"@type":"ListItem","position":3,"name":"GLOSS BLACK Noir brillant acrylique"}]},{"@type":"WebSite","@id":"https:\/\/arekson.com\/fr\/#website","url":"https:\/\/arekson.com\/fr\/","name":"Arekson Group","description":"Marcas Referentes del Automovil Profesional","publisher":{"@id":"https:\/\/arekson.com\/fr\/#organization"},"potentialAction":[{"@type":"SearchAction","target":{"@type":"EntryPoint","urlTemplate":"https:\/\/arekson.com\/fr\/?s={search_term_string}"},"query-input":{"@type":"PropertyValueSpecification","valueRequired":true,"valueName":"search_term_string"}}],"inLanguage":"fr-FR"},{"@type":"Organization","@id":"https:\/\/arekson.com\/fr\/#organization","name":"Arekson Group","url":"https:\/\/arekson.com\/fr\/","logo":{"@type":"ImageObject","inLanguage":"fr-FR","@id":"https:\/\/arekson.com\/fr\/#\/schema\/logo\/image\/","url":"https:\/\/arekson.com\/wp-content\/uploads\/2022\/06\/Arekson-Group-Logo-Gris.jpg","contentUrl":"https:\/\/arekson.com\/wp-content\/uploads\/2022\/06\/Arekson-Group-Logo-Gris.jpg","width":174,"height":72,"caption":"Arekson Group"},"image":{"@id":"https:\/\/arekson.com\/fr\/#\/schema\/logo\/image\/"}}]}},"_links":{"self":[{"href":"https:\/\/arekson.com\/fr\/wp-json\/wp\/v2\/product\/16303","targetHints":{"allow":["GET"]}}],"collection":[{"href":"https:\/\/arekson.com\/fr\/wp-json\/wp\/v2\/product"}],"about":[{"href":"https:\/\/arekson.com\/fr\/wp-json\/wp\/v2\/types\/product"}],"wp:featuredmedia":[{"embeddable":true,"href":"https:\/\/arekson.com\/fr\/wp-json\/wp\/v2\/media\/7609"}],"wp:attachment":[{"href":"https:\/\/arekson.com\/fr\/wp-json\/wp\/v2\/media?parent=16303"}],"wp:term":[{"taxonomy":"product_brand","embeddable":true,"href":"https:\/\/arekson.com\/fr\/wp-json\/wp\/v2\/product_brand?post=16303"},{"taxonomy":"product_cat","embeddable":true,"href":"https:\/\/arekson.com\/fr\/wp-json\/wp\/v2\/product_cat?post=16303"},{"taxonomy":"product_tag","embeddable":true,"href":"https:\/\/arekson.com\/fr\/wp-json\/wp\/v2\/product_tag?post=16303"}],"curies":[{"name":"wp","href":"https:\/\/api.w.org\/{rel}","templated":true}]}}