{"id":16293,"date":"2022-06-02T12:01:17","date_gmt":"2022-06-02T10:01:17","guid":{"rendered":"https:\/\/arekson.com\/producto\/kit-headlight-clear-coat-vernis-pour-phares-en-polycarbonate-pc\/"},"modified":"2022-06-15T15:31:04","modified_gmt":"2022-06-15T13:31:04","slug":"kit-headlight-clear-coat-vernis-pour-phares-en-polycarbonate-pc","status":"publish","type":"product","link":"https:\/\/arekson.com\/fr\/producto\/kit-headlight-clear-coat-vernis-pour-phares-en-polycarbonate-pc\/","title":{"rendered":"<strong><span class=\"nom-corto\">KIT HEADLIGHT CLEAR COAT <\/span><\/strong><br><span class=\"nom-largo\">Vernis pour phares en polycarbonate PC<\/span>"},"content":{"rendered":"","protected":false},"excerpt":{"rendered":"<p>Vernis UHS sp\u00e9cial \u00e0 deux composants \u00e0 haute r\u00e9sistance et adh\u00e9rence sur les phares en polycarbonate. Protecteur contre les U.V. et les agents atmosph\u00e9riques. \u00c9galement pour les composants nautiques en plastique TRANSPARENT. Kit compos\u00e9 de 2 jeux de 250 ml. Vernis A et catalyseur B<\/p>\n","protected":false},"featured_media":7744,"template":"","meta":{"_et_pb_use_builder":"","_et_pb_old_content":"","_et_gb_content_width":""},"product_brand":[],"product_cat":[365,363,1069,1071],"product_tag":[],"class_list":{"0":"post-16293","1":"product","2":"type-product","3":"status-publish","4":"has-post-thumbnail","6":"product_cat-chimiques-csp","7":"product_cat-csp-fr","8":"product_cat-vernis-peintures-dissolvants-csp","9":"product_cat-vernis-uhs-csp","10":"pa_ok-csp-fr-ref-950684-transparent-etui-kit-1-unite","12":"first","13":"outofstock","14":"purchasable","15":"product-type-variable"},"yoast_head":"<!-- This site is optimized with the Yoast SEO plugin v27.2 - https:\/\/yoast.com\/product\/yoast-seo-wordpress\/ -->\n<title>CSP KIT HEADLIGHT CLEAR COAT Vernis pour phares en polycarbonate PC<\/title>\n<meta name=\"description\" content=\"KIT HEADLIGHT CLEAR COAT Headlight Clearcoat VERNIS UHS REF: 950684 CSP\" \/>\n<meta name=\"robots\" content=\"index, follow, max-snippet:-1, max-image-preview:large, max-video-preview:-1\" \/>\n<link rel=\"canonical\" href=\"https:\/\/arekson.com\/fr\/producto\/kit-headlight-clear-coat-vernis-pour-phares-en-polycarbonate-pc\/\" \/>\n<meta property=\"og:locale\" content=\"fr_FR\" \/>\n<meta property=\"og:type\" content=\"article\" \/>\n<meta property=\"og:title\" content=\"CSP KIT HEADLIGHT CLEAR COAT Vernis pour phares en polycarbonate PC\" \/>\n<meta property=\"og:description\" content=\"KIT HEADLIGHT CLEAR COAT Headlight Clearcoat VERNIS UHS REF: 950684 CSP\" \/>\n<meta property=\"og:url\" content=\"https:\/\/arekson.com\/fr\/producto\/kit-headlight-clear-coat-vernis-pour-phares-en-polycarbonate-pc\/\" \/>\n<meta property=\"og:site_name\" content=\"Arekson Group\" \/>\n<meta property=\"article:modified_time\" content=\"2022-06-15T13:31:04+00:00\" \/>\n<meta property=\"og:image\" content=\"https:\/\/arekson.com\/wp-content\/uploads\/2022\/05\/950684-KIT-HEADLIGHT-CLEAR-COAT-1.jpg\" \/>\n\t<meta property=\"og:image:width\" content=\"800\" \/>\n\t<meta property=\"og:image:height\" content=\"800\" \/>\n\t<meta property=\"og:image:type\" content=\"image\/jpeg\" \/>\n<meta name=\"twitter:card\" content=\"summary_large_image\" \/>\n<script type=\"application\/ld+json\" class=\"yoast-schema-graph\">{\"@context\":\"https:\/\/schema.org\",\"@graph\":[{\"@type\":\"WebPage\",\"@id\":\"https:\/\/arekson.com\/fr\/producto\/kit-headlight-clear-coat-vernis-pour-phares-en-polycarbonate-pc\/\",\"url\":\"https:\/\/arekson.com\/fr\/producto\/kit-headlight-clear-coat-vernis-pour-phares-en-polycarbonate-pc\/\",\"name\":\"CSP KIT HEADLIGHT CLEAR COAT Vernis pour phares en polycarbonate PC\",\"isPartOf\":{\"@id\":\"https:\/\/arekson.com\/fr\/#website\"},\"primaryImageOfPage\":{\"@id\":\"https:\/\/arekson.com\/fr\/producto\/kit-headlight-clear-coat-vernis-pour-phares-en-polycarbonate-pc\/#primaryimage\"},\"image\":{\"@id\":\"https:\/\/arekson.com\/fr\/producto\/kit-headlight-clear-coat-vernis-pour-phares-en-polycarbonate-pc\/#primaryimage\"},\"thumbnailUrl\":\"https:\/\/arekson.com\/wp-content\/uploads\/2022\/05\/950684-KIT-HEADLIGHT-CLEAR-COAT-1.jpg\",\"datePublished\":\"2022-06-02T10:01:17+00:00\",\"dateModified\":\"2022-06-15T13:31:04+00:00\",\"description\":\"KIT HEADLIGHT CLEAR COAT Headlight Clearcoat VERNIS UHS REF: 950684 CSP\",\"breadcrumb\":{\"@id\":\"https:\/\/arekson.com\/fr\/producto\/kit-headlight-clear-coat-vernis-pour-phares-en-polycarbonate-pc\/#breadcrumb\"},\"inLanguage\":\"fr-FR\",\"potentialAction\":[{\"@type\":\"ReadAction\",\"target\":[\"https:\/\/arekson.com\/fr\/producto\/kit-headlight-clear-coat-vernis-pour-phares-en-polycarbonate-pc\/\"]}]},{\"@type\":\"ImageObject\",\"inLanguage\":\"fr-FR\",\"@id\":\"https:\/\/arekson.com\/fr\/producto\/kit-headlight-clear-coat-vernis-pour-phares-en-polycarbonate-pc\/#primaryimage\",\"url\":\"https:\/\/arekson.com\/wp-content\/uploads\/2022\/05\/950684-KIT-HEADLIGHT-CLEAR-COAT-1.jpg\",\"contentUrl\":\"https:\/\/arekson.com\/wp-content\/uploads\/2022\/05\/950684-KIT-HEADLIGHT-CLEAR-COAT-1.jpg\",\"width\":800,\"height\":800},{\"@type\":\"BreadcrumbList\",\"@id\":\"https:\/\/arekson.com\/fr\/producto\/kit-headlight-clear-coat-vernis-pour-phares-en-polycarbonate-pc\/#breadcrumb\",\"itemListElement\":[{\"@type\":\"ListItem\",\"position\":1,\"name\":\"Home\",\"item\":\"https:\/\/arekson.com\/fr\/\"},{\"@type\":\"ListItem\",\"position\":2,\"name\":\"Produits\",\"item\":\"https:\/\/arekson.com\/fr\/shop\/\"},{\"@type\":\"ListItem\",\"position\":3,\"name\":\"KIT HEADLIGHT CLEAR COAT Vernis pour phares en polycarbonate PC\"}]},{\"@type\":\"WebSite\",\"@id\":\"https:\/\/arekson.com\/fr\/#website\",\"url\":\"https:\/\/arekson.com\/fr\/\",\"name\":\"Arekson Group\",\"description\":\"Marcas Referentes del Automovil Profesional\",\"publisher\":{\"@id\":\"https:\/\/arekson.com\/fr\/#organization\"},\"potentialAction\":[{\"@type\":\"SearchAction\",\"target\":{\"@type\":\"EntryPoint\",\"urlTemplate\":\"https:\/\/arekson.com\/fr\/?s={search_term_string}\"},\"query-input\":{\"@type\":\"PropertyValueSpecification\",\"valueRequired\":true,\"valueName\":\"search_term_string\"}}],\"inLanguage\":\"fr-FR\"},{\"@type\":\"Organization\",\"@id\":\"https:\/\/arekson.com\/fr\/#organization\",\"name\":\"Arekson Group\",\"url\":\"https:\/\/arekson.com\/fr\/\",\"logo\":{\"@type\":\"ImageObject\",\"inLanguage\":\"fr-FR\",\"@id\":\"https:\/\/arekson.com\/fr\/#\/schema\/logo\/image\/\",\"url\":\"https:\/\/arekson.com\/wp-content\/uploads\/2022\/06\/Arekson-Group-Logo-Gris.jpg\",\"contentUrl\":\"https:\/\/arekson.com\/wp-content\/uploads\/2022\/06\/Arekson-Group-Logo-Gris.jpg\",\"width\":174,\"height\":72,\"caption\":\"Arekson Group\"},\"image\":{\"@id\":\"https:\/\/arekson.com\/fr\/#\/schema\/logo\/image\/\"}}]}<\/script>\n<!-- \/ Yoast SEO plugin. -->","yoast_head_json":{"title":"CSP KIT HEADLIGHT CLEAR COAT Vernis pour phares en polycarbonate PC","description":"KIT HEADLIGHT CLEAR COAT Headlight Clearcoat VERNIS UHS REF: 950684 CSP","robots":{"index":"index","follow":"follow","max-snippet":"max-snippet:-1","max-image-preview":"max-image-preview:large","max-video-preview":"max-video-preview:-1"},"canonical":"https:\/\/arekson.com\/fr\/producto\/kit-headlight-clear-coat-vernis-pour-phares-en-polycarbonate-pc\/","og_locale":"fr_FR","og_type":"article","og_title":"CSP KIT HEADLIGHT CLEAR COAT Vernis pour phares en polycarbonate PC","og_description":"KIT HEADLIGHT CLEAR COAT Headlight Clearcoat VERNIS UHS REF: 950684 CSP","og_url":"https:\/\/arekson.com\/fr\/producto\/kit-headlight-clear-coat-vernis-pour-phares-en-polycarbonate-pc\/","og_site_name":"Arekson Group","article_modified_time":"2022-06-15T13:31:04+00:00","og_image":[{"width":800,"height":800,"url":"https:\/\/arekson.com\/wp-content\/uploads\/2022\/05\/950684-KIT-HEADLIGHT-CLEAR-COAT-1.jpg","type":"image\/jpeg"}],"twitter_card":"summary_large_image","schema":{"@context":"https:\/\/schema.org","@graph":[{"@type":"WebPage","@id":"https:\/\/arekson.com\/fr\/producto\/kit-headlight-clear-coat-vernis-pour-phares-en-polycarbonate-pc\/","url":"https:\/\/arekson.com\/fr\/producto\/kit-headlight-clear-coat-vernis-pour-phares-en-polycarbonate-pc\/","name":"CSP KIT HEADLIGHT CLEAR COAT Vernis pour phares en polycarbonate PC","isPartOf":{"@id":"https:\/\/arekson.com\/fr\/#website"},"primaryImageOfPage":{"@id":"https:\/\/arekson.com\/fr\/producto\/kit-headlight-clear-coat-vernis-pour-phares-en-polycarbonate-pc\/#primaryimage"},"image":{"@id":"https:\/\/arekson.com\/fr\/producto\/kit-headlight-clear-coat-vernis-pour-phares-en-polycarbonate-pc\/#primaryimage"},"thumbnailUrl":"https:\/\/arekson.com\/wp-content\/uploads\/2022\/05\/950684-KIT-HEADLIGHT-CLEAR-COAT-1.jpg","datePublished":"2022-06-02T10:01:17+00:00","dateModified":"2022-06-15T13:31:04+00:00","description":"KIT HEADLIGHT CLEAR COAT Headlight Clearcoat VERNIS UHS REF: 950684 CSP","breadcrumb":{"@id":"https:\/\/arekson.com\/fr\/producto\/kit-headlight-clear-coat-vernis-pour-phares-en-polycarbonate-pc\/#breadcrumb"},"inLanguage":"fr-FR","potentialAction":[{"@type":"ReadAction","target":["https:\/\/arekson.com\/fr\/producto\/kit-headlight-clear-coat-vernis-pour-phares-en-polycarbonate-pc\/"]}]},{"@type":"ImageObject","inLanguage":"fr-FR","@id":"https:\/\/arekson.com\/fr\/producto\/kit-headlight-clear-coat-vernis-pour-phares-en-polycarbonate-pc\/#primaryimage","url":"https:\/\/arekson.com\/wp-content\/uploads\/2022\/05\/950684-KIT-HEADLIGHT-CLEAR-COAT-1.jpg","contentUrl":"https:\/\/arekson.com\/wp-content\/uploads\/2022\/05\/950684-KIT-HEADLIGHT-CLEAR-COAT-1.jpg","width":800,"height":800},{"@type":"BreadcrumbList","@id":"https:\/\/arekson.com\/fr\/producto\/kit-headlight-clear-coat-vernis-pour-phares-en-polycarbonate-pc\/#breadcrumb","itemListElement":[{"@type":"ListItem","position":1,"name":"Home","item":"https:\/\/arekson.com\/fr\/"},{"@type":"ListItem","position":2,"name":"Produits","item":"https:\/\/arekson.com\/fr\/shop\/"},{"@type":"ListItem","position":3,"name":"KIT HEADLIGHT CLEAR COAT Vernis pour phares en polycarbonate PC"}]},{"@type":"WebSite","@id":"https:\/\/arekson.com\/fr\/#website","url":"https:\/\/arekson.com\/fr\/","name":"Arekson Group","description":"Marcas Referentes del Automovil Profesional","publisher":{"@id":"https:\/\/arekson.com\/fr\/#organization"},"potentialAction":[{"@type":"SearchAction","target":{"@type":"EntryPoint","urlTemplate":"https:\/\/arekson.com\/fr\/?s={search_term_string}"},"query-input":{"@type":"PropertyValueSpecification","valueRequired":true,"valueName":"search_term_string"}}],"inLanguage":"fr-FR"},{"@type":"Organization","@id":"https:\/\/arekson.com\/fr\/#organization","name":"Arekson Group","url":"https:\/\/arekson.com\/fr\/","logo":{"@type":"ImageObject","inLanguage":"fr-FR","@id":"https:\/\/arekson.com\/fr\/#\/schema\/logo\/image\/","url":"https:\/\/arekson.com\/wp-content\/uploads\/2022\/06\/Arekson-Group-Logo-Gris.jpg","contentUrl":"https:\/\/arekson.com\/wp-content\/uploads\/2022\/06\/Arekson-Group-Logo-Gris.jpg","width":174,"height":72,"caption":"Arekson Group"},"image":{"@id":"https:\/\/arekson.com\/fr\/#\/schema\/logo\/image\/"}}]}},"_links":{"self":[{"href":"https:\/\/arekson.com\/fr\/wp-json\/wp\/v2\/product\/16293","targetHints":{"allow":["GET"]}}],"collection":[{"href":"https:\/\/arekson.com\/fr\/wp-json\/wp\/v2\/product"}],"about":[{"href":"https:\/\/arekson.com\/fr\/wp-json\/wp\/v2\/types\/product"}],"wp:featuredmedia":[{"embeddable":true,"href":"https:\/\/arekson.com\/fr\/wp-json\/wp\/v2\/media\/7744"}],"wp:attachment":[{"href":"https:\/\/arekson.com\/fr\/wp-json\/wp\/v2\/media?parent=16293"}],"wp:term":[{"taxonomy":"product_brand","embeddable":true,"href":"https:\/\/arekson.com\/fr\/wp-json\/wp\/v2\/product_brand?post=16293"},{"taxonomy":"product_cat","embeddable":true,"href":"https:\/\/arekson.com\/fr\/wp-json\/wp\/v2\/product_cat?post=16293"},{"taxonomy":"product_tag","embeddable":true,"href":"https:\/\/arekson.com\/fr\/wp-json\/wp\/v2\/product_tag?post=16293"}],"curies":[{"name":"wp","href":"https:\/\/api.w.org\/{rel}","templated":true}]}}