{"id":16291,"date":"2022-06-02T12:01:13","date_gmt":"2022-06-02T10:01:13","guid":{"rendered":"https:\/\/arekson.com\/producto\/clear-hs-headlight-vernis-pour-phares-en-polycarbonate-pc-aerosol\/"},"modified":"2022-06-15T15:31:00","modified_gmt":"2022-06-15T13:31:00","slug":"clear-hs-headlight-vernis-pour-phares-en-polycarbonate-pc-aerosol","status":"publish","type":"product","link":"https:\/\/arekson.com\/fr\/producto\/clear-hs-headlight-vernis-pour-phares-en-polycarbonate-pc-aerosol\/","title":{"rendered":"<strong><span class=\"nom-corto\">CLEAR HS HEADLIGHT <\/span><\/strong><br><span class=\"nom-largo\">Vernis pour phares en polycarbonate PC a\u00e9rosol<\/span>"},"content":{"rendered":"","protected":false},"excerpt":{"rendered":"<p>Vernis sp\u00e9cial pour phares en polycarbonate compos\u00e9 de r\u00e9sines acryliques thermoplastiques pr\u00e9sentant d&rsquo;excellentes caract\u00e9ristiques de r\u00e9sistance et d&rsquo;adh\u00e9rence aux mat\u00e9riaux plastiques tels que phares automobiles,verre synth\u00e9tiques (en polycarbonate), \u00e9l\u00e9ments nautiques plastique transparent, etc. Propri\u00e9t\u00e9 optimale de la distension et de la protection contre les UV (rayonnement ultraviolet)<\/p>\n","protected":false},"featured_media":25140,"template":"","meta":{"_et_pb_use_builder":"","_et_pb_old_content":"","_et_gb_content_width":""},"product_brand":[],"product_cat":[365,363,1069,1071],"product_tag":[],"class_list":{"0":"post-16291","1":"product","2":"type-product","3":"status-publish","4":"has-post-thumbnail","6":"product_cat-chimiques-csp","7":"product_cat-csp-fr","8":"product_cat-vernis-peintures-dissolvants-csp","9":"product_cat-vernis-uhs-csp","10":"pa_ok-csp-fr-ref-950861-transparent-spray-400-ml-12-unites","12":"first","13":"outofstock","14":"purchasable","15":"product-type-variable"},"yoast_head":"<!-- This site is optimized with the Yoast SEO plugin v27.2 - https:\/\/yoast.com\/product\/yoast-seo-wordpress\/ -->\n<title>CSP CLEAR HS HEADLIGHT Vernis pour phares en polycarbonate PC a\u00e9rosol<\/title>\n<meta name=\"description\" content=\"CLEAR HS HEADLIGHT Headlight Clearcoat Spray VERNIS UHS REF: 950861 CSP\" \/>\n<meta name=\"robots\" content=\"index, follow, max-snippet:-1, max-image-preview:large, max-video-preview:-1\" \/>\n<link rel=\"canonical\" href=\"https:\/\/arekson.com\/fr\/producto\/clear-hs-headlight-vernis-pour-phares-en-polycarbonate-pc-aerosol\/\" \/>\n<meta property=\"og:locale\" content=\"fr_FR\" \/>\n<meta property=\"og:type\" content=\"article\" \/>\n<meta property=\"og:title\" content=\"CSP CLEAR HS HEADLIGHT Vernis pour phares en polycarbonate PC a\u00e9rosol\" \/>\n<meta property=\"og:description\" content=\"CLEAR HS HEADLIGHT Headlight Clearcoat Spray VERNIS UHS REF: 950861 CSP\" \/>\n<meta property=\"og:url\" content=\"https:\/\/arekson.com\/fr\/producto\/clear-hs-headlight-vernis-pour-phares-en-polycarbonate-pc-aerosol\/\" \/>\n<meta property=\"og:site_name\" content=\"Arekson Group\" \/>\n<meta property=\"article:modified_time\" content=\"2022-06-15T13:31:00+00:00\" \/>\n<meta property=\"og:image\" content=\"https:\/\/arekson.com\/wp-content\/uploads\/2022\/05\/950861.jpg\" \/>\n\t<meta property=\"og:image:width\" content=\"800\" \/>\n\t<meta property=\"og:image:height\" content=\"800\" \/>\n\t<meta property=\"og:image:type\" content=\"image\/jpeg\" \/>\n<meta name=\"twitter:card\" content=\"summary_large_image\" \/>\n<script type=\"application\/ld+json\" class=\"yoast-schema-graph\">{\"@context\":\"https:\/\/schema.org\",\"@graph\":[{\"@type\":\"WebPage\",\"@id\":\"https:\/\/arekson.com\/fr\/producto\/clear-hs-headlight-vernis-pour-phares-en-polycarbonate-pc-aerosol\/\",\"url\":\"https:\/\/arekson.com\/fr\/producto\/clear-hs-headlight-vernis-pour-phares-en-polycarbonate-pc-aerosol\/\",\"name\":\"CSP CLEAR HS HEADLIGHT Vernis pour phares en polycarbonate PC a\u00e9rosol\",\"isPartOf\":{\"@id\":\"https:\/\/arekson.com\/fr\/#website\"},\"primaryImageOfPage\":{\"@id\":\"https:\/\/arekson.com\/fr\/producto\/clear-hs-headlight-vernis-pour-phares-en-polycarbonate-pc-aerosol\/#primaryimage\"},\"image\":{\"@id\":\"https:\/\/arekson.com\/fr\/producto\/clear-hs-headlight-vernis-pour-phares-en-polycarbonate-pc-aerosol\/#primaryimage\"},\"thumbnailUrl\":\"https:\/\/arekson.com\/wp-content\/uploads\/2022\/06\/950861.jpg\",\"datePublished\":\"2022-06-02T10:01:13+00:00\",\"dateModified\":\"2022-06-15T13:31:00+00:00\",\"description\":\"CLEAR HS HEADLIGHT Headlight Clearcoat Spray VERNIS UHS REF: 950861 CSP\",\"breadcrumb\":{\"@id\":\"https:\/\/arekson.com\/fr\/producto\/clear-hs-headlight-vernis-pour-phares-en-polycarbonate-pc-aerosol\/#breadcrumb\"},\"inLanguage\":\"fr-FR\",\"potentialAction\":[{\"@type\":\"ReadAction\",\"target\":[\"https:\/\/arekson.com\/fr\/producto\/clear-hs-headlight-vernis-pour-phares-en-polycarbonate-pc-aerosol\/\"]}]},{\"@type\":\"ImageObject\",\"inLanguage\":\"fr-FR\",\"@id\":\"https:\/\/arekson.com\/fr\/producto\/clear-hs-headlight-vernis-pour-phares-en-polycarbonate-pc-aerosol\/#primaryimage\",\"url\":\"https:\/\/arekson.com\/wp-content\/uploads\/2022\/06\/950861.jpg\",\"contentUrl\":\"https:\/\/arekson.com\/wp-content\/uploads\/2022\/06\/950861.jpg\",\"width\":800,\"height\":800,\"caption\":\"CSP | CLEAR HS HEADLIGHT | Barniz para faros Spray\"},{\"@type\":\"BreadcrumbList\",\"@id\":\"https:\/\/arekson.com\/fr\/producto\/clear-hs-headlight-vernis-pour-phares-en-polycarbonate-pc-aerosol\/#breadcrumb\",\"itemListElement\":[{\"@type\":\"ListItem\",\"position\":1,\"name\":\"Home\",\"item\":\"https:\/\/arekson.com\/fr\/\"},{\"@type\":\"ListItem\",\"position\":2,\"name\":\"Produits\",\"item\":\"https:\/\/arekson.com\/fr\/shop\/\"},{\"@type\":\"ListItem\",\"position\":3,\"name\":\"CLEAR HS HEADLIGHT Vernis pour phares en polycarbonate PC a\u00e9rosol\"}]},{\"@type\":\"WebSite\",\"@id\":\"https:\/\/arekson.com\/fr\/#website\",\"url\":\"https:\/\/arekson.com\/fr\/\",\"name\":\"Arekson Group\",\"description\":\"Marcas Referentes del Automovil Profesional\",\"publisher\":{\"@id\":\"https:\/\/arekson.com\/fr\/#organization\"},\"potentialAction\":[{\"@type\":\"SearchAction\",\"target\":{\"@type\":\"EntryPoint\",\"urlTemplate\":\"https:\/\/arekson.com\/fr\/?s={search_term_string}\"},\"query-input\":{\"@type\":\"PropertyValueSpecification\",\"valueRequired\":true,\"valueName\":\"search_term_string\"}}],\"inLanguage\":\"fr-FR\"},{\"@type\":\"Organization\",\"@id\":\"https:\/\/arekson.com\/fr\/#organization\",\"name\":\"Arekson Group\",\"url\":\"https:\/\/arekson.com\/fr\/\",\"logo\":{\"@type\":\"ImageObject\",\"inLanguage\":\"fr-FR\",\"@id\":\"https:\/\/arekson.com\/fr\/#\/schema\/logo\/image\/\",\"url\":\"https:\/\/arekson.com\/wp-content\/uploads\/2022\/06\/Arekson-Group-Logo-Gris.jpg\",\"contentUrl\":\"https:\/\/arekson.com\/wp-content\/uploads\/2022\/06\/Arekson-Group-Logo-Gris.jpg\",\"width\":174,\"height\":72,\"caption\":\"Arekson Group\"},\"image\":{\"@id\":\"https:\/\/arekson.com\/fr\/#\/schema\/logo\/image\/\"}}]}<\/script>\n<!-- \/ Yoast SEO plugin. -->","yoast_head_json":{"title":"CSP CLEAR HS HEADLIGHT Vernis pour phares en polycarbonate PC a\u00e9rosol","description":"CLEAR HS HEADLIGHT Headlight Clearcoat Spray VERNIS UHS REF: 950861 CSP","robots":{"index":"index","follow":"follow","max-snippet":"max-snippet:-1","max-image-preview":"max-image-preview:large","max-video-preview":"max-video-preview:-1"},"canonical":"https:\/\/arekson.com\/fr\/producto\/clear-hs-headlight-vernis-pour-phares-en-polycarbonate-pc-aerosol\/","og_locale":"fr_FR","og_type":"article","og_title":"CSP CLEAR HS HEADLIGHT Vernis pour phares en polycarbonate PC a\u00e9rosol","og_description":"CLEAR HS HEADLIGHT Headlight Clearcoat Spray VERNIS UHS REF: 950861 CSP","og_url":"https:\/\/arekson.com\/fr\/producto\/clear-hs-headlight-vernis-pour-phares-en-polycarbonate-pc-aerosol\/","og_site_name":"Arekson Group","article_modified_time":"2022-06-15T13:31:00+00:00","og_image":[{"width":800,"height":800,"url":"https:\/\/arekson.com\/wp-content\/uploads\/2022\/05\/950861.jpg","type":"image\/jpeg"}],"twitter_card":"summary_large_image","schema":{"@context":"https:\/\/schema.org","@graph":[{"@type":"WebPage","@id":"https:\/\/arekson.com\/fr\/producto\/clear-hs-headlight-vernis-pour-phares-en-polycarbonate-pc-aerosol\/","url":"https:\/\/arekson.com\/fr\/producto\/clear-hs-headlight-vernis-pour-phares-en-polycarbonate-pc-aerosol\/","name":"CSP CLEAR HS HEADLIGHT Vernis pour phares en polycarbonate PC a\u00e9rosol","isPartOf":{"@id":"https:\/\/arekson.com\/fr\/#website"},"primaryImageOfPage":{"@id":"https:\/\/arekson.com\/fr\/producto\/clear-hs-headlight-vernis-pour-phares-en-polycarbonate-pc-aerosol\/#primaryimage"},"image":{"@id":"https:\/\/arekson.com\/fr\/producto\/clear-hs-headlight-vernis-pour-phares-en-polycarbonate-pc-aerosol\/#primaryimage"},"thumbnailUrl":"https:\/\/arekson.com\/wp-content\/uploads\/2022\/06\/950861.jpg","datePublished":"2022-06-02T10:01:13+00:00","dateModified":"2022-06-15T13:31:00+00:00","description":"CLEAR HS HEADLIGHT Headlight Clearcoat Spray VERNIS UHS REF: 950861 CSP","breadcrumb":{"@id":"https:\/\/arekson.com\/fr\/producto\/clear-hs-headlight-vernis-pour-phares-en-polycarbonate-pc-aerosol\/#breadcrumb"},"inLanguage":"fr-FR","potentialAction":[{"@type":"ReadAction","target":["https:\/\/arekson.com\/fr\/producto\/clear-hs-headlight-vernis-pour-phares-en-polycarbonate-pc-aerosol\/"]}]},{"@type":"ImageObject","inLanguage":"fr-FR","@id":"https:\/\/arekson.com\/fr\/producto\/clear-hs-headlight-vernis-pour-phares-en-polycarbonate-pc-aerosol\/#primaryimage","url":"https:\/\/arekson.com\/wp-content\/uploads\/2022\/06\/950861.jpg","contentUrl":"https:\/\/arekson.com\/wp-content\/uploads\/2022\/06\/950861.jpg","width":800,"height":800,"caption":"CSP | CLEAR HS HEADLIGHT | Barniz para faros Spray"},{"@type":"BreadcrumbList","@id":"https:\/\/arekson.com\/fr\/producto\/clear-hs-headlight-vernis-pour-phares-en-polycarbonate-pc-aerosol\/#breadcrumb","itemListElement":[{"@type":"ListItem","position":1,"name":"Home","item":"https:\/\/arekson.com\/fr\/"},{"@type":"ListItem","position":2,"name":"Produits","item":"https:\/\/arekson.com\/fr\/shop\/"},{"@type":"ListItem","position":3,"name":"CLEAR HS HEADLIGHT Vernis pour phares en polycarbonate PC a\u00e9rosol"}]},{"@type":"WebSite","@id":"https:\/\/arekson.com\/fr\/#website","url":"https:\/\/arekson.com\/fr\/","name":"Arekson Group","description":"Marcas Referentes del Automovil Profesional","publisher":{"@id":"https:\/\/arekson.com\/fr\/#organization"},"potentialAction":[{"@type":"SearchAction","target":{"@type":"EntryPoint","urlTemplate":"https:\/\/arekson.com\/fr\/?s={search_term_string}"},"query-input":{"@type":"PropertyValueSpecification","valueRequired":true,"valueName":"search_term_string"}}],"inLanguage":"fr-FR"},{"@type":"Organization","@id":"https:\/\/arekson.com\/fr\/#organization","name":"Arekson Group","url":"https:\/\/arekson.com\/fr\/","logo":{"@type":"ImageObject","inLanguage":"fr-FR","@id":"https:\/\/arekson.com\/fr\/#\/schema\/logo\/image\/","url":"https:\/\/arekson.com\/wp-content\/uploads\/2022\/06\/Arekson-Group-Logo-Gris.jpg","contentUrl":"https:\/\/arekson.com\/wp-content\/uploads\/2022\/06\/Arekson-Group-Logo-Gris.jpg","width":174,"height":72,"caption":"Arekson Group"},"image":{"@id":"https:\/\/arekson.com\/fr\/#\/schema\/logo\/image\/"}}]}},"_links":{"self":[{"href":"https:\/\/arekson.com\/fr\/wp-json\/wp\/v2\/product\/16291","targetHints":{"allow":["GET"]}}],"collection":[{"href":"https:\/\/arekson.com\/fr\/wp-json\/wp\/v2\/product"}],"about":[{"href":"https:\/\/arekson.com\/fr\/wp-json\/wp\/v2\/types\/product"}],"wp:featuredmedia":[{"embeddable":true,"href":"https:\/\/arekson.com\/fr\/wp-json\/wp\/v2\/media\/25140"}],"wp:attachment":[{"href":"https:\/\/arekson.com\/fr\/wp-json\/wp\/v2\/media?parent=16291"}],"wp:term":[{"taxonomy":"product_brand","embeddable":true,"href":"https:\/\/arekson.com\/fr\/wp-json\/wp\/v2\/product_brand?post=16291"},{"taxonomy":"product_cat","embeddable":true,"href":"https:\/\/arekson.com\/fr\/wp-json\/wp\/v2\/product_cat?post=16291"},{"taxonomy":"product_tag","embeddable":true,"href":"https:\/\/arekson.com\/fr\/wp-json\/wp\/v2\/product_tag?post=16291"}],"curies":[{"name":"wp","href":"https:\/\/api.w.org\/{rel}","templated":true}]}}