{"id":16237,"date":"2022-06-02T12:00:32","date_gmt":"2022-06-02T10:00:32","guid":{"rendered":"https:\/\/arekson.com\/producto\/plastic-welder-kit-plastique-soudeur-sans-fil\/"},"modified":"2022-06-15T15:29:45","modified_gmt":"2022-06-15T13:29:45","slug":"plastic-welder-kit-plastique-soudeur-sans-fil","status":"publish","type":"product","link":"https:\/\/arekson.com\/fr\/producto\/plastic-welder-kit-plastique-soudeur-sans-fil\/","title":{"rendered":"<strong><span class=\"nom-corto\">PLASTIC WELDER KIT <\/span><\/strong><br><span class=\"nom-largo\">Plastique soudeur sans fil<\/span>"},"content":{"rendered":"","protected":false},"excerpt":{"rendered":"<p>Pistolet de soudure plastique rechargeable. Soudure extructural. Outil de soudage de pr\u00e9cision pour les r\u00e9parations pauses solides, des fissures dans les plastiques rigides et souples. T\u00eate en plusieurs angles. LED qui \u00e9claire la zone \u00e0 souder. Indicateur de batterie faible. Chargeur 240 V inclus.<\/p>\n","protected":false},"featured_media":25069,"template":"","meta":{"_et_pb_use_builder":"","_et_pb_old_content":"","_et_gb_content_width":""},"product_brand":[],"product_cat":[365,363,1121,1117],"product_tag":[],"class_list":{"0":"post-16237","1":"product","2":"type-product","3":"status-publish","4":"has-post-thumbnail","6":"product_cat-chimiques-csp","7":"product_cat-csp-fr","8":"product_cat-reparation-et-collage-de-plastiques-csp","9":"product_cat-traitement-des-plastiques-csp","10":"pa_ok-csp-fr-ref-950707-bleu-etui-kit-1-unite","12":"first","13":"outofstock","14":"purchasable","15":"product-type-variable"},"yoast_head":"<!-- This site is optimized with the Yoast SEO plugin v27.2 - https:\/\/yoast.com\/product\/yoast-seo-wordpress\/ -->\n<title>CSP PLASTIC WELDER KIT Plastique soudeur sans fil<\/title>\n<meta name=\"description\" content=\"PLASTIC WELDER KIT Plastic welder R\u00c9PARATION ET COLLAGE DE PLASTIQUES REF: 950707 CSP\" \/>\n<meta name=\"robots\" content=\"index, follow, max-snippet:-1, max-image-preview:large, max-video-preview:-1\" \/>\n<link rel=\"canonical\" href=\"https:\/\/arekson.com\/fr\/producto\/plastic-welder-kit-plastique-soudeur-sans-fil\/\" \/>\n<meta property=\"og:locale\" content=\"fr_FR\" \/>\n<meta property=\"og:type\" content=\"article\" \/>\n<meta property=\"og:title\" content=\"CSP PLASTIC WELDER KIT Plastique soudeur sans fil\" \/>\n<meta property=\"og:description\" content=\"PLASTIC WELDER KIT Plastic welder R\u00c9PARATION ET COLLAGE DE PLASTIQUES REF: 950707 CSP\" \/>\n<meta property=\"og:url\" content=\"https:\/\/arekson.com\/fr\/producto\/plastic-welder-kit-plastique-soudeur-sans-fil\/\" \/>\n<meta property=\"og:site_name\" content=\"Arekson Group\" \/>\n<meta property=\"article:modified_time\" content=\"2022-06-15T13:29:45+00:00\" \/>\n<meta property=\"og:image\" content=\"https:\/\/arekson.com\/wp-content\/uploads\/2022\/06\/950707-PLASTIC-WELDER-KIT-1.jpg\" \/>\n\t<meta property=\"og:image:width\" content=\"800\" \/>\n\t<meta property=\"og:image:height\" content=\"800\" \/>\n\t<meta property=\"og:image:type\" content=\"image\/jpeg\" \/>\n<meta name=\"twitter:card\" content=\"summary_large_image\" \/>\n<script type=\"application\/ld+json\" class=\"yoast-schema-graph\">{\"@context\":\"https:\/\/schema.org\",\"@graph\":[{\"@type\":\"WebPage\",\"@id\":\"https:\/\/arekson.com\/fr\/producto\/plastic-welder-kit-plastique-soudeur-sans-fil\/\",\"url\":\"https:\/\/arekson.com\/fr\/producto\/plastic-welder-kit-plastique-soudeur-sans-fil\/\",\"name\":\"CSP PLASTIC WELDER KIT Plastique soudeur sans fil\",\"isPartOf\":{\"@id\":\"https:\/\/arekson.com\/fr\/#website\"},\"primaryImageOfPage\":{\"@id\":\"https:\/\/arekson.com\/fr\/producto\/plastic-welder-kit-plastique-soudeur-sans-fil\/#primaryimage\"},\"image\":{\"@id\":\"https:\/\/arekson.com\/fr\/producto\/plastic-welder-kit-plastique-soudeur-sans-fil\/#primaryimage\"},\"thumbnailUrl\":\"https:\/\/arekson.com\/wp-content\/uploads\/2022\/06\/950707-PLASTIC-WELDER-KIT-1-1.jpg\",\"datePublished\":\"2022-06-02T10:00:32+00:00\",\"dateModified\":\"2022-06-15T13:29:45+00:00\",\"description\":\"PLASTIC WELDER KIT Plastic welder R\u00c9PARATION ET COLLAGE DE PLASTIQUES REF: 950707 CSP\",\"breadcrumb\":{\"@id\":\"https:\/\/arekson.com\/fr\/producto\/plastic-welder-kit-plastique-soudeur-sans-fil\/#breadcrumb\"},\"inLanguage\":\"fr-FR\",\"potentialAction\":[{\"@type\":\"ReadAction\",\"target\":[\"https:\/\/arekson.com\/fr\/producto\/plastic-welder-kit-plastique-soudeur-sans-fil\/\"]}]},{\"@type\":\"ImageObject\",\"inLanguage\":\"fr-FR\",\"@id\":\"https:\/\/arekson.com\/fr\/producto\/plastic-welder-kit-plastique-soudeur-sans-fil\/#primaryimage\",\"url\":\"https:\/\/arekson.com\/wp-content\/uploads\/2022\/06\/950707-PLASTIC-WELDER-KIT-1-1.jpg\",\"contentUrl\":\"https:\/\/arekson.com\/wp-content\/uploads\/2022\/06\/950707-PLASTIC-WELDER-KIT-1-1.jpg\",\"width\":800,\"height\":800,\"caption\":\"CSP | PLASTIC WELDER KIT | Soldador de pl\u00e1sticos\"},{\"@type\":\"BreadcrumbList\",\"@id\":\"https:\/\/arekson.com\/fr\/producto\/plastic-welder-kit-plastique-soudeur-sans-fil\/#breadcrumb\",\"itemListElement\":[{\"@type\":\"ListItem\",\"position\":1,\"name\":\"Home\",\"item\":\"https:\/\/arekson.com\/fr\/\"},{\"@type\":\"ListItem\",\"position\":2,\"name\":\"Produits\",\"item\":\"https:\/\/arekson.com\/fr\/shop\/\"},{\"@type\":\"ListItem\",\"position\":3,\"name\":\"PLASTIC WELDER KIT Plastique soudeur sans fil\"}]},{\"@type\":\"WebSite\",\"@id\":\"https:\/\/arekson.com\/fr\/#website\",\"url\":\"https:\/\/arekson.com\/fr\/\",\"name\":\"Arekson Group\",\"description\":\"Marcas Referentes del Automovil Profesional\",\"publisher\":{\"@id\":\"https:\/\/arekson.com\/fr\/#organization\"},\"potentialAction\":[{\"@type\":\"SearchAction\",\"target\":{\"@type\":\"EntryPoint\",\"urlTemplate\":\"https:\/\/arekson.com\/fr\/?s={search_term_string}\"},\"query-input\":{\"@type\":\"PropertyValueSpecification\",\"valueRequired\":true,\"valueName\":\"search_term_string\"}}],\"inLanguage\":\"fr-FR\"},{\"@type\":\"Organization\",\"@id\":\"https:\/\/arekson.com\/fr\/#organization\",\"name\":\"Arekson Group\",\"url\":\"https:\/\/arekson.com\/fr\/\",\"logo\":{\"@type\":\"ImageObject\",\"inLanguage\":\"fr-FR\",\"@id\":\"https:\/\/arekson.com\/fr\/#\/schema\/logo\/image\/\",\"url\":\"https:\/\/arekson.com\/wp-content\/uploads\/2022\/06\/Arekson-Group-Logo-Gris.jpg\",\"contentUrl\":\"https:\/\/arekson.com\/wp-content\/uploads\/2022\/06\/Arekson-Group-Logo-Gris.jpg\",\"width\":174,\"height\":72,\"caption\":\"Arekson Group\"},\"image\":{\"@id\":\"https:\/\/arekson.com\/fr\/#\/schema\/logo\/image\/\"}}]}<\/script>\n<!-- \/ Yoast SEO plugin. -->","yoast_head_json":{"title":"CSP PLASTIC WELDER KIT Plastique soudeur sans fil","description":"PLASTIC WELDER KIT Plastic welder R\u00c9PARATION ET COLLAGE DE PLASTIQUES REF: 950707 CSP","robots":{"index":"index","follow":"follow","max-snippet":"max-snippet:-1","max-image-preview":"max-image-preview:large","max-video-preview":"max-video-preview:-1"},"canonical":"https:\/\/arekson.com\/fr\/producto\/plastic-welder-kit-plastique-soudeur-sans-fil\/","og_locale":"fr_FR","og_type":"article","og_title":"CSP PLASTIC WELDER KIT Plastique soudeur sans fil","og_description":"PLASTIC WELDER KIT Plastic welder R\u00c9PARATION ET COLLAGE DE PLASTIQUES REF: 950707 CSP","og_url":"https:\/\/arekson.com\/fr\/producto\/plastic-welder-kit-plastique-soudeur-sans-fil\/","og_site_name":"Arekson Group","article_modified_time":"2022-06-15T13:29:45+00:00","og_image":[{"width":800,"height":800,"url":"https:\/\/arekson.com\/wp-content\/uploads\/2022\/06\/950707-PLASTIC-WELDER-KIT-1.jpg","type":"image\/jpeg"}],"twitter_card":"summary_large_image","schema":{"@context":"https:\/\/schema.org","@graph":[{"@type":"WebPage","@id":"https:\/\/arekson.com\/fr\/producto\/plastic-welder-kit-plastique-soudeur-sans-fil\/","url":"https:\/\/arekson.com\/fr\/producto\/plastic-welder-kit-plastique-soudeur-sans-fil\/","name":"CSP PLASTIC WELDER KIT Plastique soudeur sans fil","isPartOf":{"@id":"https:\/\/arekson.com\/fr\/#website"},"primaryImageOfPage":{"@id":"https:\/\/arekson.com\/fr\/producto\/plastic-welder-kit-plastique-soudeur-sans-fil\/#primaryimage"},"image":{"@id":"https:\/\/arekson.com\/fr\/producto\/plastic-welder-kit-plastique-soudeur-sans-fil\/#primaryimage"},"thumbnailUrl":"https:\/\/arekson.com\/wp-content\/uploads\/2022\/06\/950707-PLASTIC-WELDER-KIT-1-1.jpg","datePublished":"2022-06-02T10:00:32+00:00","dateModified":"2022-06-15T13:29:45+00:00","description":"PLASTIC WELDER KIT Plastic welder R\u00c9PARATION ET COLLAGE DE PLASTIQUES REF: 950707 CSP","breadcrumb":{"@id":"https:\/\/arekson.com\/fr\/producto\/plastic-welder-kit-plastique-soudeur-sans-fil\/#breadcrumb"},"inLanguage":"fr-FR","potentialAction":[{"@type":"ReadAction","target":["https:\/\/arekson.com\/fr\/producto\/plastic-welder-kit-plastique-soudeur-sans-fil\/"]}]},{"@type":"ImageObject","inLanguage":"fr-FR","@id":"https:\/\/arekson.com\/fr\/producto\/plastic-welder-kit-plastique-soudeur-sans-fil\/#primaryimage","url":"https:\/\/arekson.com\/wp-content\/uploads\/2022\/06\/950707-PLASTIC-WELDER-KIT-1-1.jpg","contentUrl":"https:\/\/arekson.com\/wp-content\/uploads\/2022\/06\/950707-PLASTIC-WELDER-KIT-1-1.jpg","width":800,"height":800,"caption":"CSP | PLASTIC WELDER KIT | Soldador de pl\u00e1sticos"},{"@type":"BreadcrumbList","@id":"https:\/\/arekson.com\/fr\/producto\/plastic-welder-kit-plastique-soudeur-sans-fil\/#breadcrumb","itemListElement":[{"@type":"ListItem","position":1,"name":"Home","item":"https:\/\/arekson.com\/fr\/"},{"@type":"ListItem","position":2,"name":"Produits","item":"https:\/\/arekson.com\/fr\/shop\/"},{"@type":"ListItem","position":3,"name":"PLASTIC WELDER KIT Plastique soudeur sans fil"}]},{"@type":"WebSite","@id":"https:\/\/arekson.com\/fr\/#website","url":"https:\/\/arekson.com\/fr\/","name":"Arekson Group","description":"Marcas Referentes del Automovil Profesional","publisher":{"@id":"https:\/\/arekson.com\/fr\/#organization"},"potentialAction":[{"@type":"SearchAction","target":{"@type":"EntryPoint","urlTemplate":"https:\/\/arekson.com\/fr\/?s={search_term_string}"},"query-input":{"@type":"PropertyValueSpecification","valueRequired":true,"valueName":"search_term_string"}}],"inLanguage":"fr-FR"},{"@type":"Organization","@id":"https:\/\/arekson.com\/fr\/#organization","name":"Arekson Group","url":"https:\/\/arekson.com\/fr\/","logo":{"@type":"ImageObject","inLanguage":"fr-FR","@id":"https:\/\/arekson.com\/fr\/#\/schema\/logo\/image\/","url":"https:\/\/arekson.com\/wp-content\/uploads\/2022\/06\/Arekson-Group-Logo-Gris.jpg","contentUrl":"https:\/\/arekson.com\/wp-content\/uploads\/2022\/06\/Arekson-Group-Logo-Gris.jpg","width":174,"height":72,"caption":"Arekson Group"},"image":{"@id":"https:\/\/arekson.com\/fr\/#\/schema\/logo\/image\/"}}]}},"_links":{"self":[{"href":"https:\/\/arekson.com\/fr\/wp-json\/wp\/v2\/product\/16237","targetHints":{"allow":["GET"]}}],"collection":[{"href":"https:\/\/arekson.com\/fr\/wp-json\/wp\/v2\/product"}],"about":[{"href":"https:\/\/arekson.com\/fr\/wp-json\/wp\/v2\/types\/product"}],"wp:featuredmedia":[{"embeddable":true,"href":"https:\/\/arekson.com\/fr\/wp-json\/wp\/v2\/media\/25069"}],"wp:attachment":[{"href":"https:\/\/arekson.com\/fr\/wp-json\/wp\/v2\/media?parent=16237"}],"wp:term":[{"taxonomy":"product_brand","embeddable":true,"href":"https:\/\/arekson.com\/fr\/wp-json\/wp\/v2\/product_brand?post=16237"},{"taxonomy":"product_cat","embeddable":true,"href":"https:\/\/arekson.com\/fr\/wp-json\/wp\/v2\/product_cat?post=16237"},{"taxonomy":"product_tag","embeddable":true,"href":"https:\/\/arekson.com\/fr\/wp-json\/wp\/v2\/product_tag?post=16237"}],"curies":[{"name":"wp","href":"https:\/\/api.w.org\/{rel}","templated":true}]}}