{"id":16218,"date":"2022-06-02T12:00:04","date_gmt":"2022-06-02T10:00:04","guid":{"rendered":"https:\/\/arekson.com\/producto\/cleaner-cyanoacrylate-nettoyeur-cyanoacrylate\/"},"modified":"2022-06-15T15:29:16","modified_gmt":"2022-06-15T13:29:16","slug":"cleaner-cyanoacrylate-nettoyeur-cyanoacrylate","status":"publish","type":"product","link":"https:\/\/arekson.com\/fr\/producto\/cleaner-cyanoacrylate-nettoyeur-cyanoacrylate\/","title":{"rendered":"<strong><span class=\"nom-corto\">CLEANER CYANOACRYLATE <\/span><\/strong><br><span class=\"nom-largo\">Nettoyeur cyanoacrylate<\/span>"},"content":{"rendered":"","protected":false},"excerpt":{"rendered":"<p>Plaque lamin\u00e9e autocollante pour insonoriser le capot, les panneaux; renforcer les sols, les coffres, etc. Excellente adaptabilit\u00e9 aux diff\u00e9rentes formes de la surface qui peut \u00eatre coup\u00e9e et model\u00e9e. Relief rhombo\u00efde. Recouvrable. (Citro\u00ebn, Peugeot, Renault et autres).<\/p>\n","protected":false},"featured_media":7726,"template":"","meta":{"_et_pb_use_builder":"","_et_pb_old_content":"","_et_gb_content_width":""},"product_brand":[],"product_cat":[1109,365,363,1107],"product_tag":[],"class_list":{"0":"post-16218","1":"product","2":"type-product","3":"status-publish","4":"has-post-thumbnail","6":"product_cat-adhesifs-csp","7":"product_cat-chimiques-csp","8":"product_cat-csp-fr","9":"product_cat-joints-et-adhesifs-csp","10":"pa_ok-csp-fr-ref-950678-transparent-flacon-20-gr-12-unites","12":"first","13":"outofstock","14":"purchasable","15":"product-type-variable"},"yoast_head":"<!-- This site is optimized with the Yoast SEO plugin v27.2 - https:\/\/yoast.com\/product\/yoast-seo-wordpress\/ -->\n<title>CSP CLEANER CYANOACRYLATE Nettoyeur cyanoacrylate<\/title>\n<meta name=\"description\" content=\"CLEANER CYANOACRYLATE Removes cyanoacrylate residues ADH\u00c9SIFS REF: 950678 CSP\" \/>\n<meta name=\"robots\" content=\"index, follow, max-snippet:-1, max-image-preview:large, max-video-preview:-1\" \/>\n<link rel=\"canonical\" href=\"https:\/\/arekson.com\/fr\/producto\/cleaner-cyanoacrylate-nettoyeur-cyanoacrylate\/\" \/>\n<meta property=\"og:locale\" content=\"fr_FR\" \/>\n<meta property=\"og:type\" content=\"article\" \/>\n<meta property=\"og:title\" content=\"CSP CLEANER CYANOACRYLATE Nettoyeur cyanoacrylate\" \/>\n<meta property=\"og:description\" content=\"CLEANER CYANOACRYLATE Removes cyanoacrylate residues ADH\u00c9SIFS REF: 950678 CSP\" \/>\n<meta property=\"og:url\" content=\"https:\/\/arekson.com\/fr\/producto\/cleaner-cyanoacrylate-nettoyeur-cyanoacrylate\/\" \/>\n<meta property=\"og:site_name\" content=\"Arekson Group\" \/>\n<meta property=\"article:modified_time\" content=\"2022-06-15T13:29:16+00:00\" \/>\n<meta property=\"og:image\" content=\"https:\/\/arekson.com\/wp-content\/uploads\/2022\/05\/950678-CLEANER-CYANOACRILATO.jpg\" \/>\n\t<meta property=\"og:image:width\" content=\"800\" \/>\n\t<meta property=\"og:image:height\" content=\"800\" \/>\n\t<meta property=\"og:image:type\" content=\"image\/jpeg\" \/>\n<meta name=\"twitter:card\" content=\"summary_large_image\" \/>\n<script type=\"application\/ld+json\" class=\"yoast-schema-graph\">{\"@context\":\"https:\/\/schema.org\",\"@graph\":[{\"@type\":\"WebPage\",\"@id\":\"https:\/\/arekson.com\/fr\/producto\/cleaner-cyanoacrylate-nettoyeur-cyanoacrylate\/\",\"url\":\"https:\/\/arekson.com\/fr\/producto\/cleaner-cyanoacrylate-nettoyeur-cyanoacrylate\/\",\"name\":\"CSP CLEANER CYANOACRYLATE Nettoyeur cyanoacrylate\",\"isPartOf\":{\"@id\":\"https:\/\/arekson.com\/fr\/#website\"},\"primaryImageOfPage\":{\"@id\":\"https:\/\/arekson.com\/fr\/producto\/cleaner-cyanoacrylate-nettoyeur-cyanoacrylate\/#primaryimage\"},\"image\":{\"@id\":\"https:\/\/arekson.com\/fr\/producto\/cleaner-cyanoacrylate-nettoyeur-cyanoacrylate\/#primaryimage\"},\"thumbnailUrl\":\"https:\/\/arekson.com\/wp-content\/uploads\/2022\/05\/950678-CLEANER-CYANOACRILATO.jpg\",\"datePublished\":\"2022-06-02T10:00:04+00:00\",\"dateModified\":\"2022-06-15T13:29:16+00:00\",\"description\":\"CLEANER CYANOACRYLATE Removes cyanoacrylate residues ADH\u00c9SIFS REF: 950678 CSP\",\"breadcrumb\":{\"@id\":\"https:\/\/arekson.com\/fr\/producto\/cleaner-cyanoacrylate-nettoyeur-cyanoacrylate\/#breadcrumb\"},\"inLanguage\":\"fr-FR\",\"potentialAction\":[{\"@type\":\"ReadAction\",\"target\":[\"https:\/\/arekson.com\/fr\/producto\/cleaner-cyanoacrylate-nettoyeur-cyanoacrylate\/\"]}]},{\"@type\":\"ImageObject\",\"inLanguage\":\"fr-FR\",\"@id\":\"https:\/\/arekson.com\/fr\/producto\/cleaner-cyanoacrylate-nettoyeur-cyanoacrylate\/#primaryimage\",\"url\":\"https:\/\/arekson.com\/wp-content\/uploads\/2022\/05\/950678-CLEANER-CYANOACRILATO.jpg\",\"contentUrl\":\"https:\/\/arekson.com\/wp-content\/uploads\/2022\/05\/950678-CLEANER-CYANOACRILATO.jpg\",\"width\":800,\"height\":800},{\"@type\":\"BreadcrumbList\",\"@id\":\"https:\/\/arekson.com\/fr\/producto\/cleaner-cyanoacrylate-nettoyeur-cyanoacrylate\/#breadcrumb\",\"itemListElement\":[{\"@type\":\"ListItem\",\"position\":1,\"name\":\"Home\",\"item\":\"https:\/\/arekson.com\/fr\/\"},{\"@type\":\"ListItem\",\"position\":2,\"name\":\"Produits\",\"item\":\"https:\/\/arekson.com\/fr\/shop\/\"},{\"@type\":\"ListItem\",\"position\":3,\"name\":\"CLEANER CYANOACRYLATE Nettoyeur cyanoacrylate\"}]},{\"@type\":\"WebSite\",\"@id\":\"https:\/\/arekson.com\/fr\/#website\",\"url\":\"https:\/\/arekson.com\/fr\/\",\"name\":\"Arekson Group\",\"description\":\"Marcas Referentes del Automovil Profesional\",\"publisher\":{\"@id\":\"https:\/\/arekson.com\/fr\/#organization\"},\"potentialAction\":[{\"@type\":\"SearchAction\",\"target\":{\"@type\":\"EntryPoint\",\"urlTemplate\":\"https:\/\/arekson.com\/fr\/?s={search_term_string}\"},\"query-input\":{\"@type\":\"PropertyValueSpecification\",\"valueRequired\":true,\"valueName\":\"search_term_string\"}}],\"inLanguage\":\"fr-FR\"},{\"@type\":\"Organization\",\"@id\":\"https:\/\/arekson.com\/fr\/#organization\",\"name\":\"Arekson Group\",\"url\":\"https:\/\/arekson.com\/fr\/\",\"logo\":{\"@type\":\"ImageObject\",\"inLanguage\":\"fr-FR\",\"@id\":\"https:\/\/arekson.com\/fr\/#\/schema\/logo\/image\/\",\"url\":\"https:\/\/arekson.com\/wp-content\/uploads\/2022\/06\/Arekson-Group-Logo-Gris.jpg\",\"contentUrl\":\"https:\/\/arekson.com\/wp-content\/uploads\/2022\/06\/Arekson-Group-Logo-Gris.jpg\",\"width\":174,\"height\":72,\"caption\":\"Arekson Group\"},\"image\":{\"@id\":\"https:\/\/arekson.com\/fr\/#\/schema\/logo\/image\/\"}}]}<\/script>\n<!-- \/ Yoast SEO plugin. -->","yoast_head_json":{"title":"CSP CLEANER CYANOACRYLATE Nettoyeur cyanoacrylate","description":"CLEANER CYANOACRYLATE Removes cyanoacrylate residues ADH\u00c9SIFS REF: 950678 CSP","robots":{"index":"index","follow":"follow","max-snippet":"max-snippet:-1","max-image-preview":"max-image-preview:large","max-video-preview":"max-video-preview:-1"},"canonical":"https:\/\/arekson.com\/fr\/producto\/cleaner-cyanoacrylate-nettoyeur-cyanoacrylate\/","og_locale":"fr_FR","og_type":"article","og_title":"CSP CLEANER CYANOACRYLATE Nettoyeur cyanoacrylate","og_description":"CLEANER CYANOACRYLATE Removes cyanoacrylate residues ADH\u00c9SIFS REF: 950678 CSP","og_url":"https:\/\/arekson.com\/fr\/producto\/cleaner-cyanoacrylate-nettoyeur-cyanoacrylate\/","og_site_name":"Arekson Group","article_modified_time":"2022-06-15T13:29:16+00:00","og_image":[{"width":800,"height":800,"url":"https:\/\/arekson.com\/wp-content\/uploads\/2022\/05\/950678-CLEANER-CYANOACRILATO.jpg","type":"image\/jpeg"}],"twitter_card":"summary_large_image","schema":{"@context":"https:\/\/schema.org","@graph":[{"@type":"WebPage","@id":"https:\/\/arekson.com\/fr\/producto\/cleaner-cyanoacrylate-nettoyeur-cyanoacrylate\/","url":"https:\/\/arekson.com\/fr\/producto\/cleaner-cyanoacrylate-nettoyeur-cyanoacrylate\/","name":"CSP CLEANER CYANOACRYLATE Nettoyeur cyanoacrylate","isPartOf":{"@id":"https:\/\/arekson.com\/fr\/#website"},"primaryImageOfPage":{"@id":"https:\/\/arekson.com\/fr\/producto\/cleaner-cyanoacrylate-nettoyeur-cyanoacrylate\/#primaryimage"},"image":{"@id":"https:\/\/arekson.com\/fr\/producto\/cleaner-cyanoacrylate-nettoyeur-cyanoacrylate\/#primaryimage"},"thumbnailUrl":"https:\/\/arekson.com\/wp-content\/uploads\/2022\/05\/950678-CLEANER-CYANOACRILATO.jpg","datePublished":"2022-06-02T10:00:04+00:00","dateModified":"2022-06-15T13:29:16+00:00","description":"CLEANER CYANOACRYLATE Removes cyanoacrylate residues ADH\u00c9SIFS REF: 950678 CSP","breadcrumb":{"@id":"https:\/\/arekson.com\/fr\/producto\/cleaner-cyanoacrylate-nettoyeur-cyanoacrylate\/#breadcrumb"},"inLanguage":"fr-FR","potentialAction":[{"@type":"ReadAction","target":["https:\/\/arekson.com\/fr\/producto\/cleaner-cyanoacrylate-nettoyeur-cyanoacrylate\/"]}]},{"@type":"ImageObject","inLanguage":"fr-FR","@id":"https:\/\/arekson.com\/fr\/producto\/cleaner-cyanoacrylate-nettoyeur-cyanoacrylate\/#primaryimage","url":"https:\/\/arekson.com\/wp-content\/uploads\/2022\/05\/950678-CLEANER-CYANOACRILATO.jpg","contentUrl":"https:\/\/arekson.com\/wp-content\/uploads\/2022\/05\/950678-CLEANER-CYANOACRILATO.jpg","width":800,"height":800},{"@type":"BreadcrumbList","@id":"https:\/\/arekson.com\/fr\/producto\/cleaner-cyanoacrylate-nettoyeur-cyanoacrylate\/#breadcrumb","itemListElement":[{"@type":"ListItem","position":1,"name":"Home","item":"https:\/\/arekson.com\/fr\/"},{"@type":"ListItem","position":2,"name":"Produits","item":"https:\/\/arekson.com\/fr\/shop\/"},{"@type":"ListItem","position":3,"name":"CLEANER CYANOACRYLATE Nettoyeur cyanoacrylate"}]},{"@type":"WebSite","@id":"https:\/\/arekson.com\/fr\/#website","url":"https:\/\/arekson.com\/fr\/","name":"Arekson Group","description":"Marcas Referentes del Automovil Profesional","publisher":{"@id":"https:\/\/arekson.com\/fr\/#organization"},"potentialAction":[{"@type":"SearchAction","target":{"@type":"EntryPoint","urlTemplate":"https:\/\/arekson.com\/fr\/?s={search_term_string}"},"query-input":{"@type":"PropertyValueSpecification","valueRequired":true,"valueName":"search_term_string"}}],"inLanguage":"fr-FR"},{"@type":"Organization","@id":"https:\/\/arekson.com\/fr\/#organization","name":"Arekson Group","url":"https:\/\/arekson.com\/fr\/","logo":{"@type":"ImageObject","inLanguage":"fr-FR","@id":"https:\/\/arekson.com\/fr\/#\/schema\/logo\/image\/","url":"https:\/\/arekson.com\/wp-content\/uploads\/2022\/06\/Arekson-Group-Logo-Gris.jpg","contentUrl":"https:\/\/arekson.com\/wp-content\/uploads\/2022\/06\/Arekson-Group-Logo-Gris.jpg","width":174,"height":72,"caption":"Arekson Group"},"image":{"@id":"https:\/\/arekson.com\/fr\/#\/schema\/logo\/image\/"}}]}},"_links":{"self":[{"href":"https:\/\/arekson.com\/fr\/wp-json\/wp\/v2\/product\/16218","targetHints":{"allow":["GET"]}}],"collection":[{"href":"https:\/\/arekson.com\/fr\/wp-json\/wp\/v2\/product"}],"about":[{"href":"https:\/\/arekson.com\/fr\/wp-json\/wp\/v2\/types\/product"}],"wp:featuredmedia":[{"embeddable":true,"href":"https:\/\/arekson.com\/fr\/wp-json\/wp\/v2\/media\/7726"}],"wp:attachment":[{"href":"https:\/\/arekson.com\/fr\/wp-json\/wp\/v2\/media?parent=16218"}],"wp:term":[{"taxonomy":"product_brand","embeddable":true,"href":"https:\/\/arekson.com\/fr\/wp-json\/wp\/v2\/product_brand?post=16218"},{"taxonomy":"product_cat","embeddable":true,"href":"https:\/\/arekson.com\/fr\/wp-json\/wp\/v2\/product_cat?post=16218"},{"taxonomy":"product_tag","embeddable":true,"href":"https:\/\/arekson.com\/fr\/wp-json\/wp\/v2\/product_tag?post=16218"}],"curies":[{"name":"wp","href":"https:\/\/api.w.org\/{rel}","templated":true}]}}