{"id":16199,"date":"2022-06-02T11:59:56","date_gmt":"2022-06-02T09:59:56","guid":{"rendered":"https:\/\/arekson.com\/producto\/ms-glass-30-colle-polymere-ms-pour-pare-bri\/"},"modified":"2022-06-15T15:28:50","modified_gmt":"2022-06-15T13:28:50","slug":"ms-glass-30-colle-polymere-ms-pour-pare-bri","status":"publish","type":"product","link":"https:\/\/arekson.com\/fr\/producto\/ms-glass-30-colle-polymere-ms-pour-pare-bri\/","title":{"rendered":"<strong><span class=\"nom-corto\">MS GLASS 30&prime; <\/span><\/strong><br><span class=\"nom-largo\">Colle polym\u00e8re MS pour pare-bri<\/span>"},"content":{"rendered":"","protected":false},"excerpt":{"rendered":"<p>Mastic de collage polym\u00e8re mono composant \u00e0 hautes performances. Grande capacit\u00e9 d&rsquo;adh\u00e9sion sur pare-brise et vitres de l&rsquo;automobile. Facile \u00e0 enlever des mains. Joint colle d&rsquo;\u00e9tanch\u00e9it\u00e9 \u00e0 stabilit\u00e9 plus importante. Duret\u00e9 Shore A59 DIN 53505. Contact dans 30 minutes. Certificat FMVSS212.<\/p>\n","protected":false},"featured_media":25006,"template":"","meta":{"_et_pb_use_builder":"","_et_pb_old_content":"","_et_gb_content_width":""},"product_brand":[],"product_cat":[365,363,1113,1107],"product_tag":[],"class_list":{"0":"post-16199","1":"product","2":"type-product","3":"status-publish","4":"has-post-thumbnail","6":"product_cat-chimiques-csp","7":"product_cat-csp-fr","8":"product_cat-joints-de-vitres-csp","9":"product_cat-joints-et-adhesifs-csp","10":"pa_ok-csp-fr-ref-950623-noir-cartouche-290-ml-12-unites","12":"first","13":"outofstock","14":"purchasable","15":"product-type-variable"},"yoast_head":"<!-- This site is optimized with the Yoast SEO plugin v27.2 - https:\/\/yoast.com\/product\/yoast-seo-wordpress\/ -->\n<title>CSP MS GLASS 30&#039; Colle polym\u00e8re MS pour pare-bri<\/title>\n<meta name=\"description\" content=\"MS GLASS 30&#039; MS windscreen adhesive JOINTS DE VITRES REF: 950623 CSP\" \/>\n<meta name=\"robots\" content=\"index, follow, max-snippet:-1, max-image-preview:large, max-video-preview:-1\" \/>\n<link rel=\"canonical\" href=\"https:\/\/arekson.com\/fr\/producto\/ms-glass-30-colle-polymere-ms-pour-pare-bri\/\" \/>\n<meta property=\"og:locale\" content=\"fr_FR\" \/>\n<meta property=\"og:type\" content=\"article\" \/>\n<meta property=\"og:title\" content=\"CSP MS GLASS 30&#039; Colle polym\u00e8re MS pour pare-bri\" \/>\n<meta property=\"og:description\" content=\"MS GLASS 30&#039; MS windscreen adhesive JOINTS DE VITRES REF: 950623 CSP\" \/>\n<meta property=\"og:url\" content=\"https:\/\/arekson.com\/fr\/producto\/ms-glass-30-colle-polymere-ms-pour-pare-bri\/\" \/>\n<meta property=\"og:site_name\" content=\"Arekson Group\" \/>\n<meta property=\"article:modified_time\" content=\"2022-06-15T13:28:50+00:00\" \/>\n<meta property=\"og:image\" content=\"https:\/\/arekson.com\/wp-content\/uploads\/2022\/05\/950623-MS-GLASS.jpg\" \/>\n\t<meta property=\"og:image:width\" content=\"800\" \/>\n\t<meta property=\"og:image:height\" content=\"800\" \/>\n\t<meta property=\"og:image:type\" content=\"image\/jpeg\" \/>\n<meta name=\"twitter:card\" content=\"summary_large_image\" \/>\n<script type=\"application\/ld+json\" class=\"yoast-schema-graph\">{\"@context\":\"https:\/\/schema.org\",\"@graph\":[{\"@type\":\"WebPage\",\"@id\":\"https:\/\/arekson.com\/fr\/producto\/ms-glass-30-colle-polymere-ms-pour-pare-bri\/\",\"url\":\"https:\/\/arekson.com\/fr\/producto\/ms-glass-30-colle-polymere-ms-pour-pare-bri\/\",\"name\":\"CSP MS GLASS 30' Colle polym\u00e8re MS pour pare-bri\",\"isPartOf\":{\"@id\":\"https:\/\/arekson.com\/fr\/#website\"},\"primaryImageOfPage\":{\"@id\":\"https:\/\/arekson.com\/fr\/producto\/ms-glass-30-colle-polymere-ms-pour-pare-bri\/#primaryimage\"},\"image\":{\"@id\":\"https:\/\/arekson.com\/fr\/producto\/ms-glass-30-colle-polymere-ms-pour-pare-bri\/#primaryimage\"},\"thumbnailUrl\":\"https:\/\/arekson.com\/wp-content\/uploads\/2022\/06\/950623-MS-GLASS.jpg\",\"datePublished\":\"2022-06-02T09:59:56+00:00\",\"dateModified\":\"2022-06-15T13:28:50+00:00\",\"description\":\"MS GLASS 30' MS windscreen adhesive JOINTS DE VITRES REF: 950623 CSP\",\"breadcrumb\":{\"@id\":\"https:\/\/arekson.com\/fr\/producto\/ms-glass-30-colle-polymere-ms-pour-pare-bri\/#breadcrumb\"},\"inLanguage\":\"fr-FR\",\"potentialAction\":[{\"@type\":\"ReadAction\",\"target\":[\"https:\/\/arekson.com\/fr\/producto\/ms-glass-30-colle-polymere-ms-pour-pare-bri\/\"]}]},{\"@type\":\"ImageObject\",\"inLanguage\":\"fr-FR\",\"@id\":\"https:\/\/arekson.com\/fr\/producto\/ms-glass-30-colle-polymere-ms-pour-pare-bri\/#primaryimage\",\"url\":\"https:\/\/arekson.com\/wp-content\/uploads\/2022\/06\/950623-MS-GLASS.jpg\",\"contentUrl\":\"https:\/\/arekson.com\/wp-content\/uploads\/2022\/06\/950623-MS-GLASS.jpg\",\"width\":800,\"height\":800,\"caption\":\"CSP | MS GLASS 30' | Pegado de parabrisas MS\"},{\"@type\":\"BreadcrumbList\",\"@id\":\"https:\/\/arekson.com\/fr\/producto\/ms-glass-30-colle-polymere-ms-pour-pare-bri\/#breadcrumb\",\"itemListElement\":[{\"@type\":\"ListItem\",\"position\":1,\"name\":\"Home\",\"item\":\"https:\/\/arekson.com\/fr\/\"},{\"@type\":\"ListItem\",\"position\":2,\"name\":\"Produits\",\"item\":\"https:\/\/arekson.com\/fr\/shop\/\"},{\"@type\":\"ListItem\",\"position\":3,\"name\":\"MS GLASS 30&#8242; Colle polym\u00e8re MS pour pare-bri\"}]},{\"@type\":\"WebSite\",\"@id\":\"https:\/\/arekson.com\/fr\/#website\",\"url\":\"https:\/\/arekson.com\/fr\/\",\"name\":\"Arekson Group\",\"description\":\"Marcas Referentes del Automovil Profesional\",\"publisher\":{\"@id\":\"https:\/\/arekson.com\/fr\/#organization\"},\"potentialAction\":[{\"@type\":\"SearchAction\",\"target\":{\"@type\":\"EntryPoint\",\"urlTemplate\":\"https:\/\/arekson.com\/fr\/?s={search_term_string}\"},\"query-input\":{\"@type\":\"PropertyValueSpecification\",\"valueRequired\":true,\"valueName\":\"search_term_string\"}}],\"inLanguage\":\"fr-FR\"},{\"@type\":\"Organization\",\"@id\":\"https:\/\/arekson.com\/fr\/#organization\",\"name\":\"Arekson Group\",\"url\":\"https:\/\/arekson.com\/fr\/\",\"logo\":{\"@type\":\"ImageObject\",\"inLanguage\":\"fr-FR\",\"@id\":\"https:\/\/arekson.com\/fr\/#\/schema\/logo\/image\/\",\"url\":\"https:\/\/arekson.com\/wp-content\/uploads\/2022\/06\/Arekson-Group-Logo-Gris.jpg\",\"contentUrl\":\"https:\/\/arekson.com\/wp-content\/uploads\/2022\/06\/Arekson-Group-Logo-Gris.jpg\",\"width\":174,\"height\":72,\"caption\":\"Arekson Group\"},\"image\":{\"@id\":\"https:\/\/arekson.com\/fr\/#\/schema\/logo\/image\/\"}}]}<\/script>\n<!-- \/ Yoast SEO plugin. -->","yoast_head_json":{"title":"CSP MS GLASS 30' Colle polym\u00e8re MS pour pare-bri","description":"MS GLASS 30' MS windscreen adhesive JOINTS DE VITRES REF: 950623 CSP","robots":{"index":"index","follow":"follow","max-snippet":"max-snippet:-1","max-image-preview":"max-image-preview:large","max-video-preview":"max-video-preview:-1"},"canonical":"https:\/\/arekson.com\/fr\/producto\/ms-glass-30-colle-polymere-ms-pour-pare-bri\/","og_locale":"fr_FR","og_type":"article","og_title":"CSP MS GLASS 30' Colle polym\u00e8re MS pour pare-bri","og_description":"MS GLASS 30' MS windscreen adhesive JOINTS DE VITRES REF: 950623 CSP","og_url":"https:\/\/arekson.com\/fr\/producto\/ms-glass-30-colle-polymere-ms-pour-pare-bri\/","og_site_name":"Arekson Group","article_modified_time":"2022-06-15T13:28:50+00:00","og_image":[{"width":800,"height":800,"url":"https:\/\/arekson.com\/wp-content\/uploads\/2022\/05\/950623-MS-GLASS.jpg","type":"image\/jpeg"}],"twitter_card":"summary_large_image","schema":{"@context":"https:\/\/schema.org","@graph":[{"@type":"WebPage","@id":"https:\/\/arekson.com\/fr\/producto\/ms-glass-30-colle-polymere-ms-pour-pare-bri\/","url":"https:\/\/arekson.com\/fr\/producto\/ms-glass-30-colle-polymere-ms-pour-pare-bri\/","name":"CSP MS GLASS 30' Colle polym\u00e8re MS pour pare-bri","isPartOf":{"@id":"https:\/\/arekson.com\/fr\/#website"},"primaryImageOfPage":{"@id":"https:\/\/arekson.com\/fr\/producto\/ms-glass-30-colle-polymere-ms-pour-pare-bri\/#primaryimage"},"image":{"@id":"https:\/\/arekson.com\/fr\/producto\/ms-glass-30-colle-polymere-ms-pour-pare-bri\/#primaryimage"},"thumbnailUrl":"https:\/\/arekson.com\/wp-content\/uploads\/2022\/06\/950623-MS-GLASS.jpg","datePublished":"2022-06-02T09:59:56+00:00","dateModified":"2022-06-15T13:28:50+00:00","description":"MS GLASS 30' MS windscreen adhesive JOINTS DE VITRES REF: 950623 CSP","breadcrumb":{"@id":"https:\/\/arekson.com\/fr\/producto\/ms-glass-30-colle-polymere-ms-pour-pare-bri\/#breadcrumb"},"inLanguage":"fr-FR","potentialAction":[{"@type":"ReadAction","target":["https:\/\/arekson.com\/fr\/producto\/ms-glass-30-colle-polymere-ms-pour-pare-bri\/"]}]},{"@type":"ImageObject","inLanguage":"fr-FR","@id":"https:\/\/arekson.com\/fr\/producto\/ms-glass-30-colle-polymere-ms-pour-pare-bri\/#primaryimage","url":"https:\/\/arekson.com\/wp-content\/uploads\/2022\/06\/950623-MS-GLASS.jpg","contentUrl":"https:\/\/arekson.com\/wp-content\/uploads\/2022\/06\/950623-MS-GLASS.jpg","width":800,"height":800,"caption":"CSP | MS GLASS 30' | Pegado de parabrisas MS"},{"@type":"BreadcrumbList","@id":"https:\/\/arekson.com\/fr\/producto\/ms-glass-30-colle-polymere-ms-pour-pare-bri\/#breadcrumb","itemListElement":[{"@type":"ListItem","position":1,"name":"Home","item":"https:\/\/arekson.com\/fr\/"},{"@type":"ListItem","position":2,"name":"Produits","item":"https:\/\/arekson.com\/fr\/shop\/"},{"@type":"ListItem","position":3,"name":"MS GLASS 30&#8242; Colle polym\u00e8re MS pour pare-bri"}]},{"@type":"WebSite","@id":"https:\/\/arekson.com\/fr\/#website","url":"https:\/\/arekson.com\/fr\/","name":"Arekson Group","description":"Marcas Referentes del Automovil Profesional","publisher":{"@id":"https:\/\/arekson.com\/fr\/#organization"},"potentialAction":[{"@type":"SearchAction","target":{"@type":"EntryPoint","urlTemplate":"https:\/\/arekson.com\/fr\/?s={search_term_string}"},"query-input":{"@type":"PropertyValueSpecification","valueRequired":true,"valueName":"search_term_string"}}],"inLanguage":"fr-FR"},{"@type":"Organization","@id":"https:\/\/arekson.com\/fr\/#organization","name":"Arekson Group","url":"https:\/\/arekson.com\/fr\/","logo":{"@type":"ImageObject","inLanguage":"fr-FR","@id":"https:\/\/arekson.com\/fr\/#\/schema\/logo\/image\/","url":"https:\/\/arekson.com\/wp-content\/uploads\/2022\/06\/Arekson-Group-Logo-Gris.jpg","contentUrl":"https:\/\/arekson.com\/wp-content\/uploads\/2022\/06\/Arekson-Group-Logo-Gris.jpg","width":174,"height":72,"caption":"Arekson Group"},"image":{"@id":"https:\/\/arekson.com\/fr\/#\/schema\/logo\/image\/"}}]}},"_links":{"self":[{"href":"https:\/\/arekson.com\/fr\/wp-json\/wp\/v2\/product\/16199","targetHints":{"allow":["GET"]}}],"collection":[{"href":"https:\/\/arekson.com\/fr\/wp-json\/wp\/v2\/product"}],"about":[{"href":"https:\/\/arekson.com\/fr\/wp-json\/wp\/v2\/types\/product"}],"wp:featuredmedia":[{"embeddable":true,"href":"https:\/\/arekson.com\/fr\/wp-json\/wp\/v2\/media\/25006"}],"wp:attachment":[{"href":"https:\/\/arekson.com\/fr\/wp-json\/wp\/v2\/media?parent=16199"}],"wp:term":[{"taxonomy":"product_brand","embeddable":true,"href":"https:\/\/arekson.com\/fr\/wp-json\/wp\/v2\/product_brand?post=16199"},{"taxonomy":"product_cat","embeddable":true,"href":"https:\/\/arekson.com\/fr\/wp-json\/wp\/v2\/product_cat?post=16199"},{"taxonomy":"product_tag","embeddable":true,"href":"https:\/\/arekson.com\/fr\/wp-json\/wp\/v2\/product_tag?post=16199"}],"curies":[{"name":"wp","href":"https:\/\/api.w.org\/{rel}","templated":true}]}}