{"id":16176,"date":"2022-06-02T11:59:42","date_gmt":"2022-06-02T09:59:42","guid":{"rendered":"https:\/\/arekson.com\/producto\/sealing-tape-joint-detancheite-preforme\/"},"modified":"2022-06-15T15:28:17","modified_gmt":"2022-06-15T13:28:17","slug":"sealing-tape-joint-detancheite-preforme","status":"publish","type":"product","link":"https:\/\/arekson.com\/fr\/producto\/sealing-tape-joint-detancheite-preforme\/","title":{"rendered":"<strong><span class=\"nom-corto\">SEALING TAPE <\/span><\/strong><br><span class=\"nom-largo\">Joint d&rsquo;\u00e9tanch\u00e9it\u00e9 pr\u00e9form\u00e9<\/span>"},"content":{"rendered":"","protected":false},"excerpt":{"rendered":"<p>Cordon d&rsquo;\u00e9tanch\u00e9it\u00e9 pr\u00e9form\u00e9 en rouleau pour les bords des porti\u00e8res et le capot. Application facile et manuelle permettant de reproduire la finition originale en r\u00e9duisant le temps d&rsquo;application. Appliquer Sealing Primer A\u00e9rosol en suivant les instructions. Recouvrable imm\u00e9diatement.<\/p>\n","protected":false},"featured_media":24834,"template":"","meta":{"_et_pb_use_builder":"","_et_pb_old_content":"","_et_gb_content_width":""},"product_brand":[],"product_cat":[365,363,1107,1115],"product_tag":[],"class_list":{"0":"post-16176","1":"product","2":"type-product","3":"status-publish","4":"has-post-thumbnail","6":"product_cat-chimiques-csp","7":"product_cat-csp-fr","8":"product_cat-joints-et-adhesifs-csp","9":"product_cat-joints-preformes-csp","10":"pa_ok-csp-fr-ref-950000-blanc-etui-8-mm-x-16-m-10-unites","11":"pa_ok-csp-fr-ref-950001-blanc-etui-10-mm-x-16-m-10-unites","13":"first","14":"outofstock","15":"purchasable","16":"product-type-variable"},"yoast_head":"<!-- This site is optimized with the Yoast SEO plugin v27.2 - https:\/\/yoast.com\/product\/yoast-seo-wordpress\/ -->\n<title>CSP SEALING TAPE Joint d&#039;\u00e9tanch\u00e9it\u00e9 pr\u00e9form\u00e9<\/title>\n<meta name=\"description\" content=\"SEALING TAPE Door edge strip JOINTS PR\u00c9FORM\u00c9S REF: 950001 CSP\" \/>\n<meta name=\"robots\" content=\"index, follow, max-snippet:-1, max-image-preview:large, max-video-preview:-1\" \/>\n<link rel=\"canonical\" href=\"https:\/\/arekson.com\/fr\/producto\/sealing-tape-joint-detancheite-preforme\/\" \/>\n<meta property=\"og:locale\" content=\"fr_FR\" \/>\n<meta property=\"og:type\" content=\"article\" \/>\n<meta property=\"og:title\" content=\"CSP SEALING TAPE Joint d&#039;\u00e9tanch\u00e9it\u00e9 pr\u00e9form\u00e9\" \/>\n<meta property=\"og:description\" content=\"SEALING TAPE Door edge strip JOINTS PR\u00c9FORM\u00c9S REF: 950001 CSP\" \/>\n<meta property=\"og:url\" content=\"https:\/\/arekson.com\/fr\/producto\/sealing-tape-joint-detancheite-preforme\/\" \/>\n<meta property=\"og:site_name\" content=\"Arekson Group\" \/>\n<meta property=\"article:modified_time\" content=\"2022-06-15T13:28:17+00:00\" \/>\n<meta property=\"og:image\" content=\"https:\/\/arekson.com\/wp-content\/uploads\/2022\/05\/950000.jpg\" \/>\n\t<meta property=\"og:image:width\" content=\"800\" \/>\n\t<meta property=\"og:image:height\" content=\"800\" \/>\n\t<meta property=\"og:image:type\" content=\"image\/jpeg\" \/>\n<meta name=\"twitter:card\" content=\"summary_large_image\" \/>\n<script type=\"application\/ld+json\" class=\"yoast-schema-graph\">{\"@context\":\"https:\/\/schema.org\",\"@graph\":[{\"@type\":\"WebPage\",\"@id\":\"https:\/\/arekson.com\/fr\/producto\/sealing-tape-joint-detancheite-preforme\/\",\"url\":\"https:\/\/arekson.com\/fr\/producto\/sealing-tape-joint-detancheite-preforme\/\",\"name\":\"CSP SEALING TAPE Joint d'\u00e9tanch\u00e9it\u00e9 pr\u00e9form\u00e9\",\"isPartOf\":{\"@id\":\"https:\/\/arekson.com\/fr\/#website\"},\"primaryImageOfPage\":{\"@id\":\"https:\/\/arekson.com\/fr\/producto\/sealing-tape-joint-detancheite-preforme\/#primaryimage\"},\"image\":{\"@id\":\"https:\/\/arekson.com\/fr\/producto\/sealing-tape-joint-detancheite-preforme\/#primaryimage\"},\"thumbnailUrl\":\"https:\/\/arekson.com\/wp-content\/uploads\/2022\/06\/950000.jpg\",\"datePublished\":\"2022-06-02T09:59:42+00:00\",\"dateModified\":\"2022-06-15T13:28:17+00:00\",\"description\":\"SEALING TAPE Door edge strip JOINTS PR\u00c9FORM\u00c9S REF: 950001 CSP\",\"breadcrumb\":{\"@id\":\"https:\/\/arekson.com\/fr\/producto\/sealing-tape-joint-detancheite-preforme\/#breadcrumb\"},\"inLanguage\":\"fr-FR\",\"potentialAction\":[{\"@type\":\"ReadAction\",\"target\":[\"https:\/\/arekson.com\/fr\/producto\/sealing-tape-joint-detancheite-preforme\/\"]}]},{\"@type\":\"ImageObject\",\"inLanguage\":\"fr-FR\",\"@id\":\"https:\/\/arekson.com\/fr\/producto\/sealing-tape-joint-detancheite-preforme\/#primaryimage\",\"url\":\"https:\/\/arekson.com\/wp-content\/uploads\/2022\/06\/950000.jpg\",\"contentUrl\":\"https:\/\/arekson.com\/wp-content\/uploads\/2022\/06\/950000.jpg\",\"width\":800,\"height\":800,\"caption\":\"CSP | SEALING TAPE | Cord\u00f3n bordes de puerta\"},{\"@type\":\"BreadcrumbList\",\"@id\":\"https:\/\/arekson.com\/fr\/producto\/sealing-tape-joint-detancheite-preforme\/#breadcrumb\",\"itemListElement\":[{\"@type\":\"ListItem\",\"position\":1,\"name\":\"Home\",\"item\":\"https:\/\/arekson.com\/fr\/\"},{\"@type\":\"ListItem\",\"position\":2,\"name\":\"Produits\",\"item\":\"https:\/\/arekson.com\/fr\/shop\/\"},{\"@type\":\"ListItem\",\"position\":3,\"name\":\"SEALING TAPE Joint d&#8217;\u00e9tanch\u00e9it\u00e9 pr\u00e9form\u00e9\"}]},{\"@type\":\"WebSite\",\"@id\":\"https:\/\/arekson.com\/fr\/#website\",\"url\":\"https:\/\/arekson.com\/fr\/\",\"name\":\"Arekson Group\",\"description\":\"Marcas Referentes del Automovil Profesional\",\"publisher\":{\"@id\":\"https:\/\/arekson.com\/fr\/#organization\"},\"potentialAction\":[{\"@type\":\"SearchAction\",\"target\":{\"@type\":\"EntryPoint\",\"urlTemplate\":\"https:\/\/arekson.com\/fr\/?s={search_term_string}\"},\"query-input\":{\"@type\":\"PropertyValueSpecification\",\"valueRequired\":true,\"valueName\":\"search_term_string\"}}],\"inLanguage\":\"fr-FR\"},{\"@type\":\"Organization\",\"@id\":\"https:\/\/arekson.com\/fr\/#organization\",\"name\":\"Arekson Group\",\"url\":\"https:\/\/arekson.com\/fr\/\",\"logo\":{\"@type\":\"ImageObject\",\"inLanguage\":\"fr-FR\",\"@id\":\"https:\/\/arekson.com\/fr\/#\/schema\/logo\/image\/\",\"url\":\"https:\/\/arekson.com\/wp-content\/uploads\/2022\/06\/Arekson-Group-Logo-Gris.jpg\",\"contentUrl\":\"https:\/\/arekson.com\/wp-content\/uploads\/2022\/06\/Arekson-Group-Logo-Gris.jpg\",\"width\":174,\"height\":72,\"caption\":\"Arekson Group\"},\"image\":{\"@id\":\"https:\/\/arekson.com\/fr\/#\/schema\/logo\/image\/\"}}]}<\/script>\n<!-- \/ Yoast SEO plugin. -->","yoast_head_json":{"title":"CSP SEALING TAPE Joint d'\u00e9tanch\u00e9it\u00e9 pr\u00e9form\u00e9","description":"SEALING TAPE Door edge strip JOINTS PR\u00c9FORM\u00c9S REF: 950001 CSP","robots":{"index":"index","follow":"follow","max-snippet":"max-snippet:-1","max-image-preview":"max-image-preview:large","max-video-preview":"max-video-preview:-1"},"canonical":"https:\/\/arekson.com\/fr\/producto\/sealing-tape-joint-detancheite-preforme\/","og_locale":"fr_FR","og_type":"article","og_title":"CSP SEALING TAPE Joint d'\u00e9tanch\u00e9it\u00e9 pr\u00e9form\u00e9","og_description":"SEALING TAPE Door edge strip JOINTS PR\u00c9FORM\u00c9S REF: 950001 CSP","og_url":"https:\/\/arekson.com\/fr\/producto\/sealing-tape-joint-detancheite-preforme\/","og_site_name":"Arekson Group","article_modified_time":"2022-06-15T13:28:17+00:00","og_image":[{"width":800,"height":800,"url":"https:\/\/arekson.com\/wp-content\/uploads\/2022\/05\/950000.jpg","type":"image\/jpeg"}],"twitter_card":"summary_large_image","schema":{"@context":"https:\/\/schema.org","@graph":[{"@type":"WebPage","@id":"https:\/\/arekson.com\/fr\/producto\/sealing-tape-joint-detancheite-preforme\/","url":"https:\/\/arekson.com\/fr\/producto\/sealing-tape-joint-detancheite-preforme\/","name":"CSP SEALING TAPE Joint d'\u00e9tanch\u00e9it\u00e9 pr\u00e9form\u00e9","isPartOf":{"@id":"https:\/\/arekson.com\/fr\/#website"},"primaryImageOfPage":{"@id":"https:\/\/arekson.com\/fr\/producto\/sealing-tape-joint-detancheite-preforme\/#primaryimage"},"image":{"@id":"https:\/\/arekson.com\/fr\/producto\/sealing-tape-joint-detancheite-preforme\/#primaryimage"},"thumbnailUrl":"https:\/\/arekson.com\/wp-content\/uploads\/2022\/06\/950000.jpg","datePublished":"2022-06-02T09:59:42+00:00","dateModified":"2022-06-15T13:28:17+00:00","description":"SEALING TAPE Door edge strip JOINTS PR\u00c9FORM\u00c9S REF: 950001 CSP","breadcrumb":{"@id":"https:\/\/arekson.com\/fr\/producto\/sealing-tape-joint-detancheite-preforme\/#breadcrumb"},"inLanguage":"fr-FR","potentialAction":[{"@type":"ReadAction","target":["https:\/\/arekson.com\/fr\/producto\/sealing-tape-joint-detancheite-preforme\/"]}]},{"@type":"ImageObject","inLanguage":"fr-FR","@id":"https:\/\/arekson.com\/fr\/producto\/sealing-tape-joint-detancheite-preforme\/#primaryimage","url":"https:\/\/arekson.com\/wp-content\/uploads\/2022\/06\/950000.jpg","contentUrl":"https:\/\/arekson.com\/wp-content\/uploads\/2022\/06\/950000.jpg","width":800,"height":800,"caption":"CSP | SEALING TAPE | Cord\u00f3n bordes de puerta"},{"@type":"BreadcrumbList","@id":"https:\/\/arekson.com\/fr\/producto\/sealing-tape-joint-detancheite-preforme\/#breadcrumb","itemListElement":[{"@type":"ListItem","position":1,"name":"Home","item":"https:\/\/arekson.com\/fr\/"},{"@type":"ListItem","position":2,"name":"Produits","item":"https:\/\/arekson.com\/fr\/shop\/"},{"@type":"ListItem","position":3,"name":"SEALING TAPE Joint d&#8217;\u00e9tanch\u00e9it\u00e9 pr\u00e9form\u00e9"}]},{"@type":"WebSite","@id":"https:\/\/arekson.com\/fr\/#website","url":"https:\/\/arekson.com\/fr\/","name":"Arekson Group","description":"Marcas Referentes del Automovil Profesional","publisher":{"@id":"https:\/\/arekson.com\/fr\/#organization"},"potentialAction":[{"@type":"SearchAction","target":{"@type":"EntryPoint","urlTemplate":"https:\/\/arekson.com\/fr\/?s={search_term_string}"},"query-input":{"@type":"PropertyValueSpecification","valueRequired":true,"valueName":"search_term_string"}}],"inLanguage":"fr-FR"},{"@type":"Organization","@id":"https:\/\/arekson.com\/fr\/#organization","name":"Arekson Group","url":"https:\/\/arekson.com\/fr\/","logo":{"@type":"ImageObject","inLanguage":"fr-FR","@id":"https:\/\/arekson.com\/fr\/#\/schema\/logo\/image\/","url":"https:\/\/arekson.com\/wp-content\/uploads\/2022\/06\/Arekson-Group-Logo-Gris.jpg","contentUrl":"https:\/\/arekson.com\/wp-content\/uploads\/2022\/06\/Arekson-Group-Logo-Gris.jpg","width":174,"height":72,"caption":"Arekson Group"},"image":{"@id":"https:\/\/arekson.com\/fr\/#\/schema\/logo\/image\/"}}]}},"_links":{"self":[{"href":"https:\/\/arekson.com\/fr\/wp-json\/wp\/v2\/product\/16176","targetHints":{"allow":["GET"]}}],"collection":[{"href":"https:\/\/arekson.com\/fr\/wp-json\/wp\/v2\/product"}],"about":[{"href":"https:\/\/arekson.com\/fr\/wp-json\/wp\/v2\/types\/product"}],"wp:featuredmedia":[{"embeddable":true,"href":"https:\/\/arekson.com\/fr\/wp-json\/wp\/v2\/media\/24834"}],"wp:attachment":[{"href":"https:\/\/arekson.com\/fr\/wp-json\/wp\/v2\/media?parent=16176"}],"wp:term":[{"taxonomy":"product_brand","embeddable":true,"href":"https:\/\/arekson.com\/fr\/wp-json\/wp\/v2\/product_brand?post=16176"},{"taxonomy":"product_cat","embeddable":true,"href":"https:\/\/arekson.com\/fr\/wp-json\/wp\/v2\/product_cat?post=16176"},{"taxonomy":"product_tag","embeddable":true,"href":"https:\/\/arekson.com\/fr\/wp-json\/wp\/v2\/product_tag?post=16176"}],"curies":[{"name":"wp","href":"https:\/\/api.w.org\/{rel}","templated":true}]}}