{"id":16170,"date":"2022-06-02T11:59:26","date_gmt":"2022-06-02T09:59:26","guid":{"rendered":"https:\/\/arekson.com\/producto\/ms-sealant-joint-detancheite-ms-polymere\/"},"modified":"2022-06-15T15:28:09","modified_gmt":"2022-06-15T13:28:09","slug":"ms-sealant-joint-detancheite-ms-polymere","status":"publish","type":"product","link":"https:\/\/arekson.com\/fr\/producto\/ms-sealant-joint-detancheite-ms-polymere\/","title":{"rendered":"<strong><span class=\"nom-corto\">MS SEALANT <\/span><\/strong><br><span class=\"nom-largo\">Joint d&rsquo;\u00e9tanch\u00e9it\u00e9 MS polym\u00e8re<\/span>"},"content":{"rendered":"","protected":false},"excerpt":{"rendered":"<p>Joint colle d&rsquo;\u00e9tanch\u00e9it\u00e9 polym\u00e8re mono composant \u00e0 hautes performances m\u00e9caniques. Pour le collage de diff\u00e9rents mat\u00e9riaux, le m\u00e9tal, l&rsquo;aluminium, l&rsquo;acier inoxydable, le zinc, le pr\u00e9 laqu\u00e9, le verre, le polyester et la plupart des mati\u00e8res plastiques, ainsi que le bois et ses d\u00e9riv\u00e9s. Id\u00e9al pour la carrosserie industrielle, la construction navale et la climatisation. Non toxique. Non inflammable. Recouvrable imm\u00e9diatement. Ne r\u00e9tr\u00e9cit pas. Plus de 99% extrait sec.<\/p>\n","protected":false},"featured_media":24991,"template":"","meta":{"_et_pb_use_builder":"","_et_pb_old_content":"","_et_gb_content_width":""},"product_brand":[],"product_cat":[365,363,1111,1107],"product_tag":[],"class_list":{"0":"post-16170","1":"product","2":"type-product","3":"status-publish","4":"has-post-thumbnail","6":"product_cat-chimiques-csp","7":"product_cat-csp-fr","8":"product_cat-joints-de-carrosserie-csp","9":"product_cat-joints-et-adhesifs-csp","10":"pa_ok-csp-fr-ref-950626-blanc-cartouche-290-ml-12-unites","11":"pa_ok-csp-fr-ref-950627-gris-cartouche-290-ml-12-unites","12":"pa_ok-csp-fr-ref-950628-noir-cartouche-290-ml-12-unites","14":"first","15":"outofstock","16":"purchasable","17":"product-type-variable"},"yoast_head":"<!-- This site is optimized with the Yoast SEO plugin v27.2 - https:\/\/yoast.com\/product\/yoast-seo-wordpress\/ -->\n<title>CSP MS SEALANT Joint d&#039;\u00e9tanch\u00e9it\u00e9 MS polym\u00e8re<\/title>\n<meta name=\"description\" content=\"MS SEALANT MS sealant JOINTS DE CARROSSERIE REF: 950628 CSP\" \/>\n<meta name=\"robots\" content=\"index, follow, max-snippet:-1, max-image-preview:large, max-video-preview:-1\" \/>\n<link rel=\"canonical\" href=\"https:\/\/arekson.com\/fr\/producto\/ms-sealant-joint-detancheite-ms-polymere\/\" \/>\n<meta property=\"og:locale\" content=\"fr_FR\" \/>\n<meta property=\"og:type\" content=\"article\" \/>\n<meta property=\"og:title\" content=\"CSP MS SEALANT Joint d&#039;\u00e9tanch\u00e9it\u00e9 MS polym\u00e8re\" \/>\n<meta property=\"og:description\" content=\"MS SEALANT MS sealant JOINTS DE CARROSSERIE REF: 950628 CSP\" \/>\n<meta property=\"og:url\" content=\"https:\/\/arekson.com\/fr\/producto\/ms-sealant-joint-detancheite-ms-polymere\/\" \/>\n<meta property=\"og:site_name\" content=\"Arekson Group\" \/>\n<meta property=\"article:modified_time\" content=\"2022-06-15T13:28:09+00:00\" \/>\n<meta property=\"og:image\" content=\"https:\/\/arekson.com\/wp-content\/uploads\/2022\/05\/950587-MS-SEALANT-TODOS-COLORES.jpg\" \/>\n\t<meta property=\"og:image:width\" content=\"800\" \/>\n\t<meta property=\"og:image:height\" content=\"800\" \/>\n\t<meta property=\"og:image:type\" content=\"image\/jpeg\" \/>\n<meta name=\"twitter:card\" content=\"summary_large_image\" \/>\n<script type=\"application\/ld+json\" class=\"yoast-schema-graph\">{\"@context\":\"https:\/\/schema.org\",\"@graph\":[{\"@type\":\"WebPage\",\"@id\":\"https:\/\/arekson.com\/fr\/producto\/ms-sealant-joint-detancheite-ms-polymere\/\",\"url\":\"https:\/\/arekson.com\/fr\/producto\/ms-sealant-joint-detancheite-ms-polymere\/\",\"name\":\"CSP MS SEALANT Joint d'\u00e9tanch\u00e9it\u00e9 MS polym\u00e8re\",\"isPartOf\":{\"@id\":\"https:\/\/arekson.com\/fr\/#website\"},\"primaryImageOfPage\":{\"@id\":\"https:\/\/arekson.com\/fr\/producto\/ms-sealant-joint-detancheite-ms-polymere\/#primaryimage\"},\"image\":{\"@id\":\"https:\/\/arekson.com\/fr\/producto\/ms-sealant-joint-detancheite-ms-polymere\/#primaryimage\"},\"thumbnailUrl\":\"https:\/\/arekson.com\/wp-content\/uploads\/2022\/06\/950587-MS-SEALANT-TODOS-COLORES.jpg\",\"datePublished\":\"2022-06-02T09:59:26+00:00\",\"dateModified\":\"2022-06-15T13:28:09+00:00\",\"description\":\"MS SEALANT MS sealant JOINTS DE CARROSSERIE REF: 950628 CSP\",\"breadcrumb\":{\"@id\":\"https:\/\/arekson.com\/fr\/producto\/ms-sealant-joint-detancheite-ms-polymere\/#breadcrumb\"},\"inLanguage\":\"fr-FR\",\"potentialAction\":[{\"@type\":\"ReadAction\",\"target\":[\"https:\/\/arekson.com\/fr\/producto\/ms-sealant-joint-detancheite-ms-polymere\/\"]}]},{\"@type\":\"ImageObject\",\"inLanguage\":\"fr-FR\",\"@id\":\"https:\/\/arekson.com\/fr\/producto\/ms-sealant-joint-detancheite-ms-polymere\/#primaryimage\",\"url\":\"https:\/\/arekson.com\/wp-content\/uploads\/2022\/06\/950587-MS-SEALANT-TODOS-COLORES.jpg\",\"contentUrl\":\"https:\/\/arekson.com\/wp-content\/uploads\/2022\/06\/950587-MS-SEALANT-TODOS-COLORES.jpg\",\"width\":800,\"height\":800,\"caption\":\"CSP | MS SEALANT | Sellador MS\"},{\"@type\":\"BreadcrumbList\",\"@id\":\"https:\/\/arekson.com\/fr\/producto\/ms-sealant-joint-detancheite-ms-polymere\/#breadcrumb\",\"itemListElement\":[{\"@type\":\"ListItem\",\"position\":1,\"name\":\"Home\",\"item\":\"https:\/\/arekson.com\/fr\/\"},{\"@type\":\"ListItem\",\"position\":2,\"name\":\"Produits\",\"item\":\"https:\/\/arekson.com\/fr\/shop\/\"},{\"@type\":\"ListItem\",\"position\":3,\"name\":\"MS SEALANT Joint d&#8217;\u00e9tanch\u00e9it\u00e9 MS polym\u00e8re\"}]},{\"@type\":\"WebSite\",\"@id\":\"https:\/\/arekson.com\/fr\/#website\",\"url\":\"https:\/\/arekson.com\/fr\/\",\"name\":\"Arekson Group\",\"description\":\"Marcas Referentes del Automovil Profesional\",\"publisher\":{\"@id\":\"https:\/\/arekson.com\/fr\/#organization\"},\"potentialAction\":[{\"@type\":\"SearchAction\",\"target\":{\"@type\":\"EntryPoint\",\"urlTemplate\":\"https:\/\/arekson.com\/fr\/?s={search_term_string}\"},\"query-input\":{\"@type\":\"PropertyValueSpecification\",\"valueRequired\":true,\"valueName\":\"search_term_string\"}}],\"inLanguage\":\"fr-FR\"},{\"@type\":\"Organization\",\"@id\":\"https:\/\/arekson.com\/fr\/#organization\",\"name\":\"Arekson Group\",\"url\":\"https:\/\/arekson.com\/fr\/\",\"logo\":{\"@type\":\"ImageObject\",\"inLanguage\":\"fr-FR\",\"@id\":\"https:\/\/arekson.com\/fr\/#\/schema\/logo\/image\/\",\"url\":\"https:\/\/arekson.com\/wp-content\/uploads\/2022\/06\/Arekson-Group-Logo-Gris.jpg\",\"contentUrl\":\"https:\/\/arekson.com\/wp-content\/uploads\/2022\/06\/Arekson-Group-Logo-Gris.jpg\",\"width\":174,\"height\":72,\"caption\":\"Arekson Group\"},\"image\":{\"@id\":\"https:\/\/arekson.com\/fr\/#\/schema\/logo\/image\/\"}}]}<\/script>\n<!-- \/ Yoast SEO plugin. -->","yoast_head_json":{"title":"CSP MS SEALANT Joint d'\u00e9tanch\u00e9it\u00e9 MS polym\u00e8re","description":"MS SEALANT MS sealant JOINTS DE CARROSSERIE REF: 950628 CSP","robots":{"index":"index","follow":"follow","max-snippet":"max-snippet:-1","max-image-preview":"max-image-preview:large","max-video-preview":"max-video-preview:-1"},"canonical":"https:\/\/arekson.com\/fr\/producto\/ms-sealant-joint-detancheite-ms-polymere\/","og_locale":"fr_FR","og_type":"article","og_title":"CSP MS SEALANT Joint d'\u00e9tanch\u00e9it\u00e9 MS polym\u00e8re","og_description":"MS SEALANT MS sealant JOINTS DE CARROSSERIE REF: 950628 CSP","og_url":"https:\/\/arekson.com\/fr\/producto\/ms-sealant-joint-detancheite-ms-polymere\/","og_site_name":"Arekson Group","article_modified_time":"2022-06-15T13:28:09+00:00","og_image":[{"width":800,"height":800,"url":"https:\/\/arekson.com\/wp-content\/uploads\/2022\/05\/950587-MS-SEALANT-TODOS-COLORES.jpg","type":"image\/jpeg"}],"twitter_card":"summary_large_image","schema":{"@context":"https:\/\/schema.org","@graph":[{"@type":"WebPage","@id":"https:\/\/arekson.com\/fr\/producto\/ms-sealant-joint-detancheite-ms-polymere\/","url":"https:\/\/arekson.com\/fr\/producto\/ms-sealant-joint-detancheite-ms-polymere\/","name":"CSP MS SEALANT Joint d'\u00e9tanch\u00e9it\u00e9 MS polym\u00e8re","isPartOf":{"@id":"https:\/\/arekson.com\/fr\/#website"},"primaryImageOfPage":{"@id":"https:\/\/arekson.com\/fr\/producto\/ms-sealant-joint-detancheite-ms-polymere\/#primaryimage"},"image":{"@id":"https:\/\/arekson.com\/fr\/producto\/ms-sealant-joint-detancheite-ms-polymere\/#primaryimage"},"thumbnailUrl":"https:\/\/arekson.com\/wp-content\/uploads\/2022\/06\/950587-MS-SEALANT-TODOS-COLORES.jpg","datePublished":"2022-06-02T09:59:26+00:00","dateModified":"2022-06-15T13:28:09+00:00","description":"MS SEALANT MS sealant JOINTS DE CARROSSERIE REF: 950628 CSP","breadcrumb":{"@id":"https:\/\/arekson.com\/fr\/producto\/ms-sealant-joint-detancheite-ms-polymere\/#breadcrumb"},"inLanguage":"fr-FR","potentialAction":[{"@type":"ReadAction","target":["https:\/\/arekson.com\/fr\/producto\/ms-sealant-joint-detancheite-ms-polymere\/"]}]},{"@type":"ImageObject","inLanguage":"fr-FR","@id":"https:\/\/arekson.com\/fr\/producto\/ms-sealant-joint-detancheite-ms-polymere\/#primaryimage","url":"https:\/\/arekson.com\/wp-content\/uploads\/2022\/06\/950587-MS-SEALANT-TODOS-COLORES.jpg","contentUrl":"https:\/\/arekson.com\/wp-content\/uploads\/2022\/06\/950587-MS-SEALANT-TODOS-COLORES.jpg","width":800,"height":800,"caption":"CSP | MS SEALANT | Sellador MS"},{"@type":"BreadcrumbList","@id":"https:\/\/arekson.com\/fr\/producto\/ms-sealant-joint-detancheite-ms-polymere\/#breadcrumb","itemListElement":[{"@type":"ListItem","position":1,"name":"Home","item":"https:\/\/arekson.com\/fr\/"},{"@type":"ListItem","position":2,"name":"Produits","item":"https:\/\/arekson.com\/fr\/shop\/"},{"@type":"ListItem","position":3,"name":"MS SEALANT Joint d&#8217;\u00e9tanch\u00e9it\u00e9 MS polym\u00e8re"}]},{"@type":"WebSite","@id":"https:\/\/arekson.com\/fr\/#website","url":"https:\/\/arekson.com\/fr\/","name":"Arekson Group","description":"Marcas Referentes del Automovil Profesional","publisher":{"@id":"https:\/\/arekson.com\/fr\/#organization"},"potentialAction":[{"@type":"SearchAction","target":{"@type":"EntryPoint","urlTemplate":"https:\/\/arekson.com\/fr\/?s={search_term_string}"},"query-input":{"@type":"PropertyValueSpecification","valueRequired":true,"valueName":"search_term_string"}}],"inLanguage":"fr-FR"},{"@type":"Organization","@id":"https:\/\/arekson.com\/fr\/#organization","name":"Arekson Group","url":"https:\/\/arekson.com\/fr\/","logo":{"@type":"ImageObject","inLanguage":"fr-FR","@id":"https:\/\/arekson.com\/fr\/#\/schema\/logo\/image\/","url":"https:\/\/arekson.com\/wp-content\/uploads\/2022\/06\/Arekson-Group-Logo-Gris.jpg","contentUrl":"https:\/\/arekson.com\/wp-content\/uploads\/2022\/06\/Arekson-Group-Logo-Gris.jpg","width":174,"height":72,"caption":"Arekson Group"},"image":{"@id":"https:\/\/arekson.com\/fr\/#\/schema\/logo\/image\/"}}]}},"_links":{"self":[{"href":"https:\/\/arekson.com\/fr\/wp-json\/wp\/v2\/product\/16170","targetHints":{"allow":["GET"]}}],"collection":[{"href":"https:\/\/arekson.com\/fr\/wp-json\/wp\/v2\/product"}],"about":[{"href":"https:\/\/arekson.com\/fr\/wp-json\/wp\/v2\/types\/product"}],"wp:featuredmedia":[{"embeddable":true,"href":"https:\/\/arekson.com\/fr\/wp-json\/wp\/v2\/media\/24991"}],"wp:attachment":[{"href":"https:\/\/arekson.com\/fr\/wp-json\/wp\/v2\/media?parent=16170"}],"wp:term":[{"taxonomy":"product_brand","embeddable":true,"href":"https:\/\/arekson.com\/fr\/wp-json\/wp\/v2\/product_brand?post=16170"},{"taxonomy":"product_cat","embeddable":true,"href":"https:\/\/arekson.com\/fr\/wp-json\/wp\/v2\/product_cat?post=16170"},{"taxonomy":"product_tag","embeddable":true,"href":"https:\/\/arekson.com\/fr\/wp-json\/wp\/v2\/product_tag?post=16170"}],"curies":[{"name":"wp","href":"https:\/\/api.w.org\/{rel}","templated":true}]}}