{"id":16160,"date":"2022-06-02T11:59:22","date_gmt":"2022-06-02T09:59:22","guid":{"rendered":"https:\/\/arekson.com\/producto\/rust-convertor-primer-convertisseur-doxyde-en-aerosol\/"},"modified":"2022-06-15T15:27:46","modified_gmt":"2022-06-15T13:27:46","slug":"rust-convertor-primer-convertisseur-doxyde-en-aerosol","status":"publish","type":"product","link":"https:\/\/arekson.com\/fr\/producto\/rust-convertor-primer-convertisseur-doxyde-en-aerosol\/","title":{"rendered":"<strong><span class=\"nom-corto\">RUST CONVERTOR PRIMER <\/span><\/strong><br><span class=\"nom-largo\">Convertisseur d&rsquo;oxyde en a\u00e9rosol<\/span>"},"content":{"rendered":"","protected":false},"excerpt":{"rendered":"<p>Rust Convertisseur A\u00e9rosol est un traitement pour les surfaces rouill\u00e9es. En raison de sa r\u00e9activit\u00e9 \u00e0 la rouille et au fer, il convertit la rouille en une couche d&rsquo;appr\u00eat stable qui peut \u00eatre peint.<\/p>\n","protected":false},"featured_media":25026,"template":"","meta":{"_et_pb_use_builder":"","_et_pb_old_content":"","_et_gb_content_width":""},"product_brand":[],"product_cat":[365,1085,363,1077],"product_tag":[],"class_list":{"0":"post-16160","1":"product","2":"type-product","3":"status-publish","4":"has-post-thumbnail","6":"product_cat-chimiques-csp","7":"product_cat-couche-dappret-csp","8":"product_cat-csp-fr","9":"product_cat-materiaux-de-fond-csp","10":"pa_ok-csp-fr-ref-950662-gris-fonce-spray-300-ml-6-unites","12":"first","13":"outofstock","14":"purchasable","15":"product-type-variable"},"yoast_head":"<!-- This site is optimized with the Yoast SEO plugin v27.2 - https:\/\/yoast.com\/product\/yoast-seo-wordpress\/ -->\n<title>CSP RUST CONVERTOR PRIMER Convertisseur d&#039;oxyde en a\u00e9rosol<\/title>\n<meta name=\"description\" content=\"RUST CONVERTOR PRIMER Rust converter spray COUCHE D\u2019APPR\u00caT REF: 950662 CSP\" \/>\n<meta name=\"robots\" content=\"index, follow, max-snippet:-1, max-image-preview:large, max-video-preview:-1\" \/>\n<link rel=\"canonical\" href=\"https:\/\/arekson.com\/fr\/producto\/rust-convertor-primer-convertisseur-doxyde-en-aerosol\/\" \/>\n<meta property=\"og:locale\" content=\"fr_FR\" \/>\n<meta property=\"og:type\" content=\"article\" \/>\n<meta property=\"og:title\" content=\"CSP RUST CONVERTOR PRIMER Convertisseur d&#039;oxyde en a\u00e9rosol\" \/>\n<meta property=\"og:description\" content=\"RUST CONVERTOR PRIMER Rust converter spray COUCHE D\u2019APPR\u00caT REF: 950662 CSP\" \/>\n<meta property=\"og:url\" content=\"https:\/\/arekson.com\/fr\/producto\/rust-convertor-primer-convertisseur-doxyde-en-aerosol\/\" \/>\n<meta property=\"og:site_name\" content=\"Arekson Group\" \/>\n<meta property=\"article:modified_time\" content=\"2022-06-15T13:27:46+00:00\" \/>\n<meta property=\"og:image\" content=\"https:\/\/arekson.com\/wp-content\/uploads\/2022\/05\/950662-RUST-CONVERTOR.jpg\" \/>\n\t<meta property=\"og:image:width\" content=\"800\" \/>\n\t<meta property=\"og:image:height\" content=\"800\" \/>\n\t<meta property=\"og:image:type\" content=\"image\/jpeg\" \/>\n<meta name=\"twitter:card\" content=\"summary_large_image\" \/>\n<script type=\"application\/ld+json\" class=\"yoast-schema-graph\">{\"@context\":\"https:\/\/schema.org\",\"@graph\":[{\"@type\":\"WebPage\",\"@id\":\"https:\/\/arekson.com\/fr\/producto\/rust-convertor-primer-convertisseur-doxyde-en-aerosol\/\",\"url\":\"https:\/\/arekson.com\/fr\/producto\/rust-convertor-primer-convertisseur-doxyde-en-aerosol\/\",\"name\":\"CSP RUST CONVERTOR PRIMER Convertisseur d'oxyde en a\u00e9rosol\",\"isPartOf\":{\"@id\":\"https:\/\/arekson.com\/fr\/#website\"},\"primaryImageOfPage\":{\"@id\":\"https:\/\/arekson.com\/fr\/producto\/rust-convertor-primer-convertisseur-doxyde-en-aerosol\/#primaryimage\"},\"image\":{\"@id\":\"https:\/\/arekson.com\/fr\/producto\/rust-convertor-primer-convertisseur-doxyde-en-aerosol\/#primaryimage\"},\"thumbnailUrl\":\"https:\/\/arekson.com\/wp-content\/uploads\/2022\/06\/950662-RUST-CONVERTOR.jpg\",\"datePublished\":\"2022-06-02T09:59:22+00:00\",\"dateModified\":\"2022-06-15T13:27:46+00:00\",\"description\":\"RUST CONVERTOR PRIMER Rust converter spray COUCHE D\u2019APPR\u00caT REF: 950662 CSP\",\"breadcrumb\":{\"@id\":\"https:\/\/arekson.com\/fr\/producto\/rust-convertor-primer-convertisseur-doxyde-en-aerosol\/#breadcrumb\"},\"inLanguage\":\"fr-FR\",\"potentialAction\":[{\"@type\":\"ReadAction\",\"target\":[\"https:\/\/arekson.com\/fr\/producto\/rust-convertor-primer-convertisseur-doxyde-en-aerosol\/\"]}]},{\"@type\":\"ImageObject\",\"inLanguage\":\"fr-FR\",\"@id\":\"https:\/\/arekson.com\/fr\/producto\/rust-convertor-primer-convertisseur-doxyde-en-aerosol\/#primaryimage\",\"url\":\"https:\/\/arekson.com\/wp-content\/uploads\/2022\/06\/950662-RUST-CONVERTOR.jpg\",\"contentUrl\":\"https:\/\/arekson.com\/wp-content\/uploads\/2022\/06\/950662-RUST-CONVERTOR.jpg\",\"width\":800,\"height\":800,\"caption\":\"CSP | RUST CONVERTOR PRIMER | Convertidor de \u00f3xido spray\"},{\"@type\":\"BreadcrumbList\",\"@id\":\"https:\/\/arekson.com\/fr\/producto\/rust-convertor-primer-convertisseur-doxyde-en-aerosol\/#breadcrumb\",\"itemListElement\":[{\"@type\":\"ListItem\",\"position\":1,\"name\":\"Home\",\"item\":\"https:\/\/arekson.com\/fr\/\"},{\"@type\":\"ListItem\",\"position\":2,\"name\":\"Produits\",\"item\":\"https:\/\/arekson.com\/fr\/shop\/\"},{\"@type\":\"ListItem\",\"position\":3,\"name\":\"RUST CONVERTOR PRIMER Convertisseur d&#8217;oxyde en a\u00e9rosol\"}]},{\"@type\":\"WebSite\",\"@id\":\"https:\/\/arekson.com\/fr\/#website\",\"url\":\"https:\/\/arekson.com\/fr\/\",\"name\":\"Arekson Group\",\"description\":\"Marcas Referentes del Automovil Profesional\",\"publisher\":{\"@id\":\"https:\/\/arekson.com\/fr\/#organization\"},\"potentialAction\":[{\"@type\":\"SearchAction\",\"target\":{\"@type\":\"EntryPoint\",\"urlTemplate\":\"https:\/\/arekson.com\/fr\/?s={search_term_string}\"},\"query-input\":{\"@type\":\"PropertyValueSpecification\",\"valueRequired\":true,\"valueName\":\"search_term_string\"}}],\"inLanguage\":\"fr-FR\"},{\"@type\":\"Organization\",\"@id\":\"https:\/\/arekson.com\/fr\/#organization\",\"name\":\"Arekson Group\",\"url\":\"https:\/\/arekson.com\/fr\/\",\"logo\":{\"@type\":\"ImageObject\",\"inLanguage\":\"fr-FR\",\"@id\":\"https:\/\/arekson.com\/fr\/#\/schema\/logo\/image\/\",\"url\":\"https:\/\/arekson.com\/wp-content\/uploads\/2022\/06\/Arekson-Group-Logo-Gris.jpg\",\"contentUrl\":\"https:\/\/arekson.com\/wp-content\/uploads\/2022\/06\/Arekson-Group-Logo-Gris.jpg\",\"width\":174,\"height\":72,\"caption\":\"Arekson Group\"},\"image\":{\"@id\":\"https:\/\/arekson.com\/fr\/#\/schema\/logo\/image\/\"}}]}<\/script>\n<!-- \/ Yoast SEO plugin. -->","yoast_head_json":{"title":"CSP RUST CONVERTOR PRIMER Convertisseur d'oxyde en a\u00e9rosol","description":"RUST CONVERTOR PRIMER Rust converter spray COUCHE D\u2019APPR\u00caT REF: 950662 CSP","robots":{"index":"index","follow":"follow","max-snippet":"max-snippet:-1","max-image-preview":"max-image-preview:large","max-video-preview":"max-video-preview:-1"},"canonical":"https:\/\/arekson.com\/fr\/producto\/rust-convertor-primer-convertisseur-doxyde-en-aerosol\/","og_locale":"fr_FR","og_type":"article","og_title":"CSP RUST CONVERTOR PRIMER Convertisseur d'oxyde en a\u00e9rosol","og_description":"RUST CONVERTOR PRIMER Rust converter spray COUCHE D\u2019APPR\u00caT REF: 950662 CSP","og_url":"https:\/\/arekson.com\/fr\/producto\/rust-convertor-primer-convertisseur-doxyde-en-aerosol\/","og_site_name":"Arekson Group","article_modified_time":"2022-06-15T13:27:46+00:00","og_image":[{"width":800,"height":800,"url":"https:\/\/arekson.com\/wp-content\/uploads\/2022\/05\/950662-RUST-CONVERTOR.jpg","type":"image\/jpeg"}],"twitter_card":"summary_large_image","schema":{"@context":"https:\/\/schema.org","@graph":[{"@type":"WebPage","@id":"https:\/\/arekson.com\/fr\/producto\/rust-convertor-primer-convertisseur-doxyde-en-aerosol\/","url":"https:\/\/arekson.com\/fr\/producto\/rust-convertor-primer-convertisseur-doxyde-en-aerosol\/","name":"CSP RUST CONVERTOR PRIMER Convertisseur d'oxyde en a\u00e9rosol","isPartOf":{"@id":"https:\/\/arekson.com\/fr\/#website"},"primaryImageOfPage":{"@id":"https:\/\/arekson.com\/fr\/producto\/rust-convertor-primer-convertisseur-doxyde-en-aerosol\/#primaryimage"},"image":{"@id":"https:\/\/arekson.com\/fr\/producto\/rust-convertor-primer-convertisseur-doxyde-en-aerosol\/#primaryimage"},"thumbnailUrl":"https:\/\/arekson.com\/wp-content\/uploads\/2022\/06\/950662-RUST-CONVERTOR.jpg","datePublished":"2022-06-02T09:59:22+00:00","dateModified":"2022-06-15T13:27:46+00:00","description":"RUST CONVERTOR PRIMER Rust converter spray COUCHE D\u2019APPR\u00caT REF: 950662 CSP","breadcrumb":{"@id":"https:\/\/arekson.com\/fr\/producto\/rust-convertor-primer-convertisseur-doxyde-en-aerosol\/#breadcrumb"},"inLanguage":"fr-FR","potentialAction":[{"@type":"ReadAction","target":["https:\/\/arekson.com\/fr\/producto\/rust-convertor-primer-convertisseur-doxyde-en-aerosol\/"]}]},{"@type":"ImageObject","inLanguage":"fr-FR","@id":"https:\/\/arekson.com\/fr\/producto\/rust-convertor-primer-convertisseur-doxyde-en-aerosol\/#primaryimage","url":"https:\/\/arekson.com\/wp-content\/uploads\/2022\/06\/950662-RUST-CONVERTOR.jpg","contentUrl":"https:\/\/arekson.com\/wp-content\/uploads\/2022\/06\/950662-RUST-CONVERTOR.jpg","width":800,"height":800,"caption":"CSP | RUST CONVERTOR PRIMER | Convertidor de \u00f3xido spray"},{"@type":"BreadcrumbList","@id":"https:\/\/arekson.com\/fr\/producto\/rust-convertor-primer-convertisseur-doxyde-en-aerosol\/#breadcrumb","itemListElement":[{"@type":"ListItem","position":1,"name":"Home","item":"https:\/\/arekson.com\/fr\/"},{"@type":"ListItem","position":2,"name":"Produits","item":"https:\/\/arekson.com\/fr\/shop\/"},{"@type":"ListItem","position":3,"name":"RUST CONVERTOR PRIMER Convertisseur d&#8217;oxyde en a\u00e9rosol"}]},{"@type":"WebSite","@id":"https:\/\/arekson.com\/fr\/#website","url":"https:\/\/arekson.com\/fr\/","name":"Arekson Group","description":"Marcas Referentes del Automovil Profesional","publisher":{"@id":"https:\/\/arekson.com\/fr\/#organization"},"potentialAction":[{"@type":"SearchAction","target":{"@type":"EntryPoint","urlTemplate":"https:\/\/arekson.com\/fr\/?s={search_term_string}"},"query-input":{"@type":"PropertyValueSpecification","valueRequired":true,"valueName":"search_term_string"}}],"inLanguage":"fr-FR"},{"@type":"Organization","@id":"https:\/\/arekson.com\/fr\/#organization","name":"Arekson Group","url":"https:\/\/arekson.com\/fr\/","logo":{"@type":"ImageObject","inLanguage":"fr-FR","@id":"https:\/\/arekson.com\/fr\/#\/schema\/logo\/image\/","url":"https:\/\/arekson.com\/wp-content\/uploads\/2022\/06\/Arekson-Group-Logo-Gris.jpg","contentUrl":"https:\/\/arekson.com\/wp-content\/uploads\/2022\/06\/Arekson-Group-Logo-Gris.jpg","width":174,"height":72,"caption":"Arekson Group"},"image":{"@id":"https:\/\/arekson.com\/fr\/#\/schema\/logo\/image\/"}}]}},"_links":{"self":[{"href":"https:\/\/arekson.com\/fr\/wp-json\/wp\/v2\/product\/16160","targetHints":{"allow":["GET"]}}],"collection":[{"href":"https:\/\/arekson.com\/fr\/wp-json\/wp\/v2\/product"}],"about":[{"href":"https:\/\/arekson.com\/fr\/wp-json\/wp\/v2\/types\/product"}],"wp:featuredmedia":[{"embeddable":true,"href":"https:\/\/arekson.com\/fr\/wp-json\/wp\/v2\/media\/25026"}],"wp:attachment":[{"href":"https:\/\/arekson.com\/fr\/wp-json\/wp\/v2\/media?parent=16160"}],"wp:term":[{"taxonomy":"product_brand","embeddable":true,"href":"https:\/\/arekson.com\/fr\/wp-json\/wp\/v2\/product_brand?post=16160"},{"taxonomy":"product_cat","embeddable":true,"href":"https:\/\/arekson.com\/fr\/wp-json\/wp\/v2\/product_cat?post=16160"},{"taxonomy":"product_tag","embeddable":true,"href":"https:\/\/arekson.com\/fr\/wp-json\/wp\/v2\/product_tag?post=16160"}],"curies":[{"name":"wp","href":"https:\/\/api.w.org\/{rel}","templated":true}]}}