{"id":4083,"date":"2022-04-12T16:51:48","date_gmt":"2022-04-12T14:51:48","guid":{"rendered":"https:\/\/arekson.com\/arekson\/politica-de-cookies\/"},"modified":"2023-06-06T15:44:51","modified_gmt":"2023-06-06T13:44:51","slug":"politique-de-cookies","status":"publish","type":"page","link":"https:\/\/arekson.com\/fr\/arekson\/politique-de-cookies\/","title":{"rendered":"Politique de cookies"},"content":{"rendered":"<p>[et_pb_section fb_built=\u00a0\u00bb1&Prime; _builder_version=\u00a0\u00bb4.16&Prime; _module_preset=\u00a0\u00bbdefault\u00a0\u00bb global_colors_info=\u00a0\u00bb{}\u00a0\u00bb][et_pb_row _builder_version=\u00a0\u00bb4.16&Prime; _module_preset=\u00a0\u00bbdefault\u00a0\u00bb global_colors_info=\u00a0\u00bb{}\u00a0\u00bb][et_pb_column type=\u00a0\u00bb4_4&Prime; _builder_version=\u00a0\u00bb4.16&Prime; _module_preset=\u00a0\u00bbdefault\u00a0\u00bb global_colors_info=\u00a0\u00bb{}\u00a0\u00bb][et_pb_text _builder_version=\u00a0\u00bb4.17.1&Prime; _module_preset=\u00a0\u00bbdefault\u00a0\u00bb global_colors_info=\u00a0\u00bb{}\u00a0\u00bb]<\/p>\n<h1>POLITIQUE DE COOKIES<\/h1>\n<p>[\/et_pb_text][et_pb_text _builder_version=\u00a0\u00bb4.21.0&Prime; _module_preset=\u00a0\u00bbdefault\u00a0\u00bb hover_enabled=\u00a0\u00bb0&Prime; global_colors_info=\u00a0\u00bb{}\u00a0\u00bb sticky_enabled=\u00a0\u00bb0&Prime;]<\/p>\n<p><strong><b>Que sont les cookies?<\/b><\/strong><\/p>\n<p style=\"padding-left: 40px;\">Un \u00ab\u00a0cookie\u00a0\u00bb est un fichier informatique qu&rsquo;un serveur web peut traiter sur le dispositif (ordinateur, t\u00e9l\u00e9phone, tablette, etc.) avec lequel l&rsquo;utilisateur se connecte, afin de reconna\u00eetre ses caract\u00e9ristiques ou ses pr\u00e9f\u00e9rences lorsqu&rsquo;il se connecte \u00e0 nouveau, ou pour faciliter l&rsquo;utilisation et la navigation sur le site web, en offrant divers avantages dans la fourniture de services interactifs.<\/p>\n<p style=\"padding-left: 40px;\">Les cookies sont utilis\u00e9s, entre autres, pour g\u00e9rer la session de l&rsquo;utilisateur (par exemple, pour garantir la logique de la navigation dans les diff\u00e9rentes sections du site web), pour adapter le contenu d&rsquo;un site web \u00e0 ses pr\u00e9f\u00e9rences (par exemple, la langue) ou pour effectuer des t\u00e2ches analytiques (par exemple, pour mesurer le trafic et l&rsquo;utilisation d&rsquo;un site web).<\/p>\n<p style=\"padding-left: 40px;\">Les cookies peuvent \u00eatre des cookies \u00ab\u00a0de session\u00a0\u00bb, qui sont supprim\u00e9s d\u00e8s que l&rsquo;utilisateur quitte le site web qui les a g\u00e9n\u00e9r\u00e9s, ou des cookies \u00ab\u00a0permanents\u00a0\u00bb, qui restent sur votre appareil jusqu&rsquo;\u00e0 une certaine date.<\/p>\n<p><strong><b>Quel type de cookies ce site web utilise-t-il ?<\/b><\/strong><\/p>\n<p style=\"padding-left: 40px;\">Ce site web utilise diff\u00e9rents types de cookies, dont les finalit\u00e9s sont d\u00e9taill\u00e9es ci-dessous :<\/p>\n<p style=\"padding-left: 80px;\"><u>Cookies techniques<\/u>\u00a0: ils permettent \u00e0 l&rsquo;utilisateur de naviguer sur ce site web et d&rsquo;utiliser les diff\u00e9rentes options qui peuvent exister sur celui-ci, comme l&rsquo;identification de la session, la gestion des param\u00e8tres introduits par l&rsquo;utilisateur, l&rsquo;acc\u00e8s aux zones priv\u00e9es ou le partage de contenus \u00e0 travers les r\u00e9seaux sociaux.<\/p>\n<p style=\"padding-left: 80px;\"><u>Cookies de personnalisation<\/u>\u00a0: ils permettent \u00e0 l&rsquo;utilisateur d&rsquo;acc\u00e9der au service avec certaines caract\u00e9ristiques g\u00e9n\u00e9rales, pr\u00e9d\u00e9finies en fonction d&rsquo;une s\u00e9rie de crit\u00e8res, sur son dispositif (par exemple, la langue, le type de navigateur par lequel il acc\u00e8de au service, etc.)<\/p>\n<p style=\"padding-left: 80px;\"><u>Cookies d&rsquo;analyse<\/u>\u00a0: ils permettent de suivre et d&rsquo;analyser le comportement des utilisateurs du site web pendant des p\u00e9riodes sp\u00e9cifiques. Les informations recueillies par ce type de cookies sont utilis\u00e9es pour mesurer l&rsquo;activit\u00e9 du site web, afin d&rsquo;introduire des am\u00e9liorations bas\u00e9es sur l&rsquo;analyse des donn\u00e9es d&rsquo;utilisation fournies par les utilisateurs (par exemple, Google Analytics).<\/p>\n<p><strong><b>Cookies d\u2019analyse utilis\u00e9s sur ce site<\/b><\/strong><\/p>\n<p style=\"padding-left: 40px;\">Nom : \u00ab\u00a0_ga\u00a0\u00bb. Dur\u00e9e : 2 ans. Type de cookie tiers (Google Analytics). Finalit\u00e9 : ce cookie est d\u00e9fini par Google Analytics et est utilis\u00e9 pour calculer les donn\u00e9es relatives aux visiteurs, aux sessions et aux campagnes et pour suivre l&rsquo;utilisation du site dans le cadre des rapports d&rsquo;analyse du site. Ce cookie attribue un identifiant unique g\u00e9n\u00e9r\u00e9 de mani\u00e8re al\u00e9atoire pour distinguer les utilisateurs du site web, \u00e0 des fins statistiques \u00e0 long terme.<\/p>\n<p style=\"padding-left: 40px;\">Nom : \u00ab\u00a0_gat\u00a0\u00bb. Dur\u00e9e : 1-10 minutes. Type de cookie tiers (Google Analytics). Finalit\u00e9 : ce cookie est install\u00e9 par Google Analytics et sert \u00e0 limiter les requ\u00eates sur le site, \u00e0 r\u00e9guler l&rsquo;envoi de donn\u00e9es \u00e0 Google Analytics. Ce cookie attribue un identifiant unique g\u00e9n\u00e9r\u00e9 de mani\u00e8re al\u00e9atoire afin de distinguer les utilisateurs du site web \u00e0 court terme.<\/p>\n<p style=\"padding-left: 40px;\">Nom : \u00ab\u00a0_gid\u00a0\u00bb. Dur\u00e9e : 24 heures. Type de cookie tiers (Google Analytics). Finalit\u00e9 : Ce cookie est d\u00e9fini par Google Analytics et est utilis\u00e9 pour stocker des informations sur la mani\u00e8re dont les visiteurs utilisent un site web et pour cr\u00e9er un rapport d&rsquo;analyse sur les performances du site web. Les donn\u00e9es collect\u00e9es, y compris le nombre de visiteurs, la source des visiteurs et les pages, sont affich\u00e9es sous forme de statistiques. Ce cookie attribue un identifiant unique g\u00e9n\u00e9r\u00e9 de mani\u00e8re al\u00e9atoire pour distinguer les personnes qui utilisent le site web \u00e0 des fins statistiques \u00e0 court terme.<\/p>\n<p style=\"padding-left: 40px;\">Des informations d\u00e9taill\u00e9es sur Google Analytics sont disponibles sur le lien suivant fourni par Google : <span><a href=\"https:\/\/support.google.com\/analytics\/answer\/6004245\"><u>https:\/\/support.google.com\/analytics\/answer\/6004245<\/u><\/a><\/span>\u00a0<\/p>\n<p><strong><b>Comment d\u00e9sactiver ou supprimer les cookies ?<\/b><\/strong><\/p>\n<p style=\"padding-left: 40px;\">Si vous le souhaitez, vous pouvez utiliser le module compl\u00e9mentaire de navigateur pour la d\u00e9sactivation de Google Analytics, qui permet de refuser les cookies analytiques de Google Analytics dans de nombreux navigateurs. Pour plus d&rsquo;informations, voir https:\/\/tools.google.com\/dlpage\/gaoptout.<\/p>\n<p style=\"padding-left: 40px;\">En outre, l&rsquo;utilisateur peut, s&rsquo;il le souhaite, d\u00e9sactiver ou supprimer les cookies, en tout ou en partie, \u00e0 tout moment, manuellement ou automatiquement. Pour ce faire, il doit consulter les options de configuration du traitement des cookies fournies par les diff\u00e9rents navigateurs.<\/p>\n<p style=\"padding-left: 40px;\">D&rsquo;autre part, ce site web incorpore un plug-in sp\u00e9cifique au moyen duquel l&rsquo;utilisateur peut accepter, configurer et rejeter l&rsquo;utilisation de cookies, en accordant et en r\u00e9voquant le consentement, selon ses crit\u00e8res.<\/p>\n<p>[\/et_pb_text][et_pb_button button_text=\u00a0\u00bbParam\u00e8tres des cookies\u00a0\u00bb _builder_version=\u00a0\u00bb4.21.0&Prime; _module_preset=\u00a0\u00bbdefault\u00a0\u00bb button_url=\u00a0\u00bb#gdpr_cookie_modal\u00a0\u00bb hover_enabled=\u00a0\u00bb0&Prime; sticky_enabled=\u00a0\u00bb0&Prime;][\/et_pb_button][\/et_pb_column][\/et_pb_row][\/et_pb_section]<\/p>\n","protected":false},"excerpt":{"rendered":"<p>POLITIQUE DE COOKIESQue sont les cookies? Un \u00ab\u00a0cookie\u00a0\u00bb est un fichier informatique qu&rsquo;un serveur web peut traiter sur le dispositif (ordinateur, t\u00e9l\u00e9phone, tablette, etc.) avec lequel l&rsquo;utilisateur se connecte, afin de reconna\u00eetre ses caract\u00e9ristiques ou ses pr\u00e9f\u00e9rences lorsqu&rsquo;il se connecte \u00e0 nouveau, ou pour faciliter l&rsquo;utilisation et la navigation sur le site web, en offrant [&hellip;]<\/p>\n","protected":false},"author":1,"featured_media":0,"parent":4057,"menu_order":999,"comment_status":"closed","ping_status":"closed","template":"","meta":{"_et_pb_use_builder":"on","_et_pb_old_content":"","_et_gb_content_width":"","footnotes":""},"class_list":["post-4083","page","type-page","status-publish","hentry"],"yoast_head":"<!-- This site is optimized with the Yoast SEO plugin v27.2 - https:\/\/yoast.com\/product\/yoast-seo-wordpress\/ -->\n<title>Politique de cookies | Arekson Group<\/title>\n<meta name=\"description\" content=\"Arekson Group | Productos para el Repintado de Veh\u00edculos | Productos y soluciones personalizados a sus necesidades\" \/>\n<meta name=\"robots\" content=\"noindex, nofollow\" \/>\n<meta property=\"og:locale\" content=\"fr_FR\" \/>\n<meta property=\"og:type\" content=\"article\" \/>\n<meta property=\"og:title\" content=\"Politique de cookies | Arekson Group\" \/>\n<meta property=\"og:description\" content=\"Arekson Group | Productos para el Repintado de Veh\u00edculos | Productos y soluciones personalizados a sus necesidades\" \/>\n<meta property=\"og:url\" content=\"https:\/\/arekson.com\/fr\/arekson\/politique-de-cookies\/\" \/>\n<meta property=\"og:site_name\" content=\"Arekson Group\" \/>\n<meta property=\"article:modified_time\" content=\"2023-06-06T13:44:51+00:00\" \/>\n<meta property=\"og:image\" content=\"https:\/\/arekson.com\/wp-content\/uploads\/2022\/04\/Logo-Arekson-Group.png\" \/>\n\t<meta property=\"og:image:width\" content=\"244\" \/>\n\t<meta property=\"og:image:height\" content=\"99\" \/>\n\t<meta property=\"og:image:type\" content=\"image\/png\" \/>\n<meta name=\"twitter:card\" content=\"summary_large_image\" \/>\n<meta name=\"twitter:label1\" content=\"Dur\u00e9e de lecture estim\u00e9e\" \/>\n\t<meta name=\"twitter:data1\" content=\"4 minutes\" \/>\n<script type=\"application\/ld+json\" class=\"yoast-schema-graph\">{\"@context\":\"https:\/\/schema.org\",\"@graph\":[{\"@type\":\"WebPage\",\"@id\":\"https:\/\/arekson.com\/fr\/arekson\/politique-de-cookies\/\",\"url\":\"https:\/\/arekson.com\/fr\/arekson\/politique-de-cookies\/\",\"name\":\"Politique de cookies | Arekson Group\",\"isPartOf\":{\"@id\":\"https:\/\/arekson.com\/fr\/#website\"},\"datePublished\":\"2022-04-12T14:51:48+00:00\",\"dateModified\":\"2023-06-06T13:44:51+00:00\",\"description\":\"Arekson Group | Productos para el Repintado de Veh\u00edculos | Productos y soluciones personalizados a sus necesidades\",\"breadcrumb\":{\"@id\":\"https:\/\/arekson.com\/fr\/arekson\/politique-de-cookies\/#breadcrumb\"},\"inLanguage\":\"fr-FR\",\"potentialAction\":[{\"@type\":\"ReadAction\",\"target\":[\"https:\/\/arekson.com\/fr\/arekson\/politique-de-cookies\/\"]}]},{\"@type\":\"BreadcrumbList\",\"@id\":\"https:\/\/arekson.com\/fr\/arekson\/politique-de-cookies\/#breadcrumb\",\"itemListElement\":[{\"@type\":\"ListItem\",\"position\":1,\"name\":\"Home\",\"item\":\"https:\/\/arekson.com\/fr\/\"},{\"@type\":\"ListItem\",\"position\":2,\"name\":\"Arekson\",\"item\":\"https:\/\/arekson.com\/fr\/\"},{\"@type\":\"ListItem\",\"position\":3,\"name\":\"Politique de cookies\"}]},{\"@type\":\"WebSite\",\"@id\":\"https:\/\/arekson.com\/fr\/#website\",\"url\":\"https:\/\/arekson.com\/fr\/\",\"name\":\"Arekson Group\",\"description\":\"Marcas Referentes del Automovil Profesional\",\"publisher\":{\"@id\":\"https:\/\/arekson.com\/fr\/#organization\"},\"potentialAction\":[{\"@type\":\"SearchAction\",\"target\":{\"@type\":\"EntryPoint\",\"urlTemplate\":\"https:\/\/arekson.com\/fr\/?s={search_term_string}\"},\"query-input\":{\"@type\":\"PropertyValueSpecification\",\"valueRequired\":true,\"valueName\":\"search_term_string\"}}],\"inLanguage\":\"fr-FR\"},{\"@type\":\"Organization\",\"@id\":\"https:\/\/arekson.com\/fr\/#organization\",\"name\":\"Arekson Group\",\"url\":\"https:\/\/arekson.com\/fr\/\",\"logo\":{\"@type\":\"ImageObject\",\"inLanguage\":\"fr-FR\",\"@id\":\"https:\/\/arekson.com\/fr\/#\/schema\/logo\/image\/\",\"url\":\"https:\/\/arekson.com\/wp-content\/uploads\/2022\/06\/Arekson-Group-Logo-Gris.jpg\",\"contentUrl\":\"https:\/\/arekson.com\/wp-content\/uploads\/2022\/06\/Arekson-Group-Logo-Gris.jpg\",\"width\":174,\"height\":72,\"caption\":\"Arekson Group\"},\"image\":{\"@id\":\"https:\/\/arekson.com\/fr\/#\/schema\/logo\/image\/\"}}]}<\/script>\n<!-- \/ Yoast SEO plugin. -->","yoast_head_json":{"title":"Politique de cookies | Arekson Group","description":"Arekson Group | Productos para el Repintado de Veh\u00edculos | Productos y soluciones personalizados a sus necesidades","robots":{"index":"noindex","follow":"nofollow"},"og_locale":"fr_FR","og_type":"article","og_title":"Politique de cookies | Arekson Group","og_description":"Arekson Group | Productos para el Repintado de Veh\u00edculos | Productos y soluciones personalizados a sus necesidades","og_url":"https:\/\/arekson.com\/fr\/arekson\/politique-de-cookies\/","og_site_name":"Arekson Group","article_modified_time":"2023-06-06T13:44:51+00:00","og_image":[{"width":244,"height":99,"url":"https:\/\/arekson.com\/wp-content\/uploads\/2022\/04\/Logo-Arekson-Group.png","type":"image\/png"}],"twitter_card":"summary_large_image","twitter_misc":{"Dur\u00e9e de lecture estim\u00e9e":"4 minutes"},"schema":{"@context":"https:\/\/schema.org","@graph":[{"@type":"WebPage","@id":"https:\/\/arekson.com\/fr\/arekson\/politique-de-cookies\/","url":"https:\/\/arekson.com\/fr\/arekson\/politique-de-cookies\/","name":"Politique de cookies | Arekson Group","isPartOf":{"@id":"https:\/\/arekson.com\/fr\/#website"},"datePublished":"2022-04-12T14:51:48+00:00","dateModified":"2023-06-06T13:44:51+00:00","description":"Arekson Group | Productos para el Repintado de Veh\u00edculos | Productos y soluciones personalizados a sus necesidades","breadcrumb":{"@id":"https:\/\/arekson.com\/fr\/arekson\/politique-de-cookies\/#breadcrumb"},"inLanguage":"fr-FR","potentialAction":[{"@type":"ReadAction","target":["https:\/\/arekson.com\/fr\/arekson\/politique-de-cookies\/"]}]},{"@type":"BreadcrumbList","@id":"https:\/\/arekson.com\/fr\/arekson\/politique-de-cookies\/#breadcrumb","itemListElement":[{"@type":"ListItem","position":1,"name":"Home","item":"https:\/\/arekson.com\/fr\/"},{"@type":"ListItem","position":2,"name":"Arekson","item":"https:\/\/arekson.com\/fr\/"},{"@type":"ListItem","position":3,"name":"Politique de cookies"}]},{"@type":"WebSite","@id":"https:\/\/arekson.com\/fr\/#website","url":"https:\/\/arekson.com\/fr\/","name":"Arekson Group","description":"Marcas Referentes del Automovil Profesional","publisher":{"@id":"https:\/\/arekson.com\/fr\/#organization"},"potentialAction":[{"@type":"SearchAction","target":{"@type":"EntryPoint","urlTemplate":"https:\/\/arekson.com\/fr\/?s={search_term_string}"},"query-input":{"@type":"PropertyValueSpecification","valueRequired":true,"valueName":"search_term_string"}}],"inLanguage":"fr-FR"},{"@type":"Organization","@id":"https:\/\/arekson.com\/fr\/#organization","name":"Arekson Group","url":"https:\/\/arekson.com\/fr\/","logo":{"@type":"ImageObject","inLanguage":"fr-FR","@id":"https:\/\/arekson.com\/fr\/#\/schema\/logo\/image\/","url":"https:\/\/arekson.com\/wp-content\/uploads\/2022\/06\/Arekson-Group-Logo-Gris.jpg","contentUrl":"https:\/\/arekson.com\/wp-content\/uploads\/2022\/06\/Arekson-Group-Logo-Gris.jpg","width":174,"height":72,"caption":"Arekson Group"},"image":{"@id":"https:\/\/arekson.com\/fr\/#\/schema\/logo\/image\/"}}]}},"_links":{"self":[{"href":"https:\/\/arekson.com\/fr\/wp-json\/wp\/v2\/pages\/4083","targetHints":{"allow":["GET"]}}],"collection":[{"href":"https:\/\/arekson.com\/fr\/wp-json\/wp\/v2\/pages"}],"about":[{"href":"https:\/\/arekson.com\/fr\/wp-json\/wp\/v2\/types\/page"}],"author":[{"embeddable":true,"href":"https:\/\/arekson.com\/fr\/wp-json\/wp\/v2\/users\/1"}],"replies":[{"embeddable":true,"href":"https:\/\/arekson.com\/fr\/wp-json\/wp\/v2\/comments?post=4083"}],"version-history":[{"count":4,"href":"https:\/\/arekson.com\/fr\/wp-json\/wp\/v2\/pages\/4083\/revisions"}],"predecessor-version":[{"id":26750,"href":"https:\/\/arekson.com\/fr\/wp-json\/wp\/v2\/pages\/4083\/revisions\/26750"}],"up":[{"embeddable":true,"href":"https:\/\/arekson.com\/fr\/wp-json\/wp\/v2\/pages\/4057"}],"wp:attachment":[{"href":"https:\/\/arekson.com\/fr\/wp-json\/wp\/v2\/media?parent=4083"}],"curies":[{"name":"wp","href":"https:\/\/api.w.org\/{rel}","templated":true}]}}