{"id":4079,"date":"2022-04-12T16:51:33","date_gmt":"2022-04-12T14:51:33","guid":{"rendered":"https:\/\/arekson.com\/arekson\/aviso-legal\/"},"modified":"2025-01-17T13:54:45","modified_gmt":"2025-01-17T12:54:45","slug":"mentions-legales","status":"publish","type":"page","link":"https:\/\/arekson.com\/fr\/arekson\/mentions-legales\/","title":{"rendered":"Mentions l\u00e9gales"},"content":{"rendered":"<p>[et_pb_section fb_built=\u00a0\u00bb1&Prime; _builder_version=\u00a0\u00bb4.16&Prime; _module_preset=\u00a0\u00bbdefault\u00a0\u00bb global_colors_info=\u00a0\u00bb{}\u00a0\u00bb][et_pb_row _builder_version=\u00a0\u00bb4.16&Prime; _module_preset=\u00a0\u00bbdefault\u00a0\u00bb global_colors_info=\u00a0\u00bb{}\u00a0\u00bb][et_pb_column type=\u00a0\u00bb4_4&Prime; _builder_version=\u00a0\u00bb4.16&Prime; _module_preset=\u00a0\u00bbdefault\u00a0\u00bb global_colors_info=\u00a0\u00bb{}\u00a0\u00bb][et_pb_text _builder_version=\u00a0\u00bb4.17.1&Prime; _module_preset=\u00a0\u00bbdefault\u00a0\u00bb hover_enabled=\u00a0\u00bb0&Prime; global_colors_info=\u00a0\u00bb{}\u00a0\u00bb sticky_enabled=\u00a0\u00bb0&Prime;]<\/p>\n<h1>MENTIONS L\u00c9GALES<\/h1>\n<p>[\/et_pb_text][et_pb_text _builder_version=\u00a0\u00bb4.27.4&Prime; _module_preset=\u00a0\u00bbdefault\u00a0\u00bb hover_enabled=\u00a0\u00bb0&Prime; global_colors_info=\u00a0\u00bb{}\u00a0\u00bb sticky_enabled=\u00a0\u00bb0&Prime;]<\/p>\n<p><strong><b>Avis l\u00e9gal<\/b><\/strong><\/p>\n<p style=\"padding-left: 40px;\">Conform\u00e9ment \u00e0 la l\u00e9gislation en vigueur, nous vous informons que le domaine Internet www.arekson.com est la propri\u00e9t\u00e9 de la soci\u00e9t\u00e9 SASU AREKSON France (NIF : FR83 938441979), dont le si\u00e8ge social est domicili\u00e9 \u00e0 1, rue Pierre Rectoran, R\u00e9sidence Les Mirabelles, 64100 Bayonne), t\u00e9l\u00e9phone 05 54 53 01 17, adresse \u00e9lectronique info@arekson.com.<\/p>\n<p style=\"padding-left: 40px;\">L\u2019objectif principal de SASU AREKSON France (ci-apr\u00e8s le \u00ab\u00a0contr\u00f4leur de donn\u00e9es\u00a0\u00bb) est de g\u00e9rer le commerce de gros de produits de retouche automobile.<\/p>\n<p style=\"padding-left: 40px;\">Le site web \u00e0 l&rsquo;adresse www.arekson.com (ci-apr\u00e8s \u00ab\u00a0le site web\u00a0\u00bb) est la propri\u00e9t\u00e9 de SASU AREKSON France.<\/p>\n<p style=\"padding-left: 40px;\">La personne qui visite et utilise ce site web est un utilisateur du site web (ci-apr\u00e8s \u00ab\u00a0l&rsquo;utilisateur\u00a0\u00bb).<\/p>\n<p style=\"padding-left: 40px;\">SASU AREKSON France agit en tant que \u00ab\u00a0contr\u00f4leur de donn\u00e9es\u00a0\u00bb en ce qui concerne le traitement des donn\u00e9es personnel (utilisateurs du site web, demandeurs d&rsquo;informations, etc.) effectu\u00e9 \u00e0 travers ce site Web. Toutefois, dans les cas o\u00f9 SASU AREKSON Francepublie des nouvelles et des liens vers des sites web externes ou des r\u00e9seaux sociaux, sa fonction est simplement informative et les traitements \u00e9ventuels de donn\u00e9es personnelles qui peut se produire en relation avec les contenus des nouvelles et des liens et leur utilisation par les utilisateurs n\u00b4appartient pas \u00e0 SASU AREKSON France.<\/p>\n<p>\u00a0<strong><b>Finalit\u00e9s<\/b><\/strong><\/p>\n<p style=\"padding-left: 40px;\">\u00a0Les principaux objectifs du site Web sont de faire conna\u00eetre, d&rsquo;offrir et de g\u00e9rer le commerce de gros de produits de retouche automobile et les activit\u00e9s connexes du contr\u00f4leur des donn\u00e9es ; de fournir un outil de contact, de consultation et de communication avec les parties int\u00e9ress\u00e9es, de r\u00e9pondre aux demandes et aux candidatures ; et d&rsquo;informer, d&rsquo;organiser et de diffuser les activit\u00e9s et les initiatives auxquelles SASU AREKSON France participe.<\/p>\n<p>\u00a0<strong><b>Conditions d&rsquo;utilisation<\/b><\/strong><\/p>\n<p style=\"padding-left: 40px;\">\u00a0L&rsquo;utilisateur acc\u00e8de \u00e0 ce site web de son plein gr\u00e9. L&rsquo;acc\u00e8s \u00e0 ce site est gratuit. La navigation sur ce site implique l&rsquo;acceptation et la connaissance des avertissements l\u00e9gaux, des conditions et des termes d&rsquo;utilisation, de la politique de confidentialit\u00e9 et de la politique en mati\u00e8re de cookies qu&rsquo;il contient. Si l&rsquo;utilisateur n&rsquo;est pas d&rsquo;accord avec ces conditions et ne les accepte pas sans r\u00e9serve, il ne pourra pas utiliser le site web.<\/p>\n<p style=\"padding-left: 40px;\">\u00a0L&rsquo;acc\u00e8s au site web, ainsi que l&rsquo;utilisation qui peut \u00eatre faite des informations et des services qu&rsquo;il contient, rel\u00e8ve de la seule responsabilit\u00e9 de l&rsquo;utilisateur, qui s&rsquo;engage \u00e0 l&rsquo;utiliser de bonne foi, conform\u00e9ment \u00e0 la loi, de mani\u00e8re \u00e9thique et conform\u00e9ment \u00e0 ses objectifs. L&rsquo;utilisateur ne doit pas faire un usage illicite des informations et des utilit\u00e9s contenues sur le site web, ni r\u00e9aliser des actions susceptibles d&rsquo;endommager ou d&rsquo;alt\u00e9rer son contenu, son fonctionnement, les syst\u00e8mes informatiques du site web, de SASU AREKSON France ou d&rsquo;autres utilisateurs.<\/p>\n<p style=\"padding-left: 40px;\">Il est interdit aux utilisateurs d&rsquo;inclure ou de communiquer des contenus faux ou inexacts qui incitent ou pourraient incite SASU AREKSON France, les utilisateurs du site ou des tiers \u00e0 commettre des erreurs. L&rsquo;utilisation des donn\u00e9es personnelles de tiers sans leur consentement pr\u00e9alable et expr\u00e8s est interdite, ainsi que l&rsquo;utilisation des donn\u00e9es d&rsquo;identification de tiers dans le but d&rsquo;usurper leur identit\u00e9. L&rsquo;utilisateur est seul responsable de tout dommage caus\u00e9.<\/p>\n<p>\u00a0<strong><b>Exclusion de garantie et de la responsabilit\u00e9<\/b><\/strong><\/p>\n<p style=\"padding-left: 40px;\">Le contr\u00f4leur des donn\u00e9es s&rsquo;efforce d&rsquo;\u00e9viter les erreurs dans les contenus et les utilit\u00e9s publi\u00e9s sur le site web, et se r\u00e9serve le droit de les modifier \u00e0 tout moment. Le contr\u00f4leur des donn\u00e9es d\u00e9cline express\u00e9ment toute responsabilit\u00e9 en cas d&rsquo;erreurs ou d&rsquo;omissions dans les contenus de ce site web et pour tout dommage qui pourrait \u00eatre d\u00fb \u00e0 leur manque de v\u00e9racit\u00e9, d&rsquo;exactitude ou de mise \u00e0 jour.<\/p>\n<p style=\"padding-left: 40px;\">Le site web peut fournir des liens vers d&rsquo;autres sites web ou faciliter l&rsquo;acc\u00e8s \u00e0 ceux-ci par le biais de moteurs de recherche ou d&rsquo;outils similaires. Le contr\u00f4leur des donn\u00e9es n&rsquo;assume aucune responsabilit\u00e9 pour ces sites li\u00e9s, ni pour les r\u00e9sultats des recherches, car il n&rsquo;a aucun contr\u00f4le sur eux, leur contenu, les produits et services offerts, etc. Ces liens ont pour but d&rsquo;informer sur d&rsquo;autres sources d&rsquo;information, de sorte que l&rsquo;utilisateur acc\u00e8de au contenu et aux conditions d&rsquo;utilisation qui les r\u00e9gissent sous sa seule responsabilit\u00e9. Dans le cas de liens vers des r\u00e9seaux sociaux ou professionnels, appartenant au contr\u00f4leur des donn\u00e9es ou \u00e0 des tiers, ceux-ci seront r\u00e9gis par leurs propres conditions d&rsquo;utilisation.<\/p>\n<p style=\"padding-left: 40px;\">Le contr\u00f4leur des donn\u00e9es n&rsquo;est pas responsable des cons\u00e9quences ou des dommages qui peuvent d\u00e9couler de l&rsquo;utilisation de ce site web ou de ses contenus et utilitaires, y compris les dommages informatiques et l&rsquo;introduction de virus ou de tout type de logiciel malveillant. Le Titulaire du traitement ne garantit pas l&rsquo;absence de virus ou d&rsquo;autres \u00e9l\u00e9ments nuisibles sur le site web, introduits par des tiers, qui peuvent provoquer des alt\u00e9rations des syst\u00e8mes physiques ou logiques des utilisateurs, mais utilise les moyens \u00e0 sa disposition pour que cela ne se produise pas.<\/p>\n<p style=\"padding-left: 40px;\">Le contr\u00f4leur des donn\u00e9es se r\u00e9serve le droit de modifier ou de supprimer \u00e0 tout moment, sans pr\u00e9avis ni justification expresse, la conception, la configuration et les informations contenues dans ce site Web, s&rsquo;il le juge opportun et \u00e0 sa discr\u00e9tion. Le contr\u00f4leur des donn\u00e9es n&rsquo;est pas responsable des dommages que ces modifications peuvent causer. Toutefois, elle utilisera les ressources \u00e0 sa disposition pour informer les utilisateurs de ces modifications.<\/p>\n<p>\u00a0<strong><b>Droits de la propri\u00e9t\u00e9 intellectuelle<\/b><\/strong><\/p>\n<p style=\"padding-left: 40px;\">\u00a0Les droits de propri\u00e9t\u00e9 intellectuelle et industrielle de ce site Web et des \u00e9l\u00e9ments qu&rsquo;il contient, y compris, mais sans s&rsquo;y limiter, ses pages, ses sections, sa structure, son apparence, son design, ses \u00e9crans, l&rsquo;information et les utilitaires qu&rsquo;il contient, le code source, les textes, les photographies, les images, le son, l&rsquo;audio, les vid\u00e9os, les animations, les combinaisons de couleurs, les produits et les services, les marques, les logos, les slogans, etc. sont la propri\u00e9t\u00e9 exclusive du contr\u00f4leur des donn\u00e9es (sauf indication contraire), qui se r\u00e9serve tous les droits d\u00b4exploitation.<\/p>\n<p style=\"padding-left: 40px;\">\u00a0En aucun cas l&rsquo;acc\u00e8s ou la navigation sur le site Web n&rsquo;implique une renonciation, une transmission ou une licence totale ou partielle de la part de SASU AREKSON France pour l&rsquo;utilisation personnelle ou professionnelle de l&rsquo;utilisateur de ses droits de propri\u00e9t\u00e9 intellectuelle et industrielle. La reproduction, la distribution, la commercialisation, la communication publique, la transformation ou toute autre activit\u00e9 pouvant \u00eatre r\u00e9alis\u00e9e avec les contenus et les utilit\u00e9s de ce site web est interdite, sauf autorisation pr\u00e9alable, expresse et \u00e9crite du contr\u00f4leur des donn\u00e9es.<\/p>\n<p style=\"padding-left: 40px;\">L&rsquo;utilisateur s&rsquo;engage \u00e0 ne r\u00e9aliser aucune action susceptible de porter atteinte \u00e0 la propri\u00e9t\u00e9 du site web et de ses contenus. L&rsquo;utilisation non autoris\u00e9e des informations et des utilitaires contenus sur le site Web, ainsi que les dommages caus\u00e9s aux droits de propri\u00e9t\u00e9 intellectuelle et industrielle de SASU AREKSON France ou, le cas \u00e9ch\u00e9ant, d&rsquo;autres propri\u00e9taires, peuvent donner lieu \u00e0 l&rsquo;exercice des actions judiciaires correspondantes et, le cas \u00e9ch\u00e9ant, aux responsabilit\u00e9s d\u00e9coulant de ces actions, y compris celles de nature financi\u00e8re.<\/p>\n<p><strong><b>Validit\u00e9 et modifications<\/b><\/strong><\/p>\n<p style=\"padding-left: 40px;\">\u00a0SASU AREKSON France se r\u00e9serve le droit de modifier les pr\u00e9sentes conditions g\u00e9n\u00e9rales \u00e1 sa seule discr\u00e9tion, soit pour s&rsquo;adapter aux changements de la l\u00e9gislation soit pour r\u00e9aliser d&rsquo;autres types de mises \u00e0 jour ou d&rsquo;am\u00e9liorations. Ces modifications seront valables d\u00e8s qu\u00b4elles seront publi\u00e9es sur le site web. La relation avec les utilisateurs est r\u00e9gie par les r\u00e8gles en vigueur au moment de l&rsquo;acc\u00e8s au site web. Arekson Group, S.L. vous recommande donc de consulter les pr\u00e9sentes conditions g\u00e9n\u00e9rales chaque fois que vous vous connectez au site Web.<\/p>\n<p>\u00a0<strong><b>Juridiction<\/b><\/strong><\/p>\n<p style=\"padding-left: 40px;\">Les relations \u00e9tablies entre SASU AREKSON France et l&rsquo;utilisateur sont r\u00e9gies par les dispositions de la l\u00e9gislation le droit applicable et la juridiction comp\u00e9tente. Cependant, pour les cas dans lesquels la loi pr\u00e9voit la possibilit\u00e9 pour les parties de se soumettre \u00e0 une juridiction, le contr\u00f4leur et l&rsquo;utilisateur, renon\u00e7ant express\u00e9ment \u00e0 toute autre juridiction qui pourrait leur correspondre, se soumettent aux Cours et Tribunaux de Tolosa (Gipuzkoa).<\/p>\n<p style=\"padding-left: 40px;\">SASU AREKSON France poursuivra toute violation des pr\u00e9sentes conditions, ainsi que toute utilisation abusive des contenus et des utilitaires pr\u00e9sent\u00e9s sur son site Web, en exer\u00e7ant toutes les actions civiles et p\u00e9nales auxquelles elle peut pr\u00e9tendre en vertu de la loi, y compris celles de nature financi\u00e8re.<\/p>\n<p>[\/et_pb_text][\/et_pb_column][\/et_pb_row][\/et_pb_section]<\/p>\n","protected":false},"excerpt":{"rendered":"<p>MENTIONS L\u00c9GALESAvis l\u00e9gal Conform\u00e9ment \u00e0 la l\u00e9gislation en vigueur, nous vous informons que le domaine Internet www.arekson.com est la propri\u00e9t\u00e9 de la soci\u00e9t\u00e9 SASU AREKSON France (NIF : FR83 938441979), dont le si\u00e8ge social est domicili\u00e9 \u00e0 1, rue Pierre Rectoran, R\u00e9sidence Les Mirabelles, 64100 Bayonne), t\u00e9l\u00e9phone 05 54 53 01 17, adresse \u00e9lectronique info@arekson.com. [&hellip;]<\/p>\n","protected":false},"author":1,"featured_media":0,"parent":4057,"menu_order":999,"comment_status":"closed","ping_status":"closed","template":"","meta":{"_et_pb_use_builder":"on","_et_pb_old_content":"","_et_gb_content_width":"","footnotes":""},"class_list":["post-4079","page","type-page","status-publish","hentry"],"yoast_head":"<!-- This site is optimized with the Yoast SEO plugin v27.2 - https:\/\/yoast.com\/product\/yoast-seo-wordpress\/ -->\n<title>Mentions l\u00e9gales | Arekson Group<\/title>\n<meta name=\"description\" content=\"Arekson Group | Productos para el Repintado de Veh\u00edculos | Productos y soluciones personalizados a sus necesidades\" \/>\n<meta name=\"robots\" content=\"noindex, nofollow\" \/>\n<meta property=\"og:locale\" content=\"fr_FR\" \/>\n<meta property=\"og:type\" content=\"article\" \/>\n<meta property=\"og:title\" content=\"Mentions l\u00e9gales | Arekson Group\" \/>\n<meta property=\"og:description\" content=\"Arekson Group | Productos para el Repintado de Veh\u00edculos | Productos y soluciones personalizados a sus necesidades\" \/>\n<meta property=\"og:url\" content=\"https:\/\/arekson.com\/fr\/arekson\/mentions-legales\/\" \/>\n<meta property=\"og:site_name\" content=\"Arekson Group\" \/>\n<meta property=\"article:modified_time\" content=\"2025-01-17T12:54:45+00:00\" \/>\n<meta property=\"og:image\" content=\"https:\/\/arekson.com\/wp-content\/uploads\/2022\/04\/Logo-Arekson-Group.png\" \/>\n\t<meta property=\"og:image:width\" content=\"244\" \/>\n\t<meta property=\"og:image:height\" content=\"99\" \/>\n\t<meta property=\"og:image:type\" content=\"image\/png\" \/>\n<meta name=\"twitter:card\" content=\"summary_large_image\" \/>\n<meta name=\"twitter:label1\" content=\"Dur\u00e9e de lecture estim\u00e9e\" \/>\n\t<meta name=\"twitter:data1\" content=\"8 minutes\" \/>\n<script type=\"application\/ld+json\" class=\"yoast-schema-graph\">{\"@context\":\"https:\/\/schema.org\",\"@graph\":[{\"@type\":\"WebPage\",\"@id\":\"https:\/\/arekson.com\/fr\/arekson\/mentions-legales\/\",\"url\":\"https:\/\/arekson.com\/fr\/arekson\/mentions-legales\/\",\"name\":\"Mentions l\u00e9gales | Arekson Group\",\"isPartOf\":{\"@id\":\"https:\/\/arekson.com\/fr\/#website\"},\"datePublished\":\"2022-04-12T14:51:33+00:00\",\"dateModified\":\"2025-01-17T12:54:45+00:00\",\"description\":\"Arekson Group | Productos para el Repintado de Veh\u00edculos | Productos y soluciones personalizados a sus necesidades\",\"breadcrumb\":{\"@id\":\"https:\/\/arekson.com\/fr\/arekson\/mentions-legales\/#breadcrumb\"},\"inLanguage\":\"fr-FR\",\"potentialAction\":[{\"@type\":\"ReadAction\",\"target\":[\"https:\/\/arekson.com\/fr\/arekson\/mentions-legales\/\"]}]},{\"@type\":\"BreadcrumbList\",\"@id\":\"https:\/\/arekson.com\/fr\/arekson\/mentions-legales\/#breadcrumb\",\"itemListElement\":[{\"@type\":\"ListItem\",\"position\":1,\"name\":\"Home\",\"item\":\"https:\/\/arekson.com\/fr\/\"},{\"@type\":\"ListItem\",\"position\":2,\"name\":\"Arekson\",\"item\":\"https:\/\/arekson.com\/fr\/\"},{\"@type\":\"ListItem\",\"position\":3,\"name\":\"Mentions l\u00e9gales\"}]},{\"@type\":\"WebSite\",\"@id\":\"https:\/\/arekson.com\/fr\/#website\",\"url\":\"https:\/\/arekson.com\/fr\/\",\"name\":\"Arekson Group\",\"description\":\"Marcas Referentes del Automovil Profesional\",\"publisher\":{\"@id\":\"https:\/\/arekson.com\/fr\/#organization\"},\"potentialAction\":[{\"@type\":\"SearchAction\",\"target\":{\"@type\":\"EntryPoint\",\"urlTemplate\":\"https:\/\/arekson.com\/fr\/?s={search_term_string}\"},\"query-input\":{\"@type\":\"PropertyValueSpecification\",\"valueRequired\":true,\"valueName\":\"search_term_string\"}}],\"inLanguage\":\"fr-FR\"},{\"@type\":\"Organization\",\"@id\":\"https:\/\/arekson.com\/fr\/#organization\",\"name\":\"Arekson Group\",\"url\":\"https:\/\/arekson.com\/fr\/\",\"logo\":{\"@type\":\"ImageObject\",\"inLanguage\":\"fr-FR\",\"@id\":\"https:\/\/arekson.com\/fr\/#\/schema\/logo\/image\/\",\"url\":\"https:\/\/arekson.com\/wp-content\/uploads\/2022\/06\/Arekson-Group-Logo-Gris.jpg\",\"contentUrl\":\"https:\/\/arekson.com\/wp-content\/uploads\/2022\/06\/Arekson-Group-Logo-Gris.jpg\",\"width\":174,\"height\":72,\"caption\":\"Arekson Group\"},\"image\":{\"@id\":\"https:\/\/arekson.com\/fr\/#\/schema\/logo\/image\/\"}}]}<\/script>\n<!-- \/ Yoast SEO plugin. -->","yoast_head_json":{"title":"Mentions l\u00e9gales | Arekson Group","description":"Arekson Group | Productos para el Repintado de Veh\u00edculos | Productos y soluciones personalizados a sus necesidades","robots":{"index":"noindex","follow":"nofollow"},"og_locale":"fr_FR","og_type":"article","og_title":"Mentions l\u00e9gales | Arekson Group","og_description":"Arekson Group | Productos para el Repintado de Veh\u00edculos | Productos y soluciones personalizados a sus necesidades","og_url":"https:\/\/arekson.com\/fr\/arekson\/mentions-legales\/","og_site_name":"Arekson Group","article_modified_time":"2025-01-17T12:54:45+00:00","og_image":[{"width":244,"height":99,"url":"https:\/\/arekson.com\/wp-content\/uploads\/2022\/04\/Logo-Arekson-Group.png","type":"image\/png"}],"twitter_card":"summary_large_image","twitter_misc":{"Dur\u00e9e de lecture estim\u00e9e":"8 minutes"},"schema":{"@context":"https:\/\/schema.org","@graph":[{"@type":"WebPage","@id":"https:\/\/arekson.com\/fr\/arekson\/mentions-legales\/","url":"https:\/\/arekson.com\/fr\/arekson\/mentions-legales\/","name":"Mentions l\u00e9gales | Arekson Group","isPartOf":{"@id":"https:\/\/arekson.com\/fr\/#website"},"datePublished":"2022-04-12T14:51:33+00:00","dateModified":"2025-01-17T12:54:45+00:00","description":"Arekson Group | Productos para el Repintado de Veh\u00edculos | Productos y soluciones personalizados a sus necesidades","breadcrumb":{"@id":"https:\/\/arekson.com\/fr\/arekson\/mentions-legales\/#breadcrumb"},"inLanguage":"fr-FR","potentialAction":[{"@type":"ReadAction","target":["https:\/\/arekson.com\/fr\/arekson\/mentions-legales\/"]}]},{"@type":"BreadcrumbList","@id":"https:\/\/arekson.com\/fr\/arekson\/mentions-legales\/#breadcrumb","itemListElement":[{"@type":"ListItem","position":1,"name":"Home","item":"https:\/\/arekson.com\/fr\/"},{"@type":"ListItem","position":2,"name":"Arekson","item":"https:\/\/arekson.com\/fr\/"},{"@type":"ListItem","position":3,"name":"Mentions l\u00e9gales"}]},{"@type":"WebSite","@id":"https:\/\/arekson.com\/fr\/#website","url":"https:\/\/arekson.com\/fr\/","name":"Arekson Group","description":"Marcas Referentes del Automovil Profesional","publisher":{"@id":"https:\/\/arekson.com\/fr\/#organization"},"potentialAction":[{"@type":"SearchAction","target":{"@type":"EntryPoint","urlTemplate":"https:\/\/arekson.com\/fr\/?s={search_term_string}"},"query-input":{"@type":"PropertyValueSpecification","valueRequired":true,"valueName":"search_term_string"}}],"inLanguage":"fr-FR"},{"@type":"Organization","@id":"https:\/\/arekson.com\/fr\/#organization","name":"Arekson Group","url":"https:\/\/arekson.com\/fr\/","logo":{"@type":"ImageObject","inLanguage":"fr-FR","@id":"https:\/\/arekson.com\/fr\/#\/schema\/logo\/image\/","url":"https:\/\/arekson.com\/wp-content\/uploads\/2022\/06\/Arekson-Group-Logo-Gris.jpg","contentUrl":"https:\/\/arekson.com\/wp-content\/uploads\/2022\/06\/Arekson-Group-Logo-Gris.jpg","width":174,"height":72,"caption":"Arekson Group"},"image":{"@id":"https:\/\/arekson.com\/fr\/#\/schema\/logo\/image\/"}}]}},"_links":{"self":[{"href":"https:\/\/arekson.com\/fr\/wp-json\/wp\/v2\/pages\/4079","targetHints":{"allow":["GET"]}}],"collection":[{"href":"https:\/\/arekson.com\/fr\/wp-json\/wp\/v2\/pages"}],"about":[{"href":"https:\/\/arekson.com\/fr\/wp-json\/wp\/v2\/types\/page"}],"author":[{"embeddable":true,"href":"https:\/\/arekson.com\/fr\/wp-json\/wp\/v2\/users\/1"}],"replies":[{"embeddable":true,"href":"https:\/\/arekson.com\/fr\/wp-json\/wp\/v2\/comments?post=4079"}],"version-history":[{"count":5,"href":"https:\/\/arekson.com\/fr\/wp-json\/wp\/v2\/pages\/4079\/revisions"}],"predecessor-version":[{"id":29629,"href":"https:\/\/arekson.com\/fr\/wp-json\/wp\/v2\/pages\/4079\/revisions\/29629"}],"up":[{"embeddable":true,"href":"https:\/\/arekson.com\/fr\/wp-json\/wp\/v2\/pages\/4057"}],"wp:attachment":[{"href":"https:\/\/arekson.com\/fr\/wp-json\/wp\/v2\/media?parent=4079"}],"curies":[{"name":"wp","href":"https:\/\/api.w.org\/{rel}","templated":true}]}}