{"id":4050,"date":"2022-04-11T10:38:31","date_gmt":"2022-04-11T08:38:31","guid":{"rendered":"https:\/\/arekson.com\/seicar\/catalogos\/"},"modified":"2023-10-19T16:55:32","modified_gmt":"2023-10-19T14:55:32","slug":"catalogues","status":"publish","type":"page","link":"https:\/\/arekson.com\/fr\/seicar\/catalogues\/","title":{"rendered":"Catalogues"},"content":{"rendered":"<p>[et_pb_section fb_built=\u00a0\u00bb1&Prime; _builder_version=\u00a0\u00bb4.17.0&Prime; _module_preset=\u00a0\u00bbdefault\u00a0\u00bb background_image=\u00a0\u00bbhttps:\/\/arekson.com\/wp-content\/uploads\/2022\/04\/CATALOGOS-SEICAR.jpg\u00a0\u00bb height=\u00a0\u00bb500px\u00a0\u00bb height_tablet=\u00a0\u00bb500px\u00a0\u00bb height_phone=\u00a0\u00bb400px\u00a0\u00bb height_last_edited=\u00a0\u00bbon|tablet\u00a0\u00bb global_colors_info=\u00a0\u00bb{}\u00a0\u00bb][et_pb_row _builder_version=\u00a0\u00bb4.16&Prime; _module_preset=\u00a0\u00bbdefault\u00a0\u00bb custom_padding=\u00a0\u00bb71px||||false|false\u00a0\u00bb global_colors_info=\u00a0\u00bb{}\u00a0\u00bb][et_pb_column type=\u00a0\u00bb4_4&Prime; _builder_version=\u00a0\u00bb4.16&Prime; _module_preset=\u00a0\u00bbdefault\u00a0\u00bb global_colors_info=\u00a0\u00bb{}\u00a0\u00bb][et_pb_text _builder_version=\u00a0\u00bb4.17.1&Prime; _module_preset=\u00a0\u00bbdefault\u00a0\u00bb text_font_size=\u00a0\u00bb60px\u00a0\u00bb text_line_height=\u00a0\u00bb1.1em\u00a0\u00bb header_font=\u00a0\u00bb|700|||||||\u00a0\u00bb header_text_color=\u00a0\u00bb#FFFFFF\u00a0\u00bb header_font_size=\u00a0\u00bb60px\u00a0\u00bb text_orientation=\u00a0\u00bbright\u00a0\u00bb header_text_align_tablet=\u00a0\u00bbcenter\u00a0\u00bb header_text_align_phone=\u00a0\u00bbcenter\u00a0\u00bb header_text_align_last_edited=\u00a0\u00bbon|tablet\u00a0\u00bb header_font_size_tablet=\u00a0\u00bb40px\u00a0\u00bb header_font_size_phone=\u00a0\u00bb40px\u00a0\u00bb header_font_size_last_edited=\u00a0\u00bbon|phone\u00a0\u00bb text_text_shadow_style=\u00a0\u00bbpreset1&Prime; global_colors_info=\u00a0\u00bb{}\u00a0\u00bb]<\/p>\n<h1 style=\"text-align: center;\">CATALOGUES<\/h1>\n<p>[\/et_pb_text][\/et_pb_column][\/et_pb_row][\/et_pb_section][et_pb_section fb_built=\u00a0\u00bb1&Prime; _builder_version=\u00a0\u00bb4.17.0&Prime; _module_preset=\u00a0\u00bbdefault\u00a0\u00bb global_colors_info=\u00a0\u00bb{}\u00a0\u00bb][et_pb_row column_structure=\u00a0\u00bb1_2,1_2&Prime; _builder_version=\u00a0\u00bb4.17.0&Prime; _module_preset=\u00a0\u00bbdefault\u00a0\u00bb global_colors_info=\u00a0\u00bb{}\u00a0\u00bb][et_pb_column type=\u00a0\u00bb1_2&Prime; _builder_version=\u00a0\u00bb4.17.0&Prime; _module_preset=\u00a0\u00bbdefault\u00a0\u00bb global_colors_info=\u00a0\u00bb{}\u00a0\u00bb][et_pb_text _builder_version=\u00a0\u00bb4.17.4&Prime; _module_preset=\u00a0\u00bbdefault\u00a0\u00bb header_2_text_align=\u00a0\u00bbright\u00a0\u00bb header_2_font_size=\u00a0\u00bb40px\u00a0\u00bb header_2_line_height=\u00a0\u00bb1.2em\u00a0\u00bb custom_margin=\u00a0\u00bb50px|0px|0px|0px|false|false\u00a0\u00bb custom_margin_tablet=\u00a0\u00bb0px||||false|false\u00a0\u00bb custom_margin_phone=\u00a0\u00bb0px||||false|false\u00a0\u00bb custom_margin_last_edited=\u00a0\u00bbon|tablet\u00a0\u00bb custom_padding=\u00a0\u00bb0px|0px|0px|0px|false|false\u00a0\u00bb header_2_text_align_tablet=\u00a0\u00bbcenter\u00a0\u00bb header_2_text_align_phone=\u00a0\u00bbcenter\u00a0\u00bb header_2_text_align_last_edited=\u00a0\u00bbon|tablet\u00a0\u00bb header_2_font_size_tablet=\u00a0\u00bb30px\u00a0\u00bb header_2_font_size_phone=\u00a0\u00bb25px\u00a0\u00bb header_2_font_size_last_edited=\u00a0\u00bbon|phone\u00a0\u00bb global_colors_info=\u00a0\u00bb{}\u00a0\u00bb]<\/p>\n<h2>RECEVEZ NOTRE <strong>CATALOGUE<\/strong> PAR E-MAIL<\/h2>\n<p>[\/et_pb_text][et_pb_code _builder_version=\u00a0\u00bb4.17.1&Prime; _module_preset=\u00a0\u00bbdefault\u00a0\u00bb max_width=\u00a0\u00bb600px\u00a0\u00bb max_width_tablet=\u00a0\u00bb600px\u00a0\u00bb max_width_phone=\u00a0\u00bb600px\u00a0\u00bb max_width_last_edited=\u00a0\u00bbon|tablet\u00a0\u00bb module_alignment=\u00a0\u00bbright\u00a0\u00bb module_alignment_tablet=\u00a0\u00bbcenter\u00a0\u00bb module_alignment_phone=\u00a0\u00bbcenter\u00a0\u00bb module_alignment_last_edited=\u00a0\u00bbon|phone\u00a0\u00bb global_colors_info=\u00a0\u00bb{}\u00a0\u00bb]\n<div class=\"wpcf7 no-js\" id=\"wpcf7-f4566-o1\" lang=\"es-ES\" dir=\"ltr\" data-wpcf7-id=\"4566\">\n<div class=\"screen-reader-response\"><p role=\"status\" aria-live=\"polite\" aria-atomic=\"true\"><\/p> <ul><\/ul><\/div>\n<form action=\"\/fr\/wp-json\/wp\/v2\/pages\/4050#wpcf7-f4566-o1\" method=\"post\" class=\"wpcf7-form init\" aria-label=\"Formulario de contacto\" novalidate=\"novalidate\" data-status=\"init\">\n<fieldset class=\"hidden-fields-container\"><input type=\"hidden\" name=\"_wpcf7\" value=\"4566\" \/><input type=\"hidden\" name=\"_wpcf7_version\" value=\"6.1.5\" \/><input type=\"hidden\" name=\"_wpcf7_locale\" value=\"es_ES\" \/><input type=\"hidden\" name=\"_wpcf7_unit_tag\" value=\"wpcf7-f4566-o1\" \/><input type=\"hidden\" name=\"_wpcf7_container_post\" value=\"0\" \/><input type=\"hidden\" name=\"_wpcf7_posted_data_hash\" value=\"\" \/>\n<\/fieldset>\n<p><label><br \/>\n<span class=\"wpcf7-form-control-wrap\" data-name=\"your-name\"><input size=\"40\" maxlength=\"400\" class=\"wpcf7-form-control wpcf7-text wpcf7-validates-as-required\" aria-required=\"true\" aria-invalid=\"false\" placeholder=\"Pr\u00e9nom et nom\" value=\"\" type=\"text\" name=\"your-name\" \/><\/span> <\/label><br \/>\n<label><br \/>\n<span class=\"wpcf7-form-control-wrap\" data-name=\"your-email\"><input size=\"40\" maxlength=\"400\" class=\"wpcf7-form-control wpcf7-email wpcf7-validates-as-required wpcf7-text wpcf7-validates-as-email\" aria-required=\"true\" aria-invalid=\"false\" placeholder=\"E-mail\" value=\"\" type=\"email\" name=\"your-email\" \/><\/span> <\/label><br \/>\n<label><br \/>\n<span class=\"wpcf7-form-control-wrap\" data-name=\"empresa\"><input size=\"40\" maxlength=\"400\" class=\"wpcf7-form-control wpcf7-text wpcf7-validates-as-required\" aria-required=\"true\" aria-invalid=\"false\" placeholder=\"Entreprise\" value=\"\" type=\"text\" name=\"empresa\" \/><\/span> <\/label>\n<\/p>\n<p><span class=\"wpcf7-form-control-wrap\" data-name=\"acceptance-598\"><span class=\"wpcf7-form-control wpcf7-acceptance\"><span class=\"wpcf7-list-item\"><label><input type=\"checkbox\" name=\"acceptance-598\" value=\"1\" aria-invalid=\"false\" \/><span class=\"wpcf7-list-item-label\">J\u2019ai lu et j\u2019accepte la <a style=\"color:black; font-weight:bold;text-decoration:underline;\" href=\"https:\/\/arekson.com\/fr\/arekson\/mentions-legales\/\" target=\"_blank\">l\u2019 avis  l\u00e9gal<\/a> et la <a style=\"color:black; font-weight:bold;text-decoration:underline;\" href=\"https:\/\/www.arekson.com\/fr\/politique-de-confidentialite\" target=\"_blank\">politique de confidentialit\u00e9<\/a>.<\/span><\/label><\/span><\/span><\/span>\n<\/p>\n<p><input class=\"wpcf7-form-control wpcf7-submit has-spinner\" type=\"submit\" value=\"Envoyer\" \/>\n<\/p>\n<p style=\"font-size:9px;line-height:15px;text-align:justify;\"><br \/>\nInformations de base sur la protection des donn\u00e9es : Le contenu de ce document est confidentiel et destin\u00e9 uniquement \u00e0 l'usage du destinataire. Son utilisation non autoris\u00e9e est interdite par la l\u00e9gislation en vigueur. Responsable du traitement : Arekson Group, S.L. (B75137372). Finalit\u00e9s : fournir un outil de contact, de consultation et de communication avec les personnes int\u00e9ress\u00e9es et apparent\u00e9es ; g\u00e9rer la relation avec les clients et les clients potentiels ; envoyer des communications informatives relatives \u00e0 nos services et activit\u00e9s. Destinataires : les donn\u00e9es de contact peuvent \u00eatre communiqu\u00e9es aux fournisseurs du groupe Arekson impliqu\u00e9s dans toutes les \u00e9tapes des services demand\u00e9s (par exemple, le transport et la logistique). Droits : acc\u00e8s, rectification, limitation, suppression, opposition, portabilit\u00e9 et demande de notre politique compl\u00e8te de protection des donn\u00e9es, \u00e0 l'adresse Pol. Haizpea, 2, 20150 Aduna (Gipuzkoa), e-mail <a style=\"text-decoration:underline;\" href=\"mailto:info@arekson.com\">info@arekson.com<\/a>. Vous pouvez \u00e9galement consulter la <a style=\"color:black; font-weight:bold;text-decoration:underline;\" href=\"https:\/\/www.arekson.com\/fr\/politique-de-confidentialite\" target=\"_blank\">\"Politique de confidentialit\u00e9\"<\/a> sur notre site web (www.arekson.com).\n<\/p><p style=\"display: none !important;\" class=\"akismet-fields-container\" data-prefix=\"_wpcf7_ak_\"><label>&#916;<textarea name=\"_wpcf7_ak_hp_textarea\" cols=\"45\" rows=\"8\" maxlength=\"100\"><\/textarea><\/label><input type=\"hidden\" id=\"ak_js_1\" name=\"_wpcf7_ak_js\" value=\"176\"\/><script>document.getElementById( \"ak_js_1\" ).setAttribute( \"value\", ( new Date() ).getTime() );<\/script><\/p><div class=\"wpcf7-response-output\" aria-hidden=\"true\"><\/div>\n<\/form>\n<\/div>\n[\/et_pb_code][\/et_pb_column][et_pb_column type=\u00a0\u00bb1_2&Prime; _builder_version=\u00a0\u00bb4.17.0&Prime; _module_preset=\u00a0\u00bbdefault\u00a0\u00bb global_colors_info=\u00a0\u00bb{}\u00a0\u00bb][et_pb_image src=\u00a0\u00bbhttps:\/\/arekson.com\/wp-content\/uploads\/2023\/10\/Catalogo-Seicar-2023.png\u00a0\u00bb alt=\u00a0\u00bbCatalogo seicar\u00a0\u00bb title_text=\u00a0\u00bbCat\u00e1logo Seicar 2023&Prime; align=\u00a0\u00bbcenter\u00a0\u00bb _builder_version=\u00a0\u00bb4.22.2&Prime; _module_preset=\u00a0\u00bbdefault\u00a0\u00bb transform_rotate=\u00a0\u00bb0deg|0deg|10deg\u00a0\u00bb max_height=\u00a0\u00bb640px\u00a0\u00bb hover_enabled=\u00a0\u00bb0&Prime; box_shadow_style=\u00a0\u00bbpreset2&Prime; global_colors_info=\u00a0\u00bb{}\u00a0\u00bb sticky_enabled=\u00a0\u00bb0&Prime;][\/et_pb_image][\/et_pb_column][\/et_pb_row][\/et_pb_section]<\/p>\n","protected":false},"excerpt":{"rendered":"<p>CATALOGUESRECEVEZ NOTRE CATALOGUE PAR E-MAIL\n<div class=\"wpcf7 no-js\" id=\"wpcf7-f4566-o2\" lang=\"es-ES\" dir=\"ltr\" data-wpcf7-id=\"4566\">\n<div class=\"screen-reader-response\"><p role=\"status\" aria-live=\"polite\" aria-atomic=\"true\"><\/p> <ul><\/ul><\/div>\n<form action=\"\/fr\/wp-json\/wp\/v2\/pages\/4050#wpcf7-f4566-o2\" method=\"post\" class=\"wpcf7-form init\" aria-label=\"Formulario de contacto\" novalidate=\"novalidate\" data-status=\"init\">\n<fieldset class=\"hidden-fields-container\"><input type=\"hidden\" name=\"_wpcf7\" value=\"4566\" \/><input type=\"hidden\" name=\"_wpcf7_version\" value=\"6.1.5\" \/><input type=\"hidden\" name=\"_wpcf7_locale\" value=\"es_ES\" \/><input type=\"hidden\" name=\"_wpcf7_unit_tag\" value=\"wpcf7-f4566-o2\" \/><input type=\"hidden\" name=\"_wpcf7_container_post\" value=\"0\" \/><input type=\"hidden\" name=\"_wpcf7_posted_data_hash\" value=\"\" \/>\n<\/fieldset>\n<p><label><br \/>\n<span class=\"wpcf7-form-control-wrap\" data-name=\"your-name\"><input size=\"40\" maxlength=\"400\" class=\"wpcf7-form-control wpcf7-text wpcf7-validates-as-required\" aria-required=\"true\" aria-invalid=\"false\" placeholder=\"Pr\u00e9nom et nom\" value=\"\" type=\"text\" name=\"your-name\" \/><\/span> <\/label><br \/>\n<label><br \/>\n<span class=\"wpcf7-form-control-wrap\" data-name=\"your-email\"><input size=\"40\" maxlength=\"400\" class=\"wpcf7-form-control wpcf7-email wpcf7-validates-as-required wpcf7-text wpcf7-validates-as-email\" aria-required=\"true\" aria-invalid=\"false\" placeholder=\"E-mail\" value=\"\" type=\"email\" name=\"your-email\" \/><\/span> <\/label><br \/>\n<label><br \/>\n<span class=\"wpcf7-form-control-wrap\" data-name=\"empresa\"><input size=\"40\" maxlength=\"400\" class=\"wpcf7-form-control wpcf7-text wpcf7-validates-as-required\" aria-required=\"true\" aria-invalid=\"false\" placeholder=\"Entreprise\" value=\"\" type=\"text\" name=\"empresa\" \/><\/span> <\/label>\n<\/p>\n<p><span class=\"wpcf7-form-control-wrap\" data-name=\"acceptance-598\"><span class=\"wpcf7-form-control wpcf7-acceptance\"><span class=\"wpcf7-list-item\"><label><input type=\"checkbox\" name=\"acceptance-598\" value=\"1\" aria-invalid=\"false\" \/><span class=\"wpcf7-list-item-label\">J\u2019ai lu et j\u2019accepte la <a style=\"color:black; font-weight:bold;text-decoration:underline;\" href=\"https:\/\/arekson.com\/fr\/arekson\/mentions-legales\/\" target=\"_blank\">l\u2019 avis  l\u00e9gal<\/a> et la <a style=\"color:black; font-weight:bold;text-decoration:underline;\" href=\"https:\/\/www.arekson.com\/fr\/politique-de-confidentialite\" target=\"_blank\">politique de confidentialit\u00e9<\/a>.<\/span><\/label><\/span><\/span><\/span>\n<\/p>\n<p><input class=\"wpcf7-form-control wpcf7-submit has-spinner\" type=\"submit\" value=\"Envoyer\" \/>\n<\/p>\n<p style=\"font-size:9px;line-height:15px;text-align:justify;\"><br \/>\nInformations de base sur la protection des donn\u00e9es : Le contenu de ce document est confidentiel et destin\u00e9 uniquement \u00e0 l'usage du destinataire. Son utilisation non autoris\u00e9e est interdite par la l\u00e9gislation en vigueur. Responsable du traitement : Arekson Group, S.L. (B75137372). Finalit\u00e9s : fournir un outil de contact, de consultation et de communication avec les personnes int\u00e9ress\u00e9es et apparent\u00e9es ; g\u00e9rer la relation avec les clients et les clients potentiels ; envoyer des communications informatives relatives \u00e0 nos services et activit\u00e9s. Destinataires : les donn\u00e9es de contact peuvent \u00eatre communiqu\u00e9es aux fournisseurs du groupe Arekson impliqu\u00e9s dans toutes les \u00e9tapes des services demand\u00e9s (par exemple, le transport et la logistique). Droits : acc\u00e8s, rectification, limitation, suppression, opposition, portabilit\u00e9 et demande de notre politique compl\u00e8te de protection des donn\u00e9es, \u00e0 l'adresse Pol. Haizpea, 2, 20150 Aduna (Gipuzkoa), e-mail <a style=\"text-decoration:underline;\" href=\"mailto:info@arekson.com\">info@arekson.com<\/a>. Vous pouvez \u00e9galement consulter la <a style=\"color:black; font-weight:bold;text-decoration:underline;\" href=\"https:\/\/www.arekson.com\/fr\/politique-de-confidentialite\" target=\"_blank\">\"Politique de confidentialit\u00e9\"<\/a> sur notre site web (www.arekson.com).\n<\/p><p style=\"display: none !important;\" class=\"akismet-fields-container\" data-prefix=\"_wpcf7_ak_\"><label>&#916;<textarea name=\"_wpcf7_ak_hp_textarea\" cols=\"45\" rows=\"8\" maxlength=\"100\"><\/textarea><\/label><input type=\"hidden\" id=\"ak_js_2\" name=\"_wpcf7_ak_js\" value=\"166\"\/><script>document.getElementById( \"ak_js_2\" ).setAttribute( \"value\", ( new Date() ).getTime() );<\/script><\/p><div class=\"wpcf7-response-output\" aria-hidden=\"true\"><\/div>\n<\/form>\n<\/div>\n<\/p>\n","protected":false},"author":1,"featured_media":0,"parent":4041,"menu_order":0,"comment_status":"closed","ping_status":"closed","template":"","meta":{"_et_pb_use_builder":"on","_et_pb_old_content":"","_et_gb_content_width":"","footnotes":""},"class_list":["post-4050","page","type-page","status-publish","hentry"],"yoast_head":"<!-- This site is optimized with the Yoast SEO plugin v27.2 - https:\/\/yoast.com\/product\/yoast-seo-wordpress\/ -->\n<title>Catalogues | Arekson Group<\/title>\n<meta name=\"description\" content=\"Arekson Group | Productos para el Repintado de Veh\u00edculos | Productos y soluciones personalizados a sus necesidades\" \/>\n<meta name=\"robots\" content=\"index, follow, max-snippet:-1, max-image-preview:large, max-video-preview:-1\" \/>\n<link rel=\"canonical\" href=\"https:\/\/arekson.com\/fr\/seicar\/catalogues\/\" \/>\n<meta property=\"og:locale\" content=\"fr_FR\" \/>\n<meta property=\"og:type\" content=\"article\" \/>\n<meta property=\"og:title\" content=\"Catalogues | Arekson Group\" \/>\n<meta property=\"og:description\" content=\"Arekson Group | Productos para el Repintado de Veh\u00edculos | Productos y soluciones personalizados a sus necesidades\" \/>\n<meta property=\"og:url\" content=\"https:\/\/arekson.com\/fr\/seicar\/catalogues\/\" \/>\n<meta property=\"og:site_name\" content=\"Arekson Group\" \/>\n<meta property=\"article:modified_time\" content=\"2023-10-19T14:55:32+00:00\" \/>\n<meta property=\"og:image\" content=\"https:\/\/arekson.com\/wp-content\/uploads\/2022\/04\/Logo-Arekson-Group.png\" \/>\n\t<meta property=\"og:image:width\" content=\"244\" \/>\n\t<meta property=\"og:image:height\" content=\"99\" \/>\n\t<meta property=\"og:image:type\" content=\"image\/png\" \/>\n<meta name=\"twitter:card\" content=\"summary_large_image\" \/>\n<meta name=\"twitter:label1\" content=\"Dur\u00e9e de lecture estim\u00e9e\" \/>\n\t<meta name=\"twitter:data1\" content=\"2 minutes\" \/>\n<script type=\"application\/ld+json\" class=\"yoast-schema-graph\">{\"@context\":\"https:\/\/schema.org\",\"@graph\":[{\"@type\":\"WebPage\",\"@id\":\"https:\/\/arekson.com\/fr\/seicar\/catalogues\/\",\"url\":\"https:\/\/arekson.com\/fr\/seicar\/catalogues\/\",\"name\":\"Catalogues | Arekson Group\",\"isPartOf\":{\"@id\":\"https:\/\/arekson.com\/fr\/#website\"},\"datePublished\":\"2022-04-11T08:38:31+00:00\",\"dateModified\":\"2023-10-19T14:55:32+00:00\",\"description\":\"Arekson Group | Productos para el Repintado de Veh\u00edculos | Productos y soluciones personalizados a sus necesidades\",\"breadcrumb\":{\"@id\":\"https:\/\/arekson.com\/fr\/seicar\/catalogues\/#breadcrumb\"},\"inLanguage\":\"fr-FR\",\"potentialAction\":[{\"@type\":\"ReadAction\",\"target\":[\"https:\/\/arekson.com\/fr\/seicar\/catalogues\/\"]}]},{\"@type\":\"BreadcrumbList\",\"@id\":\"https:\/\/arekson.com\/fr\/seicar\/catalogues\/#breadcrumb\",\"itemListElement\":[{\"@type\":\"ListItem\",\"position\":1,\"name\":\"Home\",\"item\":\"https:\/\/arekson.com\/fr\/\"},{\"@type\":\"ListItem\",\"position\":2,\"name\":\"SEICAR\",\"item\":\"https:\/\/arekson.com\/fr\/seicar\/\"},{\"@type\":\"ListItem\",\"position\":3,\"name\":\"Catalogues\"}]},{\"@type\":\"WebSite\",\"@id\":\"https:\/\/arekson.com\/fr\/#website\",\"url\":\"https:\/\/arekson.com\/fr\/\",\"name\":\"Arekson Group\",\"description\":\"Marcas Referentes del Automovil Profesional\",\"publisher\":{\"@id\":\"https:\/\/arekson.com\/fr\/#organization\"},\"potentialAction\":[{\"@type\":\"SearchAction\",\"target\":{\"@type\":\"EntryPoint\",\"urlTemplate\":\"https:\/\/arekson.com\/fr\/?s={search_term_string}\"},\"query-input\":{\"@type\":\"PropertyValueSpecification\",\"valueRequired\":true,\"valueName\":\"search_term_string\"}}],\"inLanguage\":\"fr-FR\"},{\"@type\":\"Organization\",\"@id\":\"https:\/\/arekson.com\/fr\/#organization\",\"name\":\"Arekson Group\",\"url\":\"https:\/\/arekson.com\/fr\/\",\"logo\":{\"@type\":\"ImageObject\",\"inLanguage\":\"fr-FR\",\"@id\":\"https:\/\/arekson.com\/fr\/#\/schema\/logo\/image\/\",\"url\":\"https:\/\/arekson.com\/wp-content\/uploads\/2022\/06\/Arekson-Group-Logo-Gris.jpg\",\"contentUrl\":\"https:\/\/arekson.com\/wp-content\/uploads\/2022\/06\/Arekson-Group-Logo-Gris.jpg\",\"width\":174,\"height\":72,\"caption\":\"Arekson Group\"},\"image\":{\"@id\":\"https:\/\/arekson.com\/fr\/#\/schema\/logo\/image\/\"}}]}<\/script>\n<!-- \/ Yoast SEO plugin. -->","yoast_head_json":{"title":"Catalogues | Arekson Group","description":"Arekson Group | Productos para el Repintado de Veh\u00edculos | Productos y soluciones personalizados a sus necesidades","robots":{"index":"index","follow":"follow","max-snippet":"max-snippet:-1","max-image-preview":"max-image-preview:large","max-video-preview":"max-video-preview:-1"},"canonical":"https:\/\/arekson.com\/fr\/seicar\/catalogues\/","og_locale":"fr_FR","og_type":"article","og_title":"Catalogues | Arekson Group","og_description":"Arekson Group | Productos para el Repintado de Veh\u00edculos | Productos y soluciones personalizados a sus necesidades","og_url":"https:\/\/arekson.com\/fr\/seicar\/catalogues\/","og_site_name":"Arekson Group","article_modified_time":"2023-10-19T14:55:32+00:00","og_image":[{"width":244,"height":99,"url":"https:\/\/arekson.com\/wp-content\/uploads\/2022\/04\/Logo-Arekson-Group.png","type":"image\/png"}],"twitter_card":"summary_large_image","twitter_misc":{"Dur\u00e9e de lecture estim\u00e9e":"2 minutes"},"schema":{"@context":"https:\/\/schema.org","@graph":[{"@type":"WebPage","@id":"https:\/\/arekson.com\/fr\/seicar\/catalogues\/","url":"https:\/\/arekson.com\/fr\/seicar\/catalogues\/","name":"Catalogues | Arekson Group","isPartOf":{"@id":"https:\/\/arekson.com\/fr\/#website"},"datePublished":"2022-04-11T08:38:31+00:00","dateModified":"2023-10-19T14:55:32+00:00","description":"Arekson Group | Productos para el Repintado de Veh\u00edculos | Productos y soluciones personalizados a sus necesidades","breadcrumb":{"@id":"https:\/\/arekson.com\/fr\/seicar\/catalogues\/#breadcrumb"},"inLanguage":"fr-FR","potentialAction":[{"@type":"ReadAction","target":["https:\/\/arekson.com\/fr\/seicar\/catalogues\/"]}]},{"@type":"BreadcrumbList","@id":"https:\/\/arekson.com\/fr\/seicar\/catalogues\/#breadcrumb","itemListElement":[{"@type":"ListItem","position":1,"name":"Home","item":"https:\/\/arekson.com\/fr\/"},{"@type":"ListItem","position":2,"name":"SEICAR","item":"https:\/\/arekson.com\/fr\/seicar\/"},{"@type":"ListItem","position":3,"name":"Catalogues"}]},{"@type":"WebSite","@id":"https:\/\/arekson.com\/fr\/#website","url":"https:\/\/arekson.com\/fr\/","name":"Arekson Group","description":"Marcas Referentes del Automovil Profesional","publisher":{"@id":"https:\/\/arekson.com\/fr\/#organization"},"potentialAction":[{"@type":"SearchAction","target":{"@type":"EntryPoint","urlTemplate":"https:\/\/arekson.com\/fr\/?s={search_term_string}"},"query-input":{"@type":"PropertyValueSpecification","valueRequired":true,"valueName":"search_term_string"}}],"inLanguage":"fr-FR"},{"@type":"Organization","@id":"https:\/\/arekson.com\/fr\/#organization","name":"Arekson Group","url":"https:\/\/arekson.com\/fr\/","logo":{"@type":"ImageObject","inLanguage":"fr-FR","@id":"https:\/\/arekson.com\/fr\/#\/schema\/logo\/image\/","url":"https:\/\/arekson.com\/wp-content\/uploads\/2022\/06\/Arekson-Group-Logo-Gris.jpg","contentUrl":"https:\/\/arekson.com\/wp-content\/uploads\/2022\/06\/Arekson-Group-Logo-Gris.jpg","width":174,"height":72,"caption":"Arekson Group"},"image":{"@id":"https:\/\/arekson.com\/fr\/#\/schema\/logo\/image\/"}}]}},"_links":{"self":[{"href":"https:\/\/arekson.com\/fr\/wp-json\/wp\/v2\/pages\/4050","targetHints":{"allow":["GET"]}}],"collection":[{"href":"https:\/\/arekson.com\/fr\/wp-json\/wp\/v2\/pages"}],"about":[{"href":"https:\/\/arekson.com\/fr\/wp-json\/wp\/v2\/types\/page"}],"author":[{"embeddable":true,"href":"https:\/\/arekson.com\/fr\/wp-json\/wp\/v2\/users\/1"}],"replies":[{"embeddable":true,"href":"https:\/\/arekson.com\/fr\/wp-json\/wp\/v2\/comments?post=4050"}],"version-history":[{"count":6,"href":"https:\/\/arekson.com\/fr\/wp-json\/wp\/v2\/pages\/4050\/revisions"}],"predecessor-version":[{"id":27612,"href":"https:\/\/arekson.com\/fr\/wp-json\/wp\/v2\/pages\/4050\/revisions\/27612"}],"up":[{"embeddable":true,"href":"https:\/\/arekson.com\/fr\/wp-json\/wp\/v2\/pages\/4041"}],"wp:attachment":[{"href":"https:\/\/arekson.com\/fr\/wp-json\/wp\/v2\/media?parent=4050"}],"curies":[{"name":"wp","href":"https:\/\/api.w.org\/{rel}","templated":true}]}}