{"id":27625,"date":"2023-10-20T12:57:10","date_gmt":"2023-10-20T10:57:10","guid":{"rendered":"https:\/\/arekson.com\/terminos-condiciones-garantia-equipamiento-arekson\/"},"modified":"2025-05-13T15:35:14","modified_gmt":"2025-05-13T13:35:14","slug":"conditions-de-la-garantie-des-equipements-arekson","status":"publish","type":"page","link":"https:\/\/arekson.com\/fr\/conditions-de-la-garantie-des-equipements-arekson\/","title":{"rendered":"Conditions de la Garantie des \u00c9quipements Arekson"},"content":{"rendered":"<p>[et_pb_section fb_built=\u00a0\u00bb1&Prime; _builder_version=\u00a0\u00bb4.16&Prime; _module_preset=\u00a0\u00bbdefault\u00a0\u00bb global_colors_info=\u00a0\u00bb{}\u00a0\u00bb][et_pb_row _builder_version=\u00a0\u00bb4.16&Prime; _module_preset=\u00a0\u00bbdefault\u00a0\u00bb global_colors_info=\u00a0\u00bb{}\u00a0\u00bb][et_pb_column type=\u00a0\u00bb4_4&Prime; _builder_version=\u00a0\u00bb4.16&Prime; _module_preset=\u00a0\u00bbdefault\u00a0\u00bb global_colors_info=\u00a0\u00bb{}\u00a0\u00bb][et_pb_text _builder_version=\u00a0\u00bb4.22.2&Prime; _module_preset=\u00a0\u00bbdefault\u00a0\u00bb global_colors_info=\u00a0\u00bb{}\u00a0\u00bb]<\/p>\n<h1>GARANTIE DES \u00c9QUIPEMENTS AREKSON<\/h1>\n<p>[\/et_pb_text][et_pb_text _builder_version=\u00a0\u00bb4.27.4&Prime; _module_preset=\u00a0\u00bbdefault\u00a0\u00bb hover_enabled=\u00a0\u00bb0&Prime; global_colors_info=\u00a0\u00bb{}\u00a0\u00bb sticky_enabled=\u00a0\u00bb0&Prime;]<\/p>\n<p>Depuis le 1er janvier 2022, la loi sur les garanties (d\u00e9cret royal 7\/2021), approuv\u00e9e le 27 avril 2021, est en vigueur. Cette loi implique de r\u00e9pondre aux \u00e9ventuels d\u00e9fauts d&rsquo;origine ou de fabrication &#8211; d\u00e9faut de conformit\u00e9 &#8211; pendant les 2 ans\u00a0suivant la date de livraison.<\/p>\n<p>Si vous enregistrez votre nouvel \u00e9quipement via notre site web, vous b\u00e9n\u00e9ficiez automatiquement d&rsquo;une extension gratuite du service de main-d&rsquo;\u0153uvre pour la dur\u00e9e de la garantie (24 mois).<\/p>\n<p>En vous enregistrant en ligne, vous d\u00e9clarez que :<\/p>\n<p><strong><b>1- Conditions g\u00e9n\u00e9rales et enregistrement<\/b><\/strong><\/p>\n<p style=\"padding-left: 40px;\">Une fois l&rsquo;enregistrement effectu\u00e9 avec succ\u00e8s, Arekson Group S.L. offrira une extension gratuite de la garantie de main-d&rsquo;\u0153uvre pour le nouvel \u00e9quipement achet\u00e9 tant que vous \u00eates un client final, que vous soyez une personne physique ou une personne morale ayant son si\u00e8ge social en Espagne.<\/p>\n<p style=\"padding-left: 40px;\">Les pr\u00e9sentes conditions sont valables pour les \u00e9quipements vendus par Arekson Group S.L. La r\u00e9paration sera g\u00e9r\u00e9e par le distributeur o\u00f9 l&rsquo;\u00e9quipement a \u00e9t\u00e9 achet\u00e9.<\/p>\n<p style=\"padding-left: 40px;\">Conditions d&rsquo;enregistrement :<\/p>\n<ul>\n<li style=\"list-style-type: none; margin-left: 60px;\">\n<ul>\n<li>Outil achet\u00e9 aupr\u00e8s d&rsquo;un revendeur sp\u00e9cialis\u00e9 agr\u00e9\u00e9 par Arekson Group S.L.<\/li>\n<li>Enregistrement en ligne via le lien suivant :<a href=\"https:\/\/arekson.com\/fr\/garantie\/\" target=\"_blank\" rel=\"noopener\"> https:\/\/arekson.com\/fr\/garantie<\/a> dans les 30 jours suivant l&rsquo;achat.<\/li>\n<li>T\u00e9l\u00e9chargez une photo ou un pdf de la facture comme preuve de la date d&rsquo;achat indiqu\u00e9e.<\/li>\n<\/ul>\n<\/li>\n<\/ul>\n<p style=\"padding-left: 40px;\">Une fois l&rsquo;enregistrement r\u00e9ussi, vous recevrez par e-mail un lien vers votre certificat de garantie. Ce certificat n&rsquo;est valable que pour l&rsquo;outil enregistr\u00e9. <strong>Veuillez ne pas effacer ou perdre ce certificat<\/strong><u>,<\/u>\u00a0car il sera n\u00e9cessaire pour prouver la validit\u00e9 de la garantie.<\/p>\n<p style=\"padding-left: 40px;\">Avec ces conditions de garantie, Arekson Group S.L. vous accorde des droits en plus des droits contractuels et l\u00e9gaux de r\u00e9clamation pour les d\u00e9fauts. Les conditions de garantie ne constituent pas une d\u00e9rogation, une limitation ou toute autre modification des droits contractuels ou l\u00e9gaux de r\u00e9clamation pour d\u00e9faut.<\/p>\n<p style=\"padding-left: 40px;\">L&rsquo;octroi de la garantie ou de services suppl\u00e9mentaires<strong> ne prolonge pas la p\u00e9riode de garantie<\/strong> et n&rsquo;ouvre pas une nouvelle p\u00e9riode de garantie. Il en va de m\u00eame pour l&rsquo;expiration du d\u00e9lai de prescription des droits contractuels ou l\u00e9gaux en mati\u00e8re de d\u00e9fauts.<\/p>\n<p style=\"padding-left: 40px;\">Si vous r\u00e9siliez ou annulez l&rsquo;achat de l&rsquo;outil enregistr\u00e9, que ce soit par r\u00e9siliation du contrat, r\u00e9vocation, objection ou retrait, l&rsquo;outil en question sera exclu de la garantie.<b><\/b><\/p>\n<p><strong><b>2-Conditions de l&rsquo;extension de la garantie de 24 mois de main-d&rsquo;\u0153uvre gratuite<\/b><\/strong><\/p>\n<p style=\"padding-left: 40px;\">La p\u00e9riode de garantie est de 24 mois et commence \u00e0 la date indiqu\u00e9e sur le re\u00e7u d&rsquo;achat original.<\/p>\n<p style=\"padding-left: 40px;\">Pendant la p\u00e9riode de garantie, le Groupe Arekson S.L. assurera la garantie en r\u00e9parant ou en rempla\u00e7ant les pi\u00e8ces d\u00e9fectueuses ou en rempla\u00e7ant l&rsquo;outil gratuitement s&rsquo;il y a un d\u00e9faut de fabrication, \u00e0 la discr\u00e9tion du Groupe Arekson S.L. \u00c0 cet \u00e9gard, il n&rsquo;y aura pas de r\u00e9clamations suppl\u00e9mentaires au titre de la garantie.<\/p>\n<p style=\"padding-left: 40px;\">La garantie s&rsquo;applique si<\/p>\n<ul>\n<li style=\"list-style-type: none; margin-left: 60px;\">\n<ul>\n<li>L&rsquo;\u00e9quipement fourni pr\u00e9sente un d\u00e9faut de fabrication manifeste.<\/li>\n<\/ul>\n<\/li>\n<\/ul>\n<p style=\"padding-left: 40px;\">En particulier, la garantie ne s&rsquo;applique pas<\/p>\n<ul>\n<li style=\"list-style-type: none; margin-left: 60px;\">\n<ul>\n<li>en cas d&rsquo;usure des consommables et des accessoires ;<\/li>\n<li>si les outils et les \u00e9quipements n&rsquo;ont pas \u00e9t\u00e9 raccord\u00e9s, install\u00e9s, mis en service, utilis\u00e9s et entretenus conform\u00e9ment au mode d&#8217;emploi et aux autres documents ;<\/li>\n<li>en cas de mauvaise utilisation, notamment en cas d&rsquo;impact ext\u00e9rieur de quelque nature que ce soit (notamment chutes ou coups, etc.) ;<\/li>\n<li>dans le cas d&rsquo;\u00e9quipements ayant subi des modifications, notamment dans le cas d&rsquo;outils ayant \u00e9t\u00e9 d\u00e9mont\u00e9s ;<\/li>\n<li>en cas d&rsquo;utilisation continue entra\u00eenant une usure importante, notamment en cas d&rsquo;utilisation industrielle continue, ou en cas d&rsquo;utilisation prolong\u00e9e de l&rsquo;outil au-del\u00e0 de son usage normal.<\/li>\n<\/ul>\n<\/li>\n<\/ul>\n<p><strong><b>3- Champ d&rsquo;application et exercice des droits \u00e0 la garantie<\/b><\/strong><\/p>\n<p style=\"padding-left: 40px;\">Les demandes de garantie doivent \u00eatre soumises par \u00e9crit \u00e0 Arekson Group S.L. imm\u00e9diatement apr\u00e8s la d\u00e9tection du d\u00e9faut et pendant la p\u00e9riode de garantie. Pour ce faire, l&rsquo;outil concern\u00e9 doit \u00eatre pr\u00e9sent\u00e9 ou envoy\u00e9 avec le re\u00e7u d&rsquo;achat original ou le certificat de garantie envoy\u00e9 \u00e0 l&rsquo;adresse \u00e9lectronique indiqu\u00e9e lors de l&rsquo;enregistrement du produit aupr\u00e8s du vendeur, qui doit inclure la date d&rsquo;achat et la d\u00e9signation du produit.<\/p>\n<p>[\/et_pb_text][\/et_pb_column][\/et_pb_row][\/et_pb_section]<\/p>\n","protected":false},"excerpt":{"rendered":"<p>GARANTIE DES \u00c9QUIPEMENTS AREKSONDepuis le 1er janvier 2022, la loi sur les garanties (d\u00e9cret royal 7\/2021), approuv\u00e9e le 27 avril 2021, est en vigueur. Cette loi implique de r\u00e9pondre aux \u00e9ventuels d\u00e9fauts d&rsquo;origine ou de fabrication &#8211; d\u00e9faut de conformit\u00e9 &#8211; pendant les 2 ans\u00a0suivant la date de livraison. Si vous enregistrez votre nouvel \u00e9quipement [&hellip;]<\/p>\n","protected":false},"author":2,"featured_media":0,"parent":0,"menu_order":0,"comment_status":"closed","ping_status":"closed","template":"","meta":{"_et_pb_use_builder":"on","_et_pb_old_content":"","_et_gb_content_width":"","footnotes":""},"class_list":["post-27625","page","type-page","status-publish","hentry"],"yoast_head":"<!-- This site is optimized with the Yoast SEO plugin v27.2 - https:\/\/yoast.com\/product\/yoast-seo-wordpress\/ -->\n<title>Conditions de la Garantie des \u00c9quipements Arekson | Arekson Group<\/title>\n<meta name=\"description\" content=\"Arekson Group | Productos para el Repintado de Veh\u00edculos | Productos y soluciones personalizados a sus necesidades\" \/>\n<meta name=\"robots\" content=\"index, follow, max-snippet:-1, max-image-preview:large, max-video-preview:-1\" \/>\n<link rel=\"canonical\" href=\"https:\/\/arekson.com\/fr\/conditions-de-la-garantie-des-equipements-arekson\/\" \/>\n<meta property=\"og:locale\" content=\"fr_FR\" \/>\n<meta property=\"og:type\" content=\"article\" \/>\n<meta property=\"og:title\" content=\"Conditions de la Garantie des \u00c9quipements Arekson | Arekson Group\" \/>\n<meta property=\"og:description\" content=\"Arekson Group | Productos para el Repintado de Veh\u00edculos | Productos y soluciones personalizados a sus necesidades\" \/>\n<meta property=\"og:url\" content=\"https:\/\/arekson.com\/fr\/conditions-de-la-garantie-des-equipements-arekson\/\" \/>\n<meta property=\"og:site_name\" content=\"Arekson Group\" \/>\n<meta property=\"article:modified_time\" content=\"2025-05-13T13:35:14+00:00\" \/>\n<meta property=\"og:image\" content=\"https:\/\/arekson.com\/wp-content\/uploads\/2022\/04\/Logo-Arekson-Group.png\" \/>\n\t<meta property=\"og:image:width\" content=\"244\" \/>\n\t<meta property=\"og:image:height\" content=\"99\" \/>\n\t<meta property=\"og:image:type\" content=\"image\/png\" \/>\n<meta name=\"twitter:card\" content=\"summary_large_image\" \/>\n<meta name=\"twitter:label1\" content=\"Dur\u00e9e de lecture estim\u00e9e\" \/>\n\t<meta name=\"twitter:data1\" content=\"4 minutes\" \/>\n<script type=\"application\/ld+json\" class=\"yoast-schema-graph\">{\"@context\":\"https:\/\/schema.org\",\"@graph\":[{\"@type\":\"WebPage\",\"@id\":\"https:\/\/arekson.com\/fr\/conditions-de-la-garantie-des-equipements-arekson\/\",\"url\":\"https:\/\/arekson.com\/fr\/conditions-de-la-garantie-des-equipements-arekson\/\",\"name\":\"Conditions de la Garantie des \u00c9quipements Arekson | Arekson Group\",\"isPartOf\":{\"@id\":\"https:\/\/arekson.com\/fr\/#website\"},\"datePublished\":\"2023-10-20T10:57:10+00:00\",\"dateModified\":\"2025-05-13T13:35:14+00:00\",\"description\":\"Arekson Group | Productos para el Repintado de Veh\u00edculos | Productos y soluciones personalizados a sus necesidades\",\"breadcrumb\":{\"@id\":\"https:\/\/arekson.com\/fr\/conditions-de-la-garantie-des-equipements-arekson\/#breadcrumb\"},\"inLanguage\":\"fr-FR\",\"potentialAction\":[{\"@type\":\"ReadAction\",\"target\":[\"https:\/\/arekson.com\/fr\/conditions-de-la-garantie-des-equipements-arekson\/\"]}]},{\"@type\":\"BreadcrumbList\",\"@id\":\"https:\/\/arekson.com\/fr\/conditions-de-la-garantie-des-equipements-arekson\/#breadcrumb\",\"itemListElement\":[{\"@type\":\"ListItem\",\"position\":1,\"name\":\"Home\",\"item\":\"https:\/\/arekson.com\/fr\/\"},{\"@type\":\"ListItem\",\"position\":2,\"name\":\"Conditions de la Garantie des \u00c9quipements Arekson\"}]},{\"@type\":\"WebSite\",\"@id\":\"https:\/\/arekson.com\/fr\/#website\",\"url\":\"https:\/\/arekson.com\/fr\/\",\"name\":\"Arekson Group\",\"description\":\"Marcas Referentes del Automovil Profesional\",\"publisher\":{\"@id\":\"https:\/\/arekson.com\/fr\/#organization\"},\"potentialAction\":[{\"@type\":\"SearchAction\",\"target\":{\"@type\":\"EntryPoint\",\"urlTemplate\":\"https:\/\/arekson.com\/fr\/?s={search_term_string}\"},\"query-input\":{\"@type\":\"PropertyValueSpecification\",\"valueRequired\":true,\"valueName\":\"search_term_string\"}}],\"inLanguage\":\"fr-FR\"},{\"@type\":\"Organization\",\"@id\":\"https:\/\/arekson.com\/fr\/#organization\",\"name\":\"Arekson Group\",\"url\":\"https:\/\/arekson.com\/fr\/\",\"logo\":{\"@type\":\"ImageObject\",\"inLanguage\":\"fr-FR\",\"@id\":\"https:\/\/arekson.com\/fr\/#\/schema\/logo\/image\/\",\"url\":\"https:\/\/arekson.com\/wp-content\/uploads\/2022\/06\/Arekson-Group-Logo-Gris.jpg\",\"contentUrl\":\"https:\/\/arekson.com\/wp-content\/uploads\/2022\/06\/Arekson-Group-Logo-Gris.jpg\",\"width\":174,\"height\":72,\"caption\":\"Arekson Group\"},\"image\":{\"@id\":\"https:\/\/arekson.com\/fr\/#\/schema\/logo\/image\/\"}}]}<\/script>\n<!-- \/ Yoast SEO plugin. -->","yoast_head_json":{"title":"Conditions de la Garantie des \u00c9quipements Arekson | Arekson Group","description":"Arekson Group | Productos para el Repintado de Veh\u00edculos | Productos y soluciones personalizados a sus necesidades","robots":{"index":"index","follow":"follow","max-snippet":"max-snippet:-1","max-image-preview":"max-image-preview:large","max-video-preview":"max-video-preview:-1"},"canonical":"https:\/\/arekson.com\/fr\/conditions-de-la-garantie-des-equipements-arekson\/","og_locale":"fr_FR","og_type":"article","og_title":"Conditions de la Garantie des \u00c9quipements Arekson | Arekson Group","og_description":"Arekson Group | Productos para el Repintado de Veh\u00edculos | Productos y soluciones personalizados a sus necesidades","og_url":"https:\/\/arekson.com\/fr\/conditions-de-la-garantie-des-equipements-arekson\/","og_site_name":"Arekson Group","article_modified_time":"2025-05-13T13:35:14+00:00","og_image":[{"width":244,"height":99,"url":"https:\/\/arekson.com\/wp-content\/uploads\/2022\/04\/Logo-Arekson-Group.png","type":"image\/png"}],"twitter_card":"summary_large_image","twitter_misc":{"Dur\u00e9e de lecture estim\u00e9e":"4 minutes"},"schema":{"@context":"https:\/\/schema.org","@graph":[{"@type":"WebPage","@id":"https:\/\/arekson.com\/fr\/conditions-de-la-garantie-des-equipements-arekson\/","url":"https:\/\/arekson.com\/fr\/conditions-de-la-garantie-des-equipements-arekson\/","name":"Conditions de la Garantie des \u00c9quipements Arekson | Arekson Group","isPartOf":{"@id":"https:\/\/arekson.com\/fr\/#website"},"datePublished":"2023-10-20T10:57:10+00:00","dateModified":"2025-05-13T13:35:14+00:00","description":"Arekson Group | Productos para el Repintado de Veh\u00edculos | Productos y soluciones personalizados a sus necesidades","breadcrumb":{"@id":"https:\/\/arekson.com\/fr\/conditions-de-la-garantie-des-equipements-arekson\/#breadcrumb"},"inLanguage":"fr-FR","potentialAction":[{"@type":"ReadAction","target":["https:\/\/arekson.com\/fr\/conditions-de-la-garantie-des-equipements-arekson\/"]}]},{"@type":"BreadcrumbList","@id":"https:\/\/arekson.com\/fr\/conditions-de-la-garantie-des-equipements-arekson\/#breadcrumb","itemListElement":[{"@type":"ListItem","position":1,"name":"Home","item":"https:\/\/arekson.com\/fr\/"},{"@type":"ListItem","position":2,"name":"Conditions de la Garantie des \u00c9quipements Arekson"}]},{"@type":"WebSite","@id":"https:\/\/arekson.com\/fr\/#website","url":"https:\/\/arekson.com\/fr\/","name":"Arekson Group","description":"Marcas Referentes del Automovil Profesional","publisher":{"@id":"https:\/\/arekson.com\/fr\/#organization"},"potentialAction":[{"@type":"SearchAction","target":{"@type":"EntryPoint","urlTemplate":"https:\/\/arekson.com\/fr\/?s={search_term_string}"},"query-input":{"@type":"PropertyValueSpecification","valueRequired":true,"valueName":"search_term_string"}}],"inLanguage":"fr-FR"},{"@type":"Organization","@id":"https:\/\/arekson.com\/fr\/#organization","name":"Arekson Group","url":"https:\/\/arekson.com\/fr\/","logo":{"@type":"ImageObject","inLanguage":"fr-FR","@id":"https:\/\/arekson.com\/fr\/#\/schema\/logo\/image\/","url":"https:\/\/arekson.com\/wp-content\/uploads\/2022\/06\/Arekson-Group-Logo-Gris.jpg","contentUrl":"https:\/\/arekson.com\/wp-content\/uploads\/2022\/06\/Arekson-Group-Logo-Gris.jpg","width":174,"height":72,"caption":"Arekson Group"},"image":{"@id":"https:\/\/arekson.com\/fr\/#\/schema\/logo\/image\/"}}]}},"_links":{"self":[{"href":"https:\/\/arekson.com\/fr\/wp-json\/wp\/v2\/pages\/27625","targetHints":{"allow":["GET"]}}],"collection":[{"href":"https:\/\/arekson.com\/fr\/wp-json\/wp\/v2\/pages"}],"about":[{"href":"https:\/\/arekson.com\/fr\/wp-json\/wp\/v2\/types\/page"}],"author":[{"embeddable":true,"href":"https:\/\/arekson.com\/fr\/wp-json\/wp\/v2\/users\/2"}],"replies":[{"embeddable":true,"href":"https:\/\/arekson.com\/fr\/wp-json\/wp\/v2\/comments?post=27625"}],"version-history":[{"count":7,"href":"https:\/\/arekson.com\/fr\/wp-json\/wp\/v2\/pages\/27625\/revisions"}],"predecessor-version":[{"id":30476,"href":"https:\/\/arekson.com\/fr\/wp-json\/wp\/v2\/pages\/27625\/revisions\/30476"}],"wp:attachment":[{"href":"https:\/\/arekson.com\/fr\/wp-json\/wp\/v2\/media?parent=27625"}],"curies":[{"name":"wp","href":"https:\/\/api.w.org\/{rel}","templated":true}]}}