{"id":28843,"date":"2024-08-28T12:44:39","date_gmt":"2024-08-28T10:44:39","guid":{"rendered":"https:\/\/arekson.com\/?post_type=product&#038;p=28843"},"modified":"2024-08-28T13:31:15","modified_gmt":"2024-08-28T11:31:15","slug":"electro-cutter-electric-ergonomic-cutter-2","status":"publish","type":"product","link":"https:\/\/arekson.com\/en\/producto\/electro-cutter-electric-ergonomic-cutter-2\/","title":{"rendered":"<strong><span class=\"nom-corto\">ELECTRO CUTTER <\/span><\/strong><br><span class=\"nom-largo\">Electric ergonomic cutter<\/span>"},"content":{"rendered":"","protected":false},"excerpt":{"rendered":"<p>Electric cutter with ergonomic design ensuring comfortable grip and optimal portability. High-precision blade providing clean and defined results on light materials and paper. Powered by two AA batteries (not included).<\/p>\n","protected":false},"featured_media":28838,"template":"","meta":{"_et_pb_use_builder":"","_et_pb_old_content":"","_et_gb_content_width":""},"product_brand":[],"product_cat":[960,979,364,987],"product_tag":[],"class_list":{"0":"post-28843","1":"product","2":"type-product","3":"status-publish","4":"has-post-thumbnail","6":"product_cat-auxiliary-csp","7":"product_cat-covering-and-masking-csp","8":"product_cat-csp-en","9":"product_cat-exterior-masking-csp","10":"pa_csp-en-ref-951384-box-1-unit","12":"first","13":"instock","14":"shipping-taxable","15":"purchasable","16":"product-type-variable"},"yoast_head":"<!-- This site is optimized with the Yoast SEO plugin v27.2 - https:\/\/yoast.com\/product\/yoast-seo-wordpress\/ -->\n<title>ELECTRO CUTTER Electric ergonomic cutter | Arekson Group<\/title>\n<meta name=\"description\" content=\"Arekson Group | Productos para el Repintado de Veh\u00edculos | Productos y soluciones personalizados a sus necesidades\" \/>\n<meta name=\"robots\" content=\"index, follow, max-snippet:-1, max-image-preview:large, max-video-preview:-1\" \/>\n<link rel=\"canonical\" href=\"https:\/\/arekson.com\/en\/producto\/electro-cutter-electric-ergonomic-cutter-2\/\" \/>\n<meta property=\"og:locale\" content=\"en_US\" \/>\n<meta property=\"og:type\" content=\"article\" \/>\n<meta property=\"og:title\" content=\"ELECTRO CUTTER Electric ergonomic cutter | Arekson Group\" \/>\n<meta property=\"og:description\" content=\"Arekson Group | Productos para el Repintado de Veh\u00edculos | Productos y soluciones personalizados a sus necesidades\" \/>\n<meta property=\"og:url\" content=\"https:\/\/arekson.com\/en\/producto\/electro-cutter-electric-ergonomic-cutter-2\/\" \/>\n<meta property=\"og:site_name\" content=\"Arekson Group\" \/>\n<meta property=\"article:modified_time\" content=\"2024-08-28T11:31:15+00:00\" \/>\n<meta property=\"og:image\" content=\"https:\/\/arekson.com\/wp-content\/uploads\/2024\/08\/2.png\" \/>\n\t<meta property=\"og:image:width\" content=\"720\" \/>\n\t<meta property=\"og:image:height\" content=\"594\" \/>\n\t<meta property=\"og:image:type\" content=\"image\/png\" \/>\n<meta name=\"twitter:card\" content=\"summary_large_image\" \/>\n<script type=\"application\/ld+json\" class=\"yoast-schema-graph\">{\"@context\":\"https:\/\/schema.org\",\"@graph\":[{\"@type\":\"WebPage\",\"@id\":\"https:\/\/arekson.com\/en\/producto\/electro-cutter-electric-ergonomic-cutter-2\/\",\"url\":\"https:\/\/arekson.com\/en\/producto\/electro-cutter-electric-ergonomic-cutter-2\/\",\"name\":\"ELECTRO CUTTER Electric ergonomic cutter | Arekson Group\",\"isPartOf\":{\"@id\":\"https:\/\/arekson.com\/en\/#website\"},\"primaryImageOfPage\":{\"@id\":\"https:\/\/arekson.com\/en\/producto\/electro-cutter-electric-ergonomic-cutter-2\/#primaryimage\"},\"image\":{\"@id\":\"https:\/\/arekson.com\/en\/producto\/electro-cutter-electric-ergonomic-cutter-2\/#primaryimage\"},\"thumbnailUrl\":\"https:\/\/arekson.com\/wp-content\/uploads\/2024\/08\/2.png\",\"datePublished\":\"2024-08-28T10:44:39+00:00\",\"dateModified\":\"2024-08-28T11:31:15+00:00\",\"description\":\"Arekson Group | Productos para el Repintado de Veh\u00edculos | Productos y soluciones personalizados a sus necesidades\",\"breadcrumb\":{\"@id\":\"https:\/\/arekson.com\/en\/producto\/electro-cutter-electric-ergonomic-cutter-2\/#breadcrumb\"},\"inLanguage\":\"en-US\",\"potentialAction\":[{\"@type\":\"ReadAction\",\"target\":[\"https:\/\/arekson.com\/en\/producto\/electro-cutter-electric-ergonomic-cutter-2\/\"]}]},{\"@type\":\"ImageObject\",\"inLanguage\":\"en-US\",\"@id\":\"https:\/\/arekson.com\/en\/producto\/electro-cutter-electric-ergonomic-cutter-2\/#primaryimage\",\"url\":\"https:\/\/arekson.com\/wp-content\/uploads\/2024\/08\/2.png\",\"contentUrl\":\"https:\/\/arekson.com\/wp-content\/uploads\/2024\/08\/2.png\",\"width\":720,\"height\":594,\"caption\":\"C\u00fater el\u00e9ctrico ergon\u00f3mico\"},{\"@type\":\"BreadcrumbList\",\"@id\":\"https:\/\/arekson.com\/en\/producto\/electro-cutter-electric-ergonomic-cutter-2\/#breadcrumb\",\"itemListElement\":[{\"@type\":\"ListItem\",\"position\":1,\"name\":\"Home\",\"item\":\"https:\/\/arekson.com\/en\/\"},{\"@type\":\"ListItem\",\"position\":2,\"name\":\"Products\",\"item\":\"https:\/\/arekson.com\/en\/shop\/\"},{\"@type\":\"ListItem\",\"position\":3,\"name\":\"ELECTRO CUTTER Electric ergonomic cutter\"}]},{\"@type\":\"WebSite\",\"@id\":\"https:\/\/arekson.com\/en\/#website\",\"url\":\"https:\/\/arekson.com\/en\/\",\"name\":\"Arekson Group\",\"description\":\"Marcas Referentes del Automovil Profesional\",\"publisher\":{\"@id\":\"https:\/\/arekson.com\/en\/#organization\"},\"potentialAction\":[{\"@type\":\"SearchAction\",\"target\":{\"@type\":\"EntryPoint\",\"urlTemplate\":\"https:\/\/arekson.com\/en\/?s={search_term_string}\"},\"query-input\":{\"@type\":\"PropertyValueSpecification\",\"valueRequired\":true,\"valueName\":\"search_term_string\"}}],\"inLanguage\":\"en-US\"},{\"@type\":\"Organization\",\"@id\":\"https:\/\/arekson.com\/en\/#organization\",\"name\":\"Arekson Group\",\"url\":\"https:\/\/arekson.com\/en\/\",\"logo\":{\"@type\":\"ImageObject\",\"inLanguage\":\"en-US\",\"@id\":\"https:\/\/arekson.com\/en\/#\/schema\/logo\/image\/\",\"url\":\"https:\/\/arekson.com\/wp-content\/uploads\/2022\/06\/Arekson-Group-Logo-Gris.jpg\",\"contentUrl\":\"https:\/\/arekson.com\/wp-content\/uploads\/2022\/06\/Arekson-Group-Logo-Gris.jpg\",\"width\":174,\"height\":72,\"caption\":\"Arekson Group\"},\"image\":{\"@id\":\"https:\/\/arekson.com\/en\/#\/schema\/logo\/image\/\"}}]}<\/script>\n<!-- \/ Yoast SEO plugin. -->","yoast_head_json":{"title":"ELECTRO CUTTER Electric ergonomic cutter | Arekson Group","description":"Arekson Group | Productos para el Repintado de Veh\u00edculos | Productos y soluciones personalizados a sus necesidades","robots":{"index":"index","follow":"follow","max-snippet":"max-snippet:-1","max-image-preview":"max-image-preview:large","max-video-preview":"max-video-preview:-1"},"canonical":"https:\/\/arekson.com\/en\/producto\/electro-cutter-electric-ergonomic-cutter-2\/","og_locale":"en_US","og_type":"article","og_title":"ELECTRO CUTTER Electric ergonomic cutter | Arekson Group","og_description":"Arekson Group | Productos para el Repintado de Veh\u00edculos | Productos y soluciones personalizados a sus necesidades","og_url":"https:\/\/arekson.com\/en\/producto\/electro-cutter-electric-ergonomic-cutter-2\/","og_site_name":"Arekson Group","article_modified_time":"2024-08-28T11:31:15+00:00","og_image":[{"width":720,"height":594,"url":"https:\/\/arekson.com\/wp-content\/uploads\/2024\/08\/2.png","type":"image\/png"}],"twitter_card":"summary_large_image","schema":{"@context":"https:\/\/schema.org","@graph":[{"@type":"WebPage","@id":"https:\/\/arekson.com\/en\/producto\/electro-cutter-electric-ergonomic-cutter-2\/","url":"https:\/\/arekson.com\/en\/producto\/electro-cutter-electric-ergonomic-cutter-2\/","name":"ELECTRO CUTTER Electric ergonomic cutter | Arekson Group","isPartOf":{"@id":"https:\/\/arekson.com\/en\/#website"},"primaryImageOfPage":{"@id":"https:\/\/arekson.com\/en\/producto\/electro-cutter-electric-ergonomic-cutter-2\/#primaryimage"},"image":{"@id":"https:\/\/arekson.com\/en\/producto\/electro-cutter-electric-ergonomic-cutter-2\/#primaryimage"},"thumbnailUrl":"https:\/\/arekson.com\/wp-content\/uploads\/2024\/08\/2.png","datePublished":"2024-08-28T10:44:39+00:00","dateModified":"2024-08-28T11:31:15+00:00","description":"Arekson Group | Productos para el Repintado de Veh\u00edculos | Productos y soluciones personalizados a sus necesidades","breadcrumb":{"@id":"https:\/\/arekson.com\/en\/producto\/electro-cutter-electric-ergonomic-cutter-2\/#breadcrumb"},"inLanguage":"en-US","potentialAction":[{"@type":"ReadAction","target":["https:\/\/arekson.com\/en\/producto\/electro-cutter-electric-ergonomic-cutter-2\/"]}]},{"@type":"ImageObject","inLanguage":"en-US","@id":"https:\/\/arekson.com\/en\/producto\/electro-cutter-electric-ergonomic-cutter-2\/#primaryimage","url":"https:\/\/arekson.com\/wp-content\/uploads\/2024\/08\/2.png","contentUrl":"https:\/\/arekson.com\/wp-content\/uploads\/2024\/08\/2.png","width":720,"height":594,"caption":"C\u00fater el\u00e9ctrico ergon\u00f3mico"},{"@type":"BreadcrumbList","@id":"https:\/\/arekson.com\/en\/producto\/electro-cutter-electric-ergonomic-cutter-2\/#breadcrumb","itemListElement":[{"@type":"ListItem","position":1,"name":"Home","item":"https:\/\/arekson.com\/en\/"},{"@type":"ListItem","position":2,"name":"Products","item":"https:\/\/arekson.com\/en\/shop\/"},{"@type":"ListItem","position":3,"name":"ELECTRO CUTTER Electric ergonomic cutter"}]},{"@type":"WebSite","@id":"https:\/\/arekson.com\/en\/#website","url":"https:\/\/arekson.com\/en\/","name":"Arekson Group","description":"Marcas Referentes del Automovil Profesional","publisher":{"@id":"https:\/\/arekson.com\/en\/#organization"},"potentialAction":[{"@type":"SearchAction","target":{"@type":"EntryPoint","urlTemplate":"https:\/\/arekson.com\/en\/?s={search_term_string}"},"query-input":{"@type":"PropertyValueSpecification","valueRequired":true,"valueName":"search_term_string"}}],"inLanguage":"en-US"},{"@type":"Organization","@id":"https:\/\/arekson.com\/en\/#organization","name":"Arekson Group","url":"https:\/\/arekson.com\/en\/","logo":{"@type":"ImageObject","inLanguage":"en-US","@id":"https:\/\/arekson.com\/en\/#\/schema\/logo\/image\/","url":"https:\/\/arekson.com\/wp-content\/uploads\/2022\/06\/Arekson-Group-Logo-Gris.jpg","contentUrl":"https:\/\/arekson.com\/wp-content\/uploads\/2022\/06\/Arekson-Group-Logo-Gris.jpg","width":174,"height":72,"caption":"Arekson Group"},"image":{"@id":"https:\/\/arekson.com\/en\/#\/schema\/logo\/image\/"}}]}},"_links":{"self":[{"href":"https:\/\/arekson.com\/en\/wp-json\/wp\/v2\/product\/28843","targetHints":{"allow":["GET"]}}],"collection":[{"href":"https:\/\/arekson.com\/en\/wp-json\/wp\/v2\/product"}],"about":[{"href":"https:\/\/arekson.com\/en\/wp-json\/wp\/v2\/types\/product"}],"wp:featuredmedia":[{"embeddable":true,"href":"https:\/\/arekson.com\/en\/wp-json\/wp\/v2\/media\/28838"}],"wp:attachment":[{"href":"https:\/\/arekson.com\/en\/wp-json\/wp\/v2\/media?parent=28843"}],"wp:term":[{"taxonomy":"product_brand","embeddable":true,"href":"https:\/\/arekson.com\/en\/wp-json\/wp\/v2\/product_brand?post=28843"},{"taxonomy":"product_cat","embeddable":true,"href":"https:\/\/arekson.com\/en\/wp-json\/wp\/v2\/product_cat?post=28843"},{"taxonomy":"product_tag","embeddable":true,"href":"https:\/\/arekson.com\/en\/wp-json\/wp\/v2\/product_tag?post=28843"}],"curies":[{"name":"wp","href":"https:\/\/api.w.org\/{rel}","templated":true}]}}